{"id":78848,"date":"2022-08-18T10:00:44","date_gmt":"2022-08-18T09:00:44","guid":{"rendered":"https:\/\/cigarquality.com\/boutique\/non%20class\u00e9\/flor-de-rafael-gonzalez-perlas-25\/"},"modified":"2026-04-10T14:38:04","modified_gmt":"2026-04-10T12:38:04","slug":"flor-de-rafael-gonzalez-perlas-25","status":"publish","type":"product","link":"https:\/\/cigarquality.com\/zh\/boutique\/cigares-cubains\/rafael-gonzalez\/flor-de-rafael-gonzalez-perlas-25\/","title":{"rendered":"Flor De Rafael Gonz\u00e1lez Perlas (25)"},"content":{"rendered":"<p><span data-sheets-value=\"{&quot;1&quot;:2,&quot;2&quot;:&quot;Le Perlas de Rafael Gonzalez se positionne dans la cat\u00e9gorie des cigares &quot;toutes circonstances&quot;. Son gabarit de 102 mm de longueur par 15.87 de diam\u00e8tre lui permet d'\u00eatre appr\u00e9ci\u00e9 lors d'une pause d'une trentaine de minutes. nnL'aromatique souple et d\u00e9licate du Perlas saura convenir au plus grand nombre, de l'amateur d\u00e9butant au plus exp\u00e9riment\u00e9. Un cigare dans la grande tradition Cubaine, 100% Havane (puro) et &quot;totalmente a mano&quot;. nnL'histoire de la marque Rafael Gonzalez reste en grande partie une \u00e9nigme. On trouve trace de cette derni\u00e8re lors de son rachat par El Rey del Mundo en 1936 puis elle disparait au d\u00e9but des ann\u00e9es 40 pour r\u00e9apparaitre en 1965. L'existance m\u00eame d'un Rafael Gonzalez \u00e0 l'origine de la marque n'a jamais pu \u00eatre prouv\u00e9. &quot;}\" data-sheets-userformat=\"{&quot;2&quot;:15357,&quot;3&quot;:{&quot;1&quot;:0},&quot;5&quot;:{&quot;1&quot;:[{&quot;1&quot;:2,&quot;2&quot;:0,&quot;5&quot;:{&quot;1&quot;:2,&quot;2&quot;:0}},{&quot;1&quot;:0,&quot;2&quot;:0,&quot;3&quot;:3},{&quot;1&quot;:1,&quot;2&quot;:0,&quot;4&quot;:1}]},&quot;6&quot;:{&quot;1&quot;:[{&quot;1&quot;:2,&quot;2&quot;:0,&quot;5&quot;:{&quot;1&quot;:2,&quot;2&quot;:0}},{&quot;1&quot;:0,&quot;2&quot;:0,&quot;3&quot;:3},{&quot;1&quot;:1,&quot;2&quot;:0,&quot;4&quot;:1}]},&quot;7&quot;:{&quot;1&quot;:[{&quot;1&quot;:2,&quot;2&quot;:0,&quot;5&quot;:{&quot;1&quot;:2,&quot;2&quot;:0}},{&quot;1&quot;:0,&quot;2&quot;:0,&quot;3&quot;:3},{&quot;1&quot;:1,&quot;2&quot;:0,&quot;4&quot;:1}]},&quot;8&quot;:{&quot;1&quot;:[{&quot;1&quot;:2,&quot;2&quot;:0,&quot;5&quot;:{&quot;1&quot;:2,&quot;2&quot;:0}},{&quot;1&quot;:0,&quot;2&quot;:0,&quot;3&quot;:3},{&quot;1&quot;:1,&quot;2&quot;:0,&quot;4&quot;:1}]},&quot;9&quot;:0,&quot;10&quot;:1,&quot;11&quot;:4,&quot;12&quot;:0,&quot;14&quot;:{&quot;1&quot;:2,&quot;2&quot;:0},&quot;15&quot;:&quot;Calibri&quot;,&quot;16&quot;:10}\">Le <strong>Perlas de Rafael Gonzalez<\/strong> se positionne dans la cat\u00e9gorie des cigares \u00ab\u00a0toutes circonstances\u00a0\u00bb. Son gabarit de 102 mm de longueur par 15.87 de diam\u00e8tre lui permet d&rsquo;\u00eatre appr\u00e9ci\u00e9 lors d&rsquo;une pause d&rsquo;une trentaine de minutes. <\/span><\/p>\n<p>L&rsquo;aromatique souple et d\u00e9licate du Perlas saura convenir au plus grand nombre, de l&rsquo;amateur d\u00e9butant au plus exp\u00e9riment\u00e9. Un cigare dans la grande tradition Cubaine, 100% Havane (puro) et \u00ab\u00a0totalmente a mano\u00a0\u00bb.<\/p>\n<p>L&rsquo;histoire de la marque Rafael Gonzalez reste en grande partie une \u00e9nigme. On trouve trace de cette derni\u00e8re lors de son rachat par El Rey del Mundo en 1936 puis elle disparait au d\u00e9but des ann\u00e9es 40 pour r\u00e9apparaitre en 1965. L&rsquo;existance m\u00eame d&rsquo;un Rafael Gonzalez \u00e0 l&rsquo;origine de la marque n&rsquo;a jamais pu \u00eatre prouv\u00e9.<\/p>\n","protected":false},"excerpt":{"rendered":"<p>\u6bcf\u76d2 25 \u652f\u3002<\/p>","protected":false},"featured_media":78847,"template":"","meta":{"_acf_changed":false},"product_brand":[],"product_cat":[19809,19845,33495],"product_tag":[],"class_list":{"0":"post-78848","1":"product","2":"type-product","3":"status-publish","4":"has-post-thumbnail","6":"product_cat-cigares","7":"product_cat-cigares-cubains","8":"product_cat-rafael-gonzalez","9":"product_shipping_class-cigares","11":"first","12":"instock","13":"taxable","14":"shipping-taxable","15":"purchasable","16":"product-type-simple"},"acf":[],"_links":{"self":[{"href":"https:\/\/cigarquality.com\/zh\/wp-json\/wp\/v2\/product\/78848","targetHints":{"allow":["GET"]}}],"collection":[{"href":"https:\/\/cigarquality.com\/zh\/wp-json\/wp\/v2\/product"}],"about":[{"href":"https:\/\/cigarquality.com\/zh\/wp-json\/wp\/v2\/types\/product"}],"wp:featuredmedia":[{"embeddable":true,"href":"https:\/\/cigarquality.com\/zh\/wp-json\/wp\/v2\/media\/78847"}],"wp:attachment":[{"href":"https:\/\/cigarquality.com\/zh\/wp-json\/wp\/v2\/media?parent=78848"}],"wp:term":[{"taxonomy":"product_brand","embeddable":true,"href":"https:\/\/cigarquality.com\/zh\/wp-json\/wp\/v2\/product_brand?post=78848"},{"taxonomy":"product_cat","embeddable":true,"href":"https:\/\/cigarquality.com\/zh\/wp-json\/wp\/v2\/product_cat?post=78848"},{"taxonomy":"product_tag","embeddable":true,"href":"https:\/\/cigarquality.com\/zh\/wp-json\/wp\/v2\/product_tag?post=78848"}],"curies":[{"name":"wp","href":"https:\/\/api.w.org\/{rel}","templated":true}]}}