{"id":77927,"date":"2022-08-05T15:44:53","date_gmt":"2022-08-05T14:44:53","guid":{"rendered":"https:\/\/cigarquality.com\/boutique\/non%20class\u00e9\/joya-de-nicaragua-antano-robusto-grande-20\/"},"modified":"2025-11-06T13:02:11","modified_gmt":"2025-11-06T12:02:11","slug":"joya-de-nicaragua-antano-robusto-grande-20","status":"publish","type":"product","link":"https:\/\/cigarquality.com\/zh\/boutique\/cigares-nicaraguayens\/joya-de-nicaragua\/joya-de-nicaragua-antano\/joya-de-nicaragua-antano-robusto-grande-20\/","title":{"rendered":"Joya de Nicaragua Anta\u00f1o 1970 Robusto Grande (20)"},"content":{"rendered":"<p><span data-sheets-value=\"{&quot;1&quot;:2,&quot;2&quot;:&quot;Ce cigare roul\u00e9 \u00e0 la main provient de la marque de cigares la plus vendue au Nicaragua, Joya de Nicaragua. L'Antano (qui signifie autrefois, en espagnol) doit particuli\u00e8rement rappeler que ce merveilleux cigare \u00e9tait d\u00e9j\u00e0 l'un des plus populaires sur le march\u00e9 am\u00e9ricain dans les ann\u00e9es 60.nnCe longfiller est compos\u00e9 de tabacs du Nicaragua et se pr\u00e9sente avec une fum\u00e9e \u00e9pic\u00e9e et une finition terreuse, tout en conservant un caract\u00e8re \u00e9quilibr\u00e9. De plus, ce merveilleux cigare a un bon comportement au tirage.nnLe Joya Nicaragua Antano au format Robusto Grande est un excellent cigare pour tous les amateurs de smoke cors\u00e9. De plus, ce cigare convainc par son excellent rapport qualit\u00e9-prix.nnCe Robusto Grande mesure 139,7 mm de longueur pour 20,6 mm de diam\u00e8tre (bague 52). Il vous faudra environ 40 \u00e0 70 minutes pour d\u00e9guster ce cigare.&quot;}\" data-sheets-userformat=\"{&quot;2&quot;:4477,&quot;3&quot;:{&quot;1&quot;:0},&quot;5&quot;:{&quot;1&quot;:[{&quot;1&quot;:2,&quot;2&quot;:0,&quot;5&quot;:{&quot;1&quot;:2,&quot;2&quot;:0}},{&quot;1&quot;:0,&quot;2&quot;:0,&quot;3&quot;:3},{&quot;1&quot;:1,&quot;2&quot;:0,&quot;4&quot;:1}]},&quot;6&quot;:{&quot;1&quot;:[{&quot;1&quot;:2,&quot;2&quot;:0,&quot;5&quot;:{&quot;1&quot;:2,&quot;2&quot;:0}},{&quot;1&quot;:0,&quot;2&quot;:0,&quot;3&quot;:3},{&quot;1&quot;:1,&quot;2&quot;:0,&quot;4&quot;:1}]},&quot;7&quot;:{&quot;1&quot;:[{&quot;1&quot;:2,&quot;2&quot;:0,&quot;5&quot;:{&quot;1&quot;:2,&quot;2&quot;:0}},{&quot;1&quot;:0,&quot;2&quot;:0,&quot;3&quot;:3},{&quot;1&quot;:1,&quot;2&quot;:0,&quot;4&quot;:1}]},&quot;8&quot;:{&quot;1&quot;:[{&quot;1&quot;:2,&quot;2&quot;:0,&quot;5&quot;:{&quot;1&quot;:2,&quot;2&quot;:0}},{&quot;1&quot;:0,&quot;2&quot;:0,&quot;3&quot;:3},{&quot;1&quot;:1,&quot;2&quot;:0,&quot;4&quot;:1}]},&quot;9&quot;:1,&quot;11&quot;:4,&quot;15&quot;:&quot;Calibri&quot;}\">Le <strong>Joya Nicaragua Anta\u00f1o 1970 Robusto Grande<\/strong> est un excellent cigare pour tous les amateurs de smoke cors\u00e9. De plus, ce cigare convainc par son excellent rapport qualit\u00e9-prix.<\/span><\/p>\n<p><span data-sheets-value=\"{&quot;1&quot;:2,&quot;2&quot;:&quot;Ce cigare roul\u00e9 \u00e0 la main provient de la marque de cigares la plus vendue au Nicaragua, Joya de Nicaragua. L'Antano (qui signifie autrefois, en espagnol) doit particuli\u00e8rement rappeler que ce merveilleux cigare \u00e9tait d\u00e9j\u00e0 l'un des plus populaires sur le march\u00e9 am\u00e9ricain dans les ann\u00e9es 60.nnCe longfiller est compos\u00e9 de tabacs du Nicaragua et se pr\u00e9sente avec une fum\u00e9e \u00e9pic\u00e9e et une finition terreuse, tout en conservant un caract\u00e8re \u00e9quilibr\u00e9. De plus, ce merveilleux cigare a un bon comportement au tirage.nnLe Joya Nicaragua Antano au format Robusto Grande est un excellent cigare pour tous les amateurs de smoke cors\u00e9. De plus, ce cigare convainc par son excellent rapport qualit\u00e9-prix.nnCe Robusto Grande mesure 139,7 mm de longueur pour 20,6 mm de diam\u00e8tre (bague 52). Il vous faudra environ 40 \u00e0 70 minutes pour d\u00e9guster ce cigare.&quot;}\" data-sheets-userformat=\"{&quot;2&quot;:4477,&quot;3&quot;:{&quot;1&quot;:0},&quot;5&quot;:{&quot;1&quot;:[{&quot;1&quot;:2,&quot;2&quot;:0,&quot;5&quot;:{&quot;1&quot;:2,&quot;2&quot;:0}},{&quot;1&quot;:0,&quot;2&quot;:0,&quot;3&quot;:3},{&quot;1&quot;:1,&quot;2&quot;:0,&quot;4&quot;:1}]},&quot;6&quot;:{&quot;1&quot;:[{&quot;1&quot;:2,&quot;2&quot;:0,&quot;5&quot;:{&quot;1&quot;:2,&quot;2&quot;:0}},{&quot;1&quot;:0,&quot;2&quot;:0,&quot;3&quot;:3},{&quot;1&quot;:1,&quot;2&quot;:0,&quot;4&quot;:1}]},&quot;7&quot;:{&quot;1&quot;:[{&quot;1&quot;:2,&quot;2&quot;:0,&quot;5&quot;:{&quot;1&quot;:2,&quot;2&quot;:0}},{&quot;1&quot;:0,&quot;2&quot;:0,&quot;3&quot;:3},{&quot;1&quot;:1,&quot;2&quot;:0,&quot;4&quot;:1}]},&quot;8&quot;:{&quot;1&quot;:[{&quot;1&quot;:2,&quot;2&quot;:0,&quot;5&quot;:{&quot;1&quot;:2,&quot;2&quot;:0}},{&quot;1&quot;:0,&quot;2&quot;:0,&quot;3&quot;:3},{&quot;1&quot;:1,&quot;2&quot;:0,&quot;4&quot;:1}]},&quot;9&quot;:1,&quot;11&quot;:4,&quot;15&quot;:&quot;Calibri&quot;}\">Ce cigare roul\u00e9 \u00e0 la main provient de la marque de cigares la plus vendue au Nicaragua, Joya de Nicaragua. L&rsquo;Antano (qui signifie autrefois, en espagnol) doit particuli\u00e8rement rappeler que ce merveilleux cigare \u00e9tait d\u00e9j\u00e0 l&rsquo;un des plus populaires sur le march\u00e9 am\u00e9ricain dans les ann\u00e9es 60.<\/span><\/p>\n<p>Ce longfiller est compos\u00e9 de tabacs du Nicaragua et se pr\u00e9sente avec une fum\u00e9e \u00e9pic\u00e9e et une finition terreuse, tout en conservant un caract\u00e8re \u00e9quilibr\u00e9. De plus, ce merveilleux cigare a un bon comportement au tirage.<\/p>\n<p>Ce Robusto Grande mesure 139,7 mm de longueur pour 20,6 mm de diam\u00e8tre (bague 52). Il vous faudra environ 40 \u00e0 70 minutes pour d\u00e9guster ce cigare.<\/p>\n","protected":false},"excerpt":{"rendered":"<p>\u6bcf\u76d2 20 \u652f\u3002<\/p>","protected":false},"featured_media":77924,"template":"","meta":{"_acf_changed":false},"product_brand":[],"product_cat":[19809,24833,39934,39935],"product_tag":[],"class_list":{"0":"post-77927","1":"product","2":"type-product","3":"status-publish","4":"has-post-thumbnail","6":"product_cat-cigares","7":"product_cat-cigares-nicaraguayens","8":"product_cat-joya-de-nicaragua","9":"product_cat-joya-de-nicaragua-antano","10":"product_shipping_class-cigares","12":"first","13":"instock","14":"sale","15":"taxable","16":"shipping-taxable","17":"purchasable","18":"product-type-simple"},"acf":[],"_links":{"self":[{"href":"https:\/\/cigarquality.com\/zh\/wp-json\/wp\/v2\/product\/77927","targetHints":{"allow":["GET"]}}],"collection":[{"href":"https:\/\/cigarquality.com\/zh\/wp-json\/wp\/v2\/product"}],"about":[{"href":"https:\/\/cigarquality.com\/zh\/wp-json\/wp\/v2\/types\/product"}],"wp:featuredmedia":[{"embeddable":true,"href":"https:\/\/cigarquality.com\/zh\/wp-json\/wp\/v2\/media\/77924"}],"wp:attachment":[{"href":"https:\/\/cigarquality.com\/zh\/wp-json\/wp\/v2\/media?parent=77927"}],"wp:term":[{"taxonomy":"product_brand","embeddable":true,"href":"https:\/\/cigarquality.com\/zh\/wp-json\/wp\/v2\/product_brand?post=77927"},{"taxonomy":"product_cat","embeddable":true,"href":"https:\/\/cigarquality.com\/zh\/wp-json\/wp\/v2\/product_cat?post=77927"},{"taxonomy":"product_tag","embeddable":true,"href":"https:\/\/cigarquality.com\/zh\/wp-json\/wp\/v2\/product_tag?post=77927"}],"curies":[{"name":"wp","href":"https:\/\/api.w.org\/{rel}","templated":true}]}}