{"id":77897,"date":"2022-08-05T14:33:16","date_gmt":"2022-08-05T13:33:16","guid":{"rendered":"https:\/\/cigarquality.com\/?post_type=product&#038;p=77897"},"modified":"2025-10-29T16:08:05","modified_gmt":"2025-10-29T15:08:05","slug":"h-upmann-epicures-25","status":"publish","type":"product","link":"https:\/\/cigarquality.com\/zh\/boutique\/cigares-cubains\/h-upmann\/hupmann-linea-clasica\/h-upmann-epicures-25\/","title":{"rendered":"H.Upmann Epicures (25)"},"content":{"rendered":"<p><span data-sheets-value=\"{&quot;1&quot;:2,&quot;2&quot;:&quot;Le H.Upmann Epicures est un abordable, audacieux et complexe Short Panetela livr\u00e9 dans une bo\u00eete de 25 cigares. Il s'agit d'une fum\u00e9e assez courte qui a l'ADN m\u00eame de H.Upmann, une saveur de tabac propre et forte. Ce n'est plus l'Epicures qui \u00e9tait fabriqu\u00e9 \u00e0 la machine jusqu'en 2002, il est roul\u00e9 \u00e0 la main dans un beau cigare. La taille est optimale pour un cigare puissant qui d\u00e9veloppe un go\u00fbt viril, bois de tabac, cuir. Mais il y a aussi de la cr\u00e8me, des notes sucr\u00e9es de vanille, de miel, et quelques notes herbac\u00e9es. Id\u00e9al pour une courte fum\u00e9e d'hiver, il n'est pas tr\u00e8s complexe, mais vous apporte le parfait coup de fouet cubain que vous recherchez.nnCe cigare au module Demi Tasse mesure 110 mm de longueur par 13,89 mm de diam\u00e8tre (bague 35). Il necessitera 15 \u00e0 30 minutes pour \u00eatre d\u00e9gust\u00e9 convenablement.&quot;}\" data-sheets-userformat=\"{&quot;2&quot;:4477,&quot;3&quot;:{&quot;1&quot;:0},&quot;5&quot;:{&quot;1&quot;:[{&quot;1&quot;:2,&quot;2&quot;:0,&quot;5&quot;:{&quot;1&quot;:2,&quot;2&quot;:0}},{&quot;1&quot;:0,&quot;2&quot;:0,&quot;3&quot;:3},{&quot;1&quot;:1,&quot;2&quot;:0,&quot;4&quot;:1}]},&quot;6&quot;:{&quot;1&quot;:[{&quot;1&quot;:2,&quot;2&quot;:0,&quot;5&quot;:{&quot;1&quot;:2,&quot;2&quot;:0}},{&quot;1&quot;:0,&quot;2&quot;:0,&quot;3&quot;:3},{&quot;1&quot;:1,&quot;2&quot;:0,&quot;4&quot;:1}]},&quot;7&quot;:{&quot;1&quot;:[{&quot;1&quot;:2,&quot;2&quot;:0,&quot;5&quot;:{&quot;1&quot;:2,&quot;2&quot;:0}},{&quot;1&quot;:0,&quot;2&quot;:0,&quot;3&quot;:3},{&quot;1&quot;:1,&quot;2&quot;:0,&quot;4&quot;:1}]},&quot;8&quot;:{&quot;1&quot;:[{&quot;1&quot;:2,&quot;2&quot;:0,&quot;5&quot;:{&quot;1&quot;:2,&quot;2&quot;:0}},{&quot;1&quot;:0,&quot;2&quot;:0,&quot;3&quot;:3},{&quot;1&quot;:1,&quot;2&quot;:0,&quot;4&quot;:1}]},&quot;9&quot;:1,&quot;11&quot;:4,&quot;15&quot;:&quot;Calibri&quot;}\">Le <strong>H.Upmann Epicures<\/strong> est un abordable, audacieux et complexe Short Panetela livr\u00e9 dans une bo\u00eete de 25 cigares. Il s&rsquo;agit d&rsquo;une fum\u00e9e assez courte qui a l&rsquo;ADN m\u00eame de H.Upmann, une saveur de tabac propre et forte. Ce n&rsquo;est plus l&rsquo;Epicures qui \u00e9tait fabriqu\u00e9 \u00e0 la machine jusqu&rsquo;en 2002, il est roul\u00e9 \u00e0 la main dans un beau cigare. La taille est optimale pour un cigare puissant qui d\u00e9veloppe un go\u00fbt viril, bois de tabac, cuir. <\/span><\/p>\n<p><span data-sheets-value=\"{&quot;1&quot;:2,&quot;2&quot;:&quot;Le H.Upmann Epicures est un abordable, audacieux et complexe Short Panetela livr\u00e9 dans une bo\u00eete de 25 cigares. Il s'agit d'une fum\u00e9e assez courte qui a l'ADN m\u00eame de H.Upmann, une saveur de tabac propre et forte. Ce n'est plus l'Epicures qui \u00e9tait fabriqu\u00e9 \u00e0 la machine jusqu'en 2002, il est roul\u00e9 \u00e0 la main dans un beau cigare. La taille est optimale pour un cigare puissant qui d\u00e9veloppe un go\u00fbt viril, bois de tabac, cuir. Mais il y a aussi de la cr\u00e8me, des notes sucr\u00e9es de vanille, de miel, et quelques notes herbac\u00e9es. Id\u00e9al pour une courte fum\u00e9e d'hiver, il n'est pas tr\u00e8s complexe, mais vous apporte le parfait coup de fouet cubain que vous recherchez.nnCe cigare au module Demi Tasse mesure 110 mm de longueur par 13,89 mm de diam\u00e8tre (bague 35). Il necessitera 15 \u00e0 30 minutes pour \u00eatre d\u00e9gust\u00e9 convenablement.&quot;}\" data-sheets-userformat=\"{&quot;2&quot;:4477,&quot;3&quot;:{&quot;1&quot;:0},&quot;5&quot;:{&quot;1&quot;:[{&quot;1&quot;:2,&quot;2&quot;:0,&quot;5&quot;:{&quot;1&quot;:2,&quot;2&quot;:0}},{&quot;1&quot;:0,&quot;2&quot;:0,&quot;3&quot;:3},{&quot;1&quot;:1,&quot;2&quot;:0,&quot;4&quot;:1}]},&quot;6&quot;:{&quot;1&quot;:[{&quot;1&quot;:2,&quot;2&quot;:0,&quot;5&quot;:{&quot;1&quot;:2,&quot;2&quot;:0}},{&quot;1&quot;:0,&quot;2&quot;:0,&quot;3&quot;:3},{&quot;1&quot;:1,&quot;2&quot;:0,&quot;4&quot;:1}]},&quot;7&quot;:{&quot;1&quot;:[{&quot;1&quot;:2,&quot;2&quot;:0,&quot;5&quot;:{&quot;1&quot;:2,&quot;2&quot;:0}},{&quot;1&quot;:0,&quot;2&quot;:0,&quot;3&quot;:3},{&quot;1&quot;:1,&quot;2&quot;:0,&quot;4&quot;:1}]},&quot;8&quot;:{&quot;1&quot;:[{&quot;1&quot;:2,&quot;2&quot;:0,&quot;5&quot;:{&quot;1&quot;:2,&quot;2&quot;:0}},{&quot;1&quot;:0,&quot;2&quot;:0,&quot;3&quot;:3},{&quot;1&quot;:1,&quot;2&quot;:0,&quot;4&quot;:1}]},&quot;9&quot;:1,&quot;11&quot;:4,&quot;15&quot;:&quot;Calibri&quot;}\">Mais il y a aussi de la cr\u00e8me, des notes sucr\u00e9es de vanille, de miel, et quelques notes herbac\u00e9es. Id\u00e9al pour une courte fum\u00e9e d&rsquo;hiver, il n&rsquo;est pas tr\u00e8s complexe, mais vous apporte le parfait coup de fouet cubain que vous recherchez.<\/span><\/p>\n<p>Ce cigare au module Demi Tasse mesure 110 mm de longueur par 13,89 mm de diam\u00e8tre (bague 35). Il necessitera 15 \u00e0 30 minutes pour \u00eatre d\u00e9gust\u00e9 convenablement.<\/p>\n","protected":false},"excerpt":{"rendered":"<p>\u6bcf\u76d2 25 \u652f\u3002<\/p>","protected":false},"featured_media":77895,"template":"","meta":{"_acf_changed":false},"product_brand":[],"product_cat":[19809,19845,20967,45382],"product_tag":[],"class_list":{"0":"post-77897","1":"product","2":"type-product","3":"status-publish","4":"has-post-thumbnail","6":"product_cat-cigares","7":"product_cat-cigares-cubains","8":"product_cat-h-upmann","9":"product_cat-hupmann-linea-clasica","10":"product_shipping_class-cigares","12":"first","13":"outofstock","14":"taxable","15":"shipping-taxable","16":"purchasable","17":"product-type-simple"},"acf":[],"_links":{"self":[{"href":"https:\/\/cigarquality.com\/zh\/wp-json\/wp\/v2\/product\/77897","targetHints":{"allow":["GET"]}}],"collection":[{"href":"https:\/\/cigarquality.com\/zh\/wp-json\/wp\/v2\/product"}],"about":[{"href":"https:\/\/cigarquality.com\/zh\/wp-json\/wp\/v2\/types\/product"}],"wp:featuredmedia":[{"embeddable":true,"href":"https:\/\/cigarquality.com\/zh\/wp-json\/wp\/v2\/media\/77895"}],"wp:attachment":[{"href":"https:\/\/cigarquality.com\/zh\/wp-json\/wp\/v2\/media?parent=77897"}],"wp:term":[{"taxonomy":"product_brand","embeddable":true,"href":"https:\/\/cigarquality.com\/zh\/wp-json\/wp\/v2\/product_brand?post=77897"},{"taxonomy":"product_cat","embeddable":true,"href":"https:\/\/cigarquality.com\/zh\/wp-json\/wp\/v2\/product_cat?post=77897"},{"taxonomy":"product_tag","embeddable":true,"href":"https:\/\/cigarquality.com\/zh\/wp-json\/wp\/v2\/product_tag?post=77897"}],"curies":[{"name":"wp","href":"https:\/\/api.w.org\/{rel}","templated":true}]}}