{"id":77636,"date":"2022-08-03T15:13:18","date_gmt":"2022-08-03T13:13:18","guid":{"rendered":"https:\/\/cigarquality.com\/?post_type=product&#038;p=77636"},"modified":"2025-09-11T11:37:21","modified_gmt":"2025-09-11T09:37:21","slug":"macanudo-maduro-diplomat-10","status":"publish","type":"product","link":"https:\/\/cigarquality.com\/zh\/boutique\/cigares-dominicains\/macanudo\/macanudo-maduro\/macanudo-maduro-diplomat-10\/","title":{"rendered":"\u9a6c\u5361\u52aa\u675c\u9a6c\u675c\u7f57\u5916\u4ea4\u5b98\uff0810\uff09"},"content":{"rendered":"<p><span data-sheets-value=\"{&quot;1&quot;:2,&quot;2&quot;:&quot;Les Macanudo Maduro Diplomat sont des cigares moyennement forts, mais tr\u00e8s aromatiques. Ils g\u00e2tent le fumeur avec de fins ar\u00f4mes de chocolat et de caf\u00e9 ainsi qu'un plaisir de fumer doux et cr\u00e9meux.nnCe Macanudo Maduro Diplomat au module Perfecto mesure 114 mm de longueur pour 23,8 mm de diam\u00e8tre (bague 60) et n\u00e9cessitera environ 35 \u00e0 45 minutes pour \u00eatre d\u00e9guster convenablement.nnLes origines de Macanudo remontent au 19e si\u00e8cle lorsque de nombreux Cubains ont \u00e9migr\u00e9 en Jama\u00efque. Vers 1940, Macanudo est utilis\u00e9 pour la premi\u00e8re fois comme appellation de format et la marque prend son v\u00e9ritable essor en 1968 apr\u00e8s sa vente \u00e0 General Cigar. Dans les ann\u00e9es 1990, la production a \u00e9t\u00e9 d\u00e9localis\u00e9e de la Jama\u00efque vers la R\u00e9publique dominicaine.nnMacanudo a \u00e9t\u00e9 la marque la plus vendue aux \u00c9tats-Unis au cours des 20 derni\u00e8res ann\u00e9es.&quot;}\" data-sheets-userformat=\"{&quot;2&quot;:15357,&quot;3&quot;:{&quot;1&quot;:0},&quot;5&quot;:{&quot;1&quot;:[{&quot;1&quot;:2,&quot;2&quot;:0,&quot;5&quot;:{&quot;1&quot;:2,&quot;2&quot;:0}},{&quot;1&quot;:0,&quot;2&quot;:0,&quot;3&quot;:3},{&quot;1&quot;:1,&quot;2&quot;:0,&quot;4&quot;:1}]},&quot;6&quot;:{&quot;1&quot;:[{&quot;1&quot;:2,&quot;2&quot;:0,&quot;5&quot;:{&quot;1&quot;:2,&quot;2&quot;:0}},{&quot;1&quot;:0,&quot;2&quot;:0,&quot;3&quot;:3},{&quot;1&quot;:1,&quot;2&quot;:0,&quot;4&quot;:1}]},&quot;7&quot;:{&quot;1&quot;:[{&quot;1&quot;:2,&quot;2&quot;:0,&quot;5&quot;:{&quot;1&quot;:2,&quot;2&quot;:0}},{&quot;1&quot;:0,&quot;2&quot;:0,&quot;3&quot;:3},{&quot;1&quot;:1,&quot;2&quot;:0,&quot;4&quot;:1}]},&quot;8&quot;:{&quot;1&quot;:[{&quot;1&quot;:2,&quot;2&quot;:0,&quot;5&quot;:{&quot;1&quot;:2,&quot;2&quot;:0}},{&quot;1&quot;:0,&quot;2&quot;:0,&quot;3&quot;:3},{&quot;1&quot;:1,&quot;2&quot;:0,&quot;4&quot;:1}]},&quot;9&quot;:0,&quot;10&quot;:1,&quot;11&quot;:4,&quot;12&quot;:0,&quot;14&quot;:{&quot;1&quot;:2,&quot;2&quot;:0},&quot;15&quot;:&quot;Calibri&quot;,&quot;16&quot;:10}\">Les Macanudo Maduro Diplomat sont des cigares moyennement forts, mais tr\u00e8s aromatiques. Ils g\u00e2tent le fumeur avec de fins ar\u00f4mes de chocolat et de caf\u00e9 ainsi qu&rsquo;un plaisir de fumer doux et cr\u00e9meux.<\/span><\/p>\n<p>Ce Macanudo Maduro Diplomat au module Perfecto mesure 114 mm de longueur pour 23,8 mm de diam\u00e8tre (bague 60) et n\u00e9cessitera environ 35 \u00e0 45 minutes pour \u00eatre d\u00e9guster convenablement.<\/p>\n<p>Les origines de Macanudo remontent au 19e si\u00e8cle lorsque de nombreux Cubains ont \u00e9migr\u00e9 en Jama\u00efque. Vers 1940, Macanudo est utilis\u00e9 pour la premi\u00e8re fois comme appellation de format et la marque prend son v\u00e9ritable essor en 1968 apr\u00e8s sa vente \u00e0 General Cigar. Dans les ann\u00e9es 1990, la production a \u00e9t\u00e9 d\u00e9localis\u00e9e de la Jama\u00efque vers la R\u00e9publique dominicaine.<\/p>\n<p>Macanudo a \u00e9t\u00e9 la marque la plus vendue aux \u00c9tats-Unis au cours des 20 derni\u00e8res ann\u00e9es.<\/p>\n","protected":false},"excerpt":{"rendered":"<p>\u6bcf\u76d2 10 \u652f\u96ea\u8304\u3002<\/p>","protected":false},"featured_media":77767,"template":"","meta":{"_acf_changed":false},"product_brand":[],"product_cat":[19809,19812,39791,40297],"product_tag":[],"class_list":{"0":"post-77636","1":"product","2":"type-product","3":"status-publish","4":"has-post-thumbnail","6":"product_cat-cigares","7":"product_cat-cigares-dominicains","8":"product_cat-macanudo","9":"product_cat-macanudo-maduro","10":"product_shipping_class-cigares","12":"first","13":"instock","14":"sale","15":"taxable","16":"shipping-taxable","17":"purchasable","18":"product-type-simple"},"acf":[],"_links":{"self":[{"href":"https:\/\/cigarquality.com\/zh\/wp-json\/wp\/v2\/product\/77636","targetHints":{"allow":["GET"]}}],"collection":[{"href":"https:\/\/cigarquality.com\/zh\/wp-json\/wp\/v2\/product"}],"about":[{"href":"https:\/\/cigarquality.com\/zh\/wp-json\/wp\/v2\/types\/product"}],"wp:featuredmedia":[{"embeddable":true,"href":"https:\/\/cigarquality.com\/zh\/wp-json\/wp\/v2\/media\/77767"}],"wp:attachment":[{"href":"https:\/\/cigarquality.com\/zh\/wp-json\/wp\/v2\/media?parent=77636"}],"wp:term":[{"taxonomy":"product_brand","embeddable":true,"href":"https:\/\/cigarquality.com\/zh\/wp-json\/wp\/v2\/product_brand?post=77636"},{"taxonomy":"product_cat","embeddable":true,"href":"https:\/\/cigarquality.com\/zh\/wp-json\/wp\/v2\/product_cat?post=77636"},{"taxonomy":"product_tag","embeddable":true,"href":"https:\/\/cigarquality.com\/zh\/wp-json\/wp\/v2\/product_tag?post=77636"}],"curies":[{"name":"wp","href":"https:\/\/api.w.org\/{rel}","templated":true}]}}