{"id":77573,"date":"2022-08-02T14:47:56","date_gmt":"2022-08-02T13:47:56","guid":{"rendered":"https:\/\/cigarquality.com\/?post_type=product&#038;p=77573"},"modified":"2025-10-29T16:08:06","modified_gmt":"2025-10-29T15:08:06","slug":"bolivar-coronas-junior-25","status":"publish","type":"product","link":"https:\/\/cigarquality.com\/zh\/boutique\/cigares-cubains\/bolivar\/bolivar-linea-clasica\/bolivar-coronas-junior-25\/","title":{"rendered":"\u5c11\u5e74\u73bb\u5229\u74e6\u5c14\u79d1\u7f57\u7eb3\u65af\uff0825\uff09"},"content":{"rendered":"<p><span data-sheets-value=\"{&quot;1&quot;:2,&quot;2&quot;:&quot;Le tr\u00e8s petit Corona de Bolivar est assez dense au toucher. A l'allumage, il pr\u00e9sente une palette aromatique fid\u00e8le \u00e0 la marque avec des ar\u00f4mes de terre et de poivre, puis en deuxi\u00e8me partie de sous-bois et d'humus. Une grande r\u00e9ussite de Bolivar de condenser dans un si petit module l'ensemble des valeurs de la marque.nnCe Tr\u00e8s Petit Corona mesure 110 mm de longueur pour 16,7 mm de diam\u00e8tre (bague 42). Il vous faudra environ 15-30 minutes pour le d\u00e9guster convenablement.nn&quot;}\" data-sheets-userformat=\"{&quot;2&quot;:15357,&quot;3&quot;:{&quot;1&quot;:0},&quot;5&quot;:{&quot;1&quot;:[{&quot;1&quot;:2,&quot;2&quot;:0,&quot;5&quot;:{&quot;1&quot;:2,&quot;2&quot;:0}},{&quot;1&quot;:0,&quot;2&quot;:0,&quot;3&quot;:3},{&quot;1&quot;:1,&quot;2&quot;:0,&quot;4&quot;:1}]},&quot;6&quot;:{&quot;1&quot;:[{&quot;1&quot;:2,&quot;2&quot;:0,&quot;5&quot;:{&quot;1&quot;:2,&quot;2&quot;:0}},{&quot;1&quot;:0,&quot;2&quot;:0,&quot;3&quot;:3},{&quot;1&quot;:1,&quot;2&quot;:0,&quot;4&quot;:1}]},&quot;7&quot;:{&quot;1&quot;:[{&quot;1&quot;:2,&quot;2&quot;:0,&quot;5&quot;:{&quot;1&quot;:2,&quot;2&quot;:0}},{&quot;1&quot;:0,&quot;2&quot;:0,&quot;3&quot;:3},{&quot;1&quot;:1,&quot;2&quot;:0,&quot;4&quot;:1}]},&quot;8&quot;:{&quot;1&quot;:[{&quot;1&quot;:2,&quot;2&quot;:0,&quot;5&quot;:{&quot;1&quot;:2,&quot;2&quot;:0}},{&quot;1&quot;:0,&quot;2&quot;:0,&quot;3&quot;:3},{&quot;1&quot;:1,&quot;2&quot;:0,&quot;4&quot;:1}]},&quot;9&quot;:0,&quot;10&quot;:1,&quot;11&quot;:4,&quot;12&quot;:0,&quot;14&quot;:{&quot;1&quot;:2,&quot;2&quot;:0},&quot;15&quot;:&quot;Calibri&quot;,&quot;16&quot;:10}\">Le tr\u00e8s petit Corona de Bolivar est assez dense au toucher. A l&rsquo;allumage, il pr\u00e9sente une palette aromatique fid\u00e8le \u00e0 la marque avec des ar\u00f4mes de terre et de poivre, puis en deuxi\u00e8me partie de sous-bois et d&rsquo;humus. Une grande r\u00e9ussite de Bolivar de condenser dans un si petit module l&rsquo;ensemble des valeurs de la marque.<\/span><\/p>\n<p>Ce Tr\u00e8s Petit Corona mesure 110 mm de longueur pour 16,7 mm de diam\u00e8tre (bague 42). Il vous faudra environ 15-30 minutes pour le d\u00e9guster convenablement.<\/p>\n<p>&nbsp;<\/p>\n","protected":false},"excerpt":{"rendered":"<p>\u6bcf\u76d2 25 \u652f\u3002<\/p>","protected":false},"featured_media":77570,"template":"","meta":{"_acf_changed":false},"product_brand":[],"product_cat":[20965,45376,19809,19845],"product_tag":[],"class_list":{"0":"post-77573","1":"product","2":"type-product","3":"status-publish","4":"has-post-thumbnail","6":"product_cat-bolivar","7":"product_cat-bolivar-linea-clasica","8":"product_cat-cigares","9":"product_cat-cigares-cubains","10":"product_shipping_class-cigares","12":"first","13":"outofstock","14":"taxable","15":"shipping-taxable","16":"purchasable","17":"product-type-simple"},"acf":[],"_links":{"self":[{"href":"https:\/\/cigarquality.com\/zh\/wp-json\/wp\/v2\/product\/77573","targetHints":{"allow":["GET"]}}],"collection":[{"href":"https:\/\/cigarquality.com\/zh\/wp-json\/wp\/v2\/product"}],"about":[{"href":"https:\/\/cigarquality.com\/zh\/wp-json\/wp\/v2\/types\/product"}],"wp:featuredmedia":[{"embeddable":true,"href":"https:\/\/cigarquality.com\/zh\/wp-json\/wp\/v2\/media\/77570"}],"wp:attachment":[{"href":"https:\/\/cigarquality.com\/zh\/wp-json\/wp\/v2\/media?parent=77573"}],"wp:term":[{"taxonomy":"product_brand","embeddable":true,"href":"https:\/\/cigarquality.com\/zh\/wp-json\/wp\/v2\/product_brand?post=77573"},{"taxonomy":"product_cat","embeddable":true,"href":"https:\/\/cigarquality.com\/zh\/wp-json\/wp\/v2\/product_cat?post=77573"},{"taxonomy":"product_tag","embeddable":true,"href":"https:\/\/cigarquality.com\/zh\/wp-json\/wp\/v2\/product_tag?post=77573"}],"curies":[{"name":"wp","href":"https:\/\/api.w.org\/{rel}","templated":true}]}}