{"id":77227,"date":"2022-07-29T16:04:42","date_gmt":"2022-07-29T15:04:42","guid":{"rendered":"https:\/\/cigarquality.com\/?post_type=product&#038;p=77227"},"modified":"2025-09-11T10:55:42","modified_gmt":"2025-09-11T08:55:42","slug":"perdomo-nicaragua-bourbon-barrel-aged-maduro-epicure-24","status":"publish","type":"product","link":"https:\/\/cigarquality.com\/zh\/boutique\/cigares-nicaraguayens\/perdomo\/perdomo-nicaragua-bourbon-barrel-aged-maduro\/perdomo-nicaragua-bourbon-barrel-aged-maduro-epicure-24\/","title":{"rendered":"Perdomo Nicaragua Bourbon Barrel Aged Maduro Epicure (24)"},"content":{"rendered":"<p><span data-sheets-value=\"{&quot;1&quot;:2,&quot;2&quot;:&quot;Le cigare Perdomo Nicaragua Bourbon Barrel Aged Maduro Epicure poss\u00e8de une superbe cape Nicaraguayenne maduro vieillie en f\u00fbt de bourbon pendant 14 mois, qui se marie parfaitement avec les tabacs de remplissage cubains et nicaraguayens de 6 ans. Le go\u00fbt offre un profil moyennement cors\u00e9 \u00e0 cors\u00e9 avec des notes de cacao et de caf\u00e9 et un fond subtil de bourbon.nnLe Perdomo Nicaragua Bourbon Barrel Aged Maduro Epicure est un beau cigare qui, d'une longueur de 152,4 mm et d'un diam\u00e8tre de 21,43 mm (module Toro), garantit un excellent plaisir de fumer pendant 60 \u00e0 90 minutes.nnLe Perdomo Nicaragua Bourbon Barrel Aged Maduro Epicure est livr\u00e9 dans une bo\u00eete en bois magnifiquement con\u00e7ue avec 24 pi\u00e8ces. nC'est un cigare artisanal fabriqu\u00e9 \u00e0 partir de tabac m\u00fbr et de haute qualit\u00e9. Ce format montre que la famille Perdomo fait partie des meilleurs fabricants de cigares et est toujours soucieuse d'apporter de nouveaux moments de plaisir aux aficionados du monde entier.&quot;}\" data-sheets-userformat=\"{&quot;2&quot;:15357,&quot;3&quot;:{&quot;1&quot;:0},&quot;5&quot;:{&quot;1&quot;:[{&quot;1&quot;:2,&quot;2&quot;:0,&quot;5&quot;:{&quot;1&quot;:2,&quot;2&quot;:0}},{&quot;1&quot;:0,&quot;2&quot;:0,&quot;3&quot;:3},{&quot;1&quot;:1,&quot;2&quot;:0,&quot;4&quot;:1}]},&quot;6&quot;:{&quot;1&quot;:[{&quot;1&quot;:2,&quot;2&quot;:0,&quot;5&quot;:{&quot;1&quot;:2,&quot;2&quot;:0}},{&quot;1&quot;:0,&quot;2&quot;:0,&quot;3&quot;:3},{&quot;1&quot;:1,&quot;2&quot;:0,&quot;4&quot;:1}]},&quot;7&quot;:{&quot;1&quot;:[{&quot;1&quot;:2,&quot;2&quot;:0,&quot;5&quot;:{&quot;1&quot;:2,&quot;2&quot;:0}},{&quot;1&quot;:0,&quot;2&quot;:0,&quot;3&quot;:3},{&quot;1&quot;:1,&quot;2&quot;:0,&quot;4&quot;:1}]},&quot;8&quot;:{&quot;1&quot;:[{&quot;1&quot;:2,&quot;2&quot;:0,&quot;5&quot;:{&quot;1&quot;:2,&quot;2&quot;:0}},{&quot;1&quot;:0,&quot;2&quot;:0,&quot;3&quot;:3},{&quot;1&quot;:1,&quot;2&quot;:0,&quot;4&quot;:1}]},&quot;9&quot;:0,&quot;10&quot;:1,&quot;11&quot;:4,&quot;12&quot;:0,&quot;14&quot;:{&quot;1&quot;:2,&quot;2&quot;:0},&quot;15&quot;:&quot;Calibri&quot;,&quot;16&quot;:10}\">Le cigare Perdomo Nicaragua Bourbon Barrel Aged Maduro Epicure poss\u00e8de une superbe cape Nicaraguayenne maduro vieillie en f\u00fbt de bourbon pendant 14 mois, qui se marie parfaitement avec les tabacs de remplissage cubains et nicaraguayens de 6 ans. Le go\u00fbt offre un profil moyennement cors\u00e9 \u00e0 cors\u00e9 avec des notes de cacao et de caf\u00e9 et un fond subtil de bourbon.<\/span><\/p>\n<p>Le Perdomo Nicaragua Bourbon Barrel Aged Maduro Epicure est un beau cigare qui, d&rsquo;une longueur de 152,4 mm et d&rsquo;un diam\u00e8tre de 21,43 mm (module Toro), garantit un excellent plaisir de fumer pendant 60 \u00e0 90 minutes.<\/p>\n<p>Le Perdomo Nicaragua Bourbon Barrel Aged Maduro Epicure est livr\u00e9 dans une bo\u00eete en bois magnifiquement con\u00e7ue avec 24 pi\u00e8ces.<\/p>\n<p><span data-sheets-value=\"{&quot;1&quot;:2,&quot;2&quot;:&quot;Le cigare Perdomo Nicaragua Bourbon Barrel Aged Maduro Epicure poss\u00e8de une superbe cape Nicaraguayenne maduro vieillie en f\u00fbt de bourbon pendant 14 mois, qui se marie parfaitement avec les tabacs de remplissage cubains et nicaraguayens de 6 ans. Le go\u00fbt offre un profil moyennement cors\u00e9 \u00e0 cors\u00e9 avec des notes de cacao et de caf\u00e9 et un fond subtil de bourbon.nnLe Perdomo Nicaragua Bourbon Barrel Aged Maduro Epicure est un beau cigare qui, d'une longueur de 152,4 mm et d'un diam\u00e8tre de 21,43 mm (module Toro), garantit un excellent plaisir de fumer pendant 60 \u00e0 90 minutes.nnLe Perdomo Nicaragua Bourbon Barrel Aged Maduro Epicure est livr\u00e9 dans une bo\u00eete en bois magnifiquement con\u00e7ue avec 24 pi\u00e8ces. nC'est un cigare artisanal fabriqu\u00e9 \u00e0 partir de tabac m\u00fbr et de haute qualit\u00e9. Ce format montre que la famille Perdomo fait partie des meilleurs fabricants de cigares et est toujours soucieuse d'apporter de nouveaux moments de plaisir aux aficionados du monde entier.&quot;}\" data-sheets-userformat=\"{&quot;2&quot;:15357,&quot;3&quot;:{&quot;1&quot;:0},&quot;5&quot;:{&quot;1&quot;:[{&quot;1&quot;:2,&quot;2&quot;:0,&quot;5&quot;:{&quot;1&quot;:2,&quot;2&quot;:0}},{&quot;1&quot;:0,&quot;2&quot;:0,&quot;3&quot;:3},{&quot;1&quot;:1,&quot;2&quot;:0,&quot;4&quot;:1}]},&quot;6&quot;:{&quot;1&quot;:[{&quot;1&quot;:2,&quot;2&quot;:0,&quot;5&quot;:{&quot;1&quot;:2,&quot;2&quot;:0}},{&quot;1&quot;:0,&quot;2&quot;:0,&quot;3&quot;:3},{&quot;1&quot;:1,&quot;2&quot;:0,&quot;4&quot;:1}]},&quot;7&quot;:{&quot;1&quot;:[{&quot;1&quot;:2,&quot;2&quot;:0,&quot;5&quot;:{&quot;1&quot;:2,&quot;2&quot;:0}},{&quot;1&quot;:0,&quot;2&quot;:0,&quot;3&quot;:3},{&quot;1&quot;:1,&quot;2&quot;:0,&quot;4&quot;:1}]},&quot;8&quot;:{&quot;1&quot;:[{&quot;1&quot;:2,&quot;2&quot;:0,&quot;5&quot;:{&quot;1&quot;:2,&quot;2&quot;:0}},{&quot;1&quot;:0,&quot;2&quot;:0,&quot;3&quot;:3},{&quot;1&quot;:1,&quot;2&quot;:0,&quot;4&quot;:1}]},&quot;9&quot;:0,&quot;10&quot;:1,&quot;11&quot;:4,&quot;12&quot;:0,&quot;14&quot;:{&quot;1&quot;:2,&quot;2&quot;:0},&quot;15&quot;:&quot;Calibri&quot;,&quot;16&quot;:10}\"><br \/>\nC&rsquo;est un cigare artisanal fabriqu\u00e9 \u00e0 partir de tabac m\u00fbr et de haute qualit\u00e9. Ce format montre que la famille Perdomo fait partie des meilleurs fabricants de cigares et est toujours soucieuse d&rsquo;apporter de nouveaux moments de plaisir aux aficionados du monde entier.<\/span><\/p>\n","protected":false},"excerpt":{"rendered":"<p>\u4e00\u76d2 24 \u652f\u3002<\/p>","protected":false},"featured_media":77224,"template":"","meta":{"_acf_changed":false},"product_brand":[],"product_cat":[19809,24833,34761,35035],"product_tag":[],"class_list":{"0":"post-77227","1":"product","2":"type-product","3":"status-publish","4":"has-post-thumbnail","6":"product_cat-cigares","7":"product_cat-cigares-nicaraguayens","8":"product_cat-perdomo","9":"product_cat-perdomo-nicaragua-bourbon-barrel-aged-maduro","10":"product_shipping_class-cigares","12":"first","13":"instock","14":"taxable","15":"shipping-taxable","16":"purchasable","17":"product-type-simple"},"acf":[],"_links":{"self":[{"href":"https:\/\/cigarquality.com\/zh\/wp-json\/wp\/v2\/product\/77227","targetHints":{"allow":["GET"]}}],"collection":[{"href":"https:\/\/cigarquality.com\/zh\/wp-json\/wp\/v2\/product"}],"about":[{"href":"https:\/\/cigarquality.com\/zh\/wp-json\/wp\/v2\/types\/product"}],"wp:featuredmedia":[{"embeddable":true,"href":"https:\/\/cigarquality.com\/zh\/wp-json\/wp\/v2\/media\/77224"}],"wp:attachment":[{"href":"https:\/\/cigarquality.com\/zh\/wp-json\/wp\/v2\/media?parent=77227"}],"wp:term":[{"taxonomy":"product_brand","embeddable":true,"href":"https:\/\/cigarquality.com\/zh\/wp-json\/wp\/v2\/product_brand?post=77227"},{"taxonomy":"product_cat","embeddable":true,"href":"https:\/\/cigarquality.com\/zh\/wp-json\/wp\/v2\/product_cat?post=77227"},{"taxonomy":"product_tag","embeddable":true,"href":"https:\/\/cigarquality.com\/zh\/wp-json\/wp\/v2\/product_tag?post=77227"}],"curies":[{"name":"wp","href":"https:\/\/api.w.org\/{rel}","templated":true}]}}