{"id":76880,"date":"2022-07-28T14:07:57","date_gmt":"2022-07-28T13:07:57","guid":{"rendered":"https:\/\/cigarquality.com\/?post_type=product&#038;p=76880"},"modified":"2025-07-25T13:42:38","modified_gmt":"2025-07-25T11:42:38","slug":"la-galera-anemoi-boreas-20","status":"publish","type":"product","link":"https:\/\/cigarquality.com\/zh\/boutique\/cigares-dominicains\/la-galera\/la-galera-anemoi\/la-galera-anemoi-boreas-20\/","title":{"rendered":"La Galera Anemoi Boreas (20)"},"content":{"rendered":"<p><span data-sheets-value=\"{&quot;1&quot;:2,&quot;2&quot;:&quot;La d\u00e9gustation du cigare La Galera Anemoi Boreas commence par un tirage agr\u00e9ablement l\u00e9ger. Peu \u00e0 peu, le cigare se d\u00e9veloppe en un point culminant savoureux. Il offre des ar\u00f4mes de caf\u00e9, de noix et de terre, qui sont soulign\u00e9s par des notes de cuir, bois\u00e9es et poivr\u00e9es.nnIl est compos\u00e9 d'une cape Connecticut Broadleaf Maduro, d'une sous-cape Corojo de R\u00e9publique Dominicaine ainsi que d'un m\u00e9lange de tabac dominicain Criollo 98 (La Canela, Potrero) et Piloto Cubano (Jacagua).nnCe cigare au module Corona mesure 121 mm de longueur pour 18,3 mm de diam\u00e8tre. C'est un cigare puissant not\u00e9 3\/5 vendu en bo\u00eete de 20 cigares. Il faut compter 25 \u00e0 35 minutes pour le d\u00e9guster convenablement.&quot;}\" data-sheets-userformat=\"{&quot;2&quot;:15357,&quot;3&quot;:{&quot;1&quot;:0},&quot;5&quot;:{&quot;1&quot;:[{&quot;1&quot;:2,&quot;2&quot;:0,&quot;5&quot;:{&quot;1&quot;:2,&quot;2&quot;:0}},{&quot;1&quot;:0,&quot;2&quot;:0,&quot;3&quot;:3},{&quot;1&quot;:1,&quot;2&quot;:0,&quot;4&quot;:1}]},&quot;6&quot;:{&quot;1&quot;:[{&quot;1&quot;:2,&quot;2&quot;:0,&quot;5&quot;:{&quot;1&quot;:2,&quot;2&quot;:0}},{&quot;1&quot;:0,&quot;2&quot;:0,&quot;3&quot;:3},{&quot;1&quot;:1,&quot;2&quot;:0,&quot;4&quot;:1}]},&quot;7&quot;:{&quot;1&quot;:[{&quot;1&quot;:2,&quot;2&quot;:0,&quot;5&quot;:{&quot;1&quot;:2,&quot;2&quot;:0}},{&quot;1&quot;:0,&quot;2&quot;:0,&quot;3&quot;:3},{&quot;1&quot;:1,&quot;2&quot;:0,&quot;4&quot;:1}]},&quot;8&quot;:{&quot;1&quot;:[{&quot;1&quot;:2,&quot;2&quot;:0,&quot;5&quot;:{&quot;1&quot;:2,&quot;2&quot;:0}},{&quot;1&quot;:0,&quot;2&quot;:0,&quot;3&quot;:3},{&quot;1&quot;:1,&quot;2&quot;:0,&quot;4&quot;:1}]},&quot;9&quot;:0,&quot;10&quot;:1,&quot;11&quot;:4,&quot;12&quot;:0,&quot;14&quot;:{&quot;1&quot;:2,&quot;2&quot;:0},&quot;15&quot;:&quot;Calibri&quot;,&quot;16&quot;:10}\">La d\u00e9gustation du cigare La Galera Anemoi Boreas commence par un tirage agr\u00e9ablement l\u00e9ger. Peu \u00e0 peu, le cigare se d\u00e9veloppe en un point culminant savoureux. Il offre des ar\u00f4mes de caf\u00e9, de noix et de terre, qui sont soulign\u00e9s par des notes de cuir, bois\u00e9es et poivr\u00e9es.<\/span><\/p>\n<p>Il est compos\u00e9 d&rsquo;une cape Connecticut Broadleaf Maduro, d&rsquo;une sous-cape Corojo de R\u00e9publique Dominicaine ainsi que d&rsquo;un m\u00e9lange de tabac dominicain Criollo 98 (La Canela, Potrero) et Piloto Cubano (Jacagua).<\/p>\n<p>Ce cigare au module Corona mesure 121 mm de longueur pour 18,3 mm de diam\u00e8tre. C&rsquo;est un cigare puissant not\u00e9 3\/5 vendu en bo\u00eete de 20 cigares. Il faut compter 25 \u00e0 35 minutes pour le d\u00e9guster convenablement.<\/p>\n","protected":false},"excerpt":{"rendered":"<p>\u6bcf\u76d2 20 \u652f\u3002<\/p>","protected":false},"featured_media":76878,"template":"","meta":{"_acf_changed":false},"product_brand":[],"product_cat":[19809,19812,39959,39960],"product_tag":[],"class_list":{"0":"post-76880","1":"product","2":"type-product","3":"status-publish","4":"has-post-thumbnail","6":"product_cat-cigares","7":"product_cat-cigares-dominicains","8":"product_cat-la-galera","9":"product_cat-la-galera-anemoi","10":"product_shipping_class-cigares","12":"first","13":"instock","14":"sale","15":"taxable","16":"shipping-taxable","17":"purchasable","18":"product-type-simple"},"acf":[],"_links":{"self":[{"href":"https:\/\/cigarquality.com\/zh\/wp-json\/wp\/v2\/product\/76880","targetHints":{"allow":["GET"]}}],"collection":[{"href":"https:\/\/cigarquality.com\/zh\/wp-json\/wp\/v2\/product"}],"about":[{"href":"https:\/\/cigarquality.com\/zh\/wp-json\/wp\/v2\/types\/product"}],"wp:featuredmedia":[{"embeddable":true,"href":"https:\/\/cigarquality.com\/zh\/wp-json\/wp\/v2\/media\/76878"}],"wp:attachment":[{"href":"https:\/\/cigarquality.com\/zh\/wp-json\/wp\/v2\/media?parent=76880"}],"wp:term":[{"taxonomy":"product_brand","embeddable":true,"href":"https:\/\/cigarquality.com\/zh\/wp-json\/wp\/v2\/product_brand?post=76880"},{"taxonomy":"product_cat","embeddable":true,"href":"https:\/\/cigarquality.com\/zh\/wp-json\/wp\/v2\/product_cat?post=76880"},{"taxonomy":"product_tag","embeddable":true,"href":"https:\/\/cigarquality.com\/zh\/wp-json\/wp\/v2\/product_tag?post=76880"}],"curies":[{"name":"wp","href":"https:\/\/api.w.org\/{rel}","templated":true}]}}