{"id":76877,"date":"2022-07-28T15:02:34","date_gmt":"2022-07-28T13:02:34","guid":{"rendered":"https:\/\/cigarquality.com\/?post_type=product&#038;p=76877"},"modified":"2025-07-25T14:03:09","modified_gmt":"2025-07-25T12:03:09","slug":"la-flor-dominicana-el-carajon-100","status":"publish","type":"product","link":"https:\/\/cigarquality.com\/zh\/boutique\/cigares-dominicains\/la-flor-dominicana\/la-flor-dominicana-el-carajon-100\/","title":{"rendered":"La Flor Dominicana El Carajon (100)"},"content":{"rendered":"<p><span data-sheets-value=\"{&quot;1&quot;:2,&quot;2&quot;:&quot;La Flor Dominicana El Carajon est un petit cigare fabriqu\u00e9 \u00e0 la machine dans l'un des m\u00e9langes les plus savoureux au monde. nnLes cigares LFD El Carajon sont moyennement cors\u00e9s, avec un ar\u00f4me doux et une construction impeccable. Ils sont fabriqu\u00e9s \u00e0 partir du meilleur m\u00e9lange de tabacs dominicains de la tripe et de la sous-cape, avec une cape Habano d'\u00c9quateur. Le r\u00e9sultat est donc une exp\u00e9rience de fumeur inoubliable, diff\u00e9rente de toutes celles que vous avez v\u00e9cues avec des petits cigares. nLa Flor Dominicana El Carajon est un cigare avec une fum\u00e9e complexe et savoureuse, avec des notes g\u00e9n\u00e9reuses et un tirage facile. Ces petits cigares savoureux sont certainement destin\u00e9s \u00e0 \u00eatre d\u00e9gust\u00e9s \u00e0 tout moment de la journ\u00e9e. nnLes cigares La Flor Dominicana El Carajon sont vendus en bo\u00eetes de 100. Comme il s'agit de cigarillos, ils sont faciles et rapides \u00e0 fumer et peuvent \u00eatre d\u00e9gust\u00e9s partout et \u00e0 tout moment. Donc, si vous \u00eates le genre de personne qui ne peut pas rester en place tr\u00e8s longtemps, alors ces d\u00e9licieux cigarillos sont pour vous. De la culture de leur propre tabac \u00e0 la ferme La Canela \u00e0 l'art de la fabrication dans leur usine moderne.&quot;}\" data-sheets-userformat=\"{&quot;2&quot;:15357,&quot;3&quot;:{&quot;1&quot;:0},&quot;5&quot;:{&quot;1&quot;:[{&quot;1&quot;:2,&quot;2&quot;:0,&quot;5&quot;:{&quot;1&quot;:2,&quot;2&quot;:0}},{&quot;1&quot;:0,&quot;2&quot;:0,&quot;3&quot;:3},{&quot;1&quot;:1,&quot;2&quot;:0,&quot;4&quot;:1}]},&quot;6&quot;:{&quot;1&quot;:[{&quot;1&quot;:2,&quot;2&quot;:0,&quot;5&quot;:{&quot;1&quot;:2,&quot;2&quot;:0}},{&quot;1&quot;:0,&quot;2&quot;:0,&quot;3&quot;:3},{&quot;1&quot;:1,&quot;2&quot;:0,&quot;4&quot;:1}]},&quot;7&quot;:{&quot;1&quot;:[{&quot;1&quot;:2,&quot;2&quot;:0,&quot;5&quot;:{&quot;1&quot;:2,&quot;2&quot;:0}},{&quot;1&quot;:0,&quot;2&quot;:0,&quot;3&quot;:3},{&quot;1&quot;:1,&quot;2&quot;:0,&quot;4&quot;:1}]},&quot;8&quot;:{&quot;1&quot;:[{&quot;1&quot;:2,&quot;2&quot;:0,&quot;5&quot;:{&quot;1&quot;:2,&quot;2&quot;:0}},{&quot;1&quot;:0,&quot;2&quot;:0,&quot;3&quot;:3},{&quot;1&quot;:1,&quot;2&quot;:0,&quot;4&quot;:1}]},&quot;9&quot;:0,&quot;10&quot;:1,&quot;11&quot;:4,&quot;12&quot;:0,&quot;14&quot;:{&quot;1&quot;:2,&quot;2&quot;:0},&quot;15&quot;:&quot;Calibri&quot;,&quot;16&quot;:10}\">La Flor Dominicana El Carajon est un petit cigare fabriqu\u00e9 \u00e0 la machine dans l&rsquo;un des m\u00e9langes les plus savoureux au monde. <\/span><\/p>\n<p>Les cigares LFD El Carajon sont moyennement cors\u00e9s, avec un ar\u00f4me doux et une construction impeccable. Ils sont fabriqu\u00e9s \u00e0 partir du meilleur m\u00e9lange de tabacs dominicains de la tripe et de la sous-cape, avec une cape Habano d&rsquo;\u00c9quateur. Le r\u00e9sultat est donc une exp\u00e9rience de fumeur inoubliable, diff\u00e9rente de toutes celles que vous avez v\u00e9cues avec des petits cigares.<\/p>\n<p><span data-sheets-value=\"{&quot;1&quot;:2,&quot;2&quot;:&quot;La Flor Dominicana El Carajon est un petit cigare fabriqu\u00e9 \u00e0 la machine dans l'un des m\u00e9langes les plus savoureux au monde. nnLes cigares LFD El Carajon sont moyennement cors\u00e9s, avec un ar\u00f4me doux et une construction impeccable. Ils sont fabriqu\u00e9s \u00e0 partir du meilleur m\u00e9lange de tabacs dominicains de la tripe et de la sous-cape, avec une cape Habano d'\u00c9quateur. Le r\u00e9sultat est donc une exp\u00e9rience de fumeur inoubliable, diff\u00e9rente de toutes celles que vous avez v\u00e9cues avec des petits cigares. nLa Flor Dominicana El Carajon est un cigare avec une fum\u00e9e complexe et savoureuse, avec des notes g\u00e9n\u00e9reuses et un tirage facile. Ces petits cigares savoureux sont certainement destin\u00e9s \u00e0 \u00eatre d\u00e9gust\u00e9s \u00e0 tout moment de la journ\u00e9e. nnLes cigares La Flor Dominicana El Carajon sont vendus en bo\u00eetes de 100. Comme il s'agit de cigarillos, ils sont faciles et rapides \u00e0 fumer et peuvent \u00eatre d\u00e9gust\u00e9s partout et \u00e0 tout moment. Donc, si vous \u00eates le genre de personne qui ne peut pas rester en place tr\u00e8s longtemps, alors ces d\u00e9licieux cigarillos sont pour vous. De la culture de leur propre tabac \u00e0 la ferme La Canela \u00e0 l'art de la fabrication dans leur usine moderne.&quot;}\" data-sheets-userformat=\"{&quot;2&quot;:15357,&quot;3&quot;:{&quot;1&quot;:0},&quot;5&quot;:{&quot;1&quot;:[{&quot;1&quot;:2,&quot;2&quot;:0,&quot;5&quot;:{&quot;1&quot;:2,&quot;2&quot;:0}},{&quot;1&quot;:0,&quot;2&quot;:0,&quot;3&quot;:3},{&quot;1&quot;:1,&quot;2&quot;:0,&quot;4&quot;:1}]},&quot;6&quot;:{&quot;1&quot;:[{&quot;1&quot;:2,&quot;2&quot;:0,&quot;5&quot;:{&quot;1&quot;:2,&quot;2&quot;:0}},{&quot;1&quot;:0,&quot;2&quot;:0,&quot;3&quot;:3},{&quot;1&quot;:1,&quot;2&quot;:0,&quot;4&quot;:1}]},&quot;7&quot;:{&quot;1&quot;:[{&quot;1&quot;:2,&quot;2&quot;:0,&quot;5&quot;:{&quot;1&quot;:2,&quot;2&quot;:0}},{&quot;1&quot;:0,&quot;2&quot;:0,&quot;3&quot;:3},{&quot;1&quot;:1,&quot;2&quot;:0,&quot;4&quot;:1}]},&quot;8&quot;:{&quot;1&quot;:[{&quot;1&quot;:2,&quot;2&quot;:0,&quot;5&quot;:{&quot;1&quot;:2,&quot;2&quot;:0}},{&quot;1&quot;:0,&quot;2&quot;:0,&quot;3&quot;:3},{&quot;1&quot;:1,&quot;2&quot;:0,&quot;4&quot;:1}]},&quot;9&quot;:0,&quot;10&quot;:1,&quot;11&quot;:4,&quot;12&quot;:0,&quot;14&quot;:{&quot;1&quot;:2,&quot;2&quot;:0},&quot;15&quot;:&quot;Calibri&quot;,&quot;16&quot;:10}\">La Flor Dominicana El Carajon est un cigare avec une fum\u00e9e complexe et savoureuse, avec des notes g\u00e9n\u00e9reuses et un tirage facile. Ces petits cigares savoureux sont certainement destin\u00e9s \u00e0 \u00eatre d\u00e9gust\u00e9s \u00e0 tout moment de la journ\u00e9e. <\/span><\/p>\n<p>Les cigares La Flor Dominicana El Carajon sont vendus en bo\u00eetes de 100. Comme il s&rsquo;agit de cigarillos, ils sont faciles et rapides \u00e0 fumer et peuvent \u00eatre d\u00e9gust\u00e9s partout et \u00e0 tout moment. Donc, si vous \u00eates le genre de personne qui ne peut pas rester en place tr\u00e8s longtemps, alors ces d\u00e9licieux cigarillos sont pour vous. De la culture de leur propre tabac \u00e0 la ferme La Canela \u00e0 l&rsquo;art de la fabrication dans leur usine moderne.<\/p>\n","protected":false},"excerpt":{"rendered":"<p>\u6bcf\u76d2 100 \u652f\u3002<\/p>","protected":false},"featured_media":76875,"template":"","meta":{"_acf_changed":false},"product_brand":[],"product_cat":[19809,19812,25265],"product_tag":[],"class_list":{"0":"post-76877","1":"product","2":"type-product","3":"status-publish","4":"has-post-thumbnail","6":"product_cat-cigares","7":"product_cat-cigares-dominicains","8":"product_cat-la-flor-dominicana","9":"product_shipping_class-cigares","11":"first","12":"instock","13":"taxable","14":"shipping-taxable","15":"purchasable","16":"product-type-simple"},"acf":[],"_links":{"self":[{"href":"https:\/\/cigarquality.com\/zh\/wp-json\/wp\/v2\/product\/76877","targetHints":{"allow":["GET"]}}],"collection":[{"href":"https:\/\/cigarquality.com\/zh\/wp-json\/wp\/v2\/product"}],"about":[{"href":"https:\/\/cigarquality.com\/zh\/wp-json\/wp\/v2\/types\/product"}],"wp:featuredmedia":[{"embeddable":true,"href":"https:\/\/cigarquality.com\/zh\/wp-json\/wp\/v2\/media\/76875"}],"wp:attachment":[{"href":"https:\/\/cigarquality.com\/zh\/wp-json\/wp\/v2\/media?parent=76877"}],"wp:term":[{"taxonomy":"product_brand","embeddable":true,"href":"https:\/\/cigarquality.com\/zh\/wp-json\/wp\/v2\/product_brand?post=76877"},{"taxonomy":"product_cat","embeddable":true,"href":"https:\/\/cigarquality.com\/zh\/wp-json\/wp\/v2\/product_cat?post=76877"},{"taxonomy":"product_tag","embeddable":true,"href":"https:\/\/cigarquality.com\/zh\/wp-json\/wp\/v2\/product_tag?post=76877"}],"curies":[{"name":"wp","href":"https:\/\/api.w.org\/{rel}","templated":true}]}}