{"id":76503,"date":"2022-07-27T11:40:03","date_gmt":"2022-07-27T10:40:03","guid":{"rendered":"https:\/\/cigarquality.com\/?post_type=product&#038;p=76503"},"modified":"2026-01-05T09:43:31","modified_gmt":"2026-01-05T08:43:31","slug":"flor-de-copan-linea-puros-churchill-20","status":"publish","type":"product","link":"https:\/\/cigarquality.com\/zh\/boutique\/cigares-honduriens\/flor-de-copan\/flor-de-copan-linea-puros-churchill-20\/","title":{"rendered":"Flor De Copan Linea Puros Churchill (20)"},"content":{"rendered":"<p><span data-sheets-value=\"{&quot;1&quot;:2,&quot;2&quot;:&quot;Les cigares Flor de Cop\u00e1n sont fabriqu\u00e9s \u00e0 la main \u00e0 Santa Rosa de Cop\u00e1n, au Honduras, dans une r\u00e9gion fra\u00eeche et vallonn\u00e9e situ\u00e9e pr\u00e8s des fronti\u00e8res du Guatemala et du Salvador. nnLe cigare Flor De Copan Linea Puros Churchill mesure 178mm de longueur pour 18,7mm de diam\u00e8tre (bague 48). Il vous faudra 75 \u00e0 100 minutes pour d\u00e9guster ce cigare.nnLes Mayas y cultivaient le tabac il y a des milliers d'ann\u00e9es. Cette marque associe des tabacs provenant d'une grande vari\u00e9t\u00e9 de provenances nobles - un label de qualit\u00e9 et une marque de fabrique ! Finesse, \u00e9l\u00e9gance et s\u00e9duction se refl\u00e8tent \u00e9galement dans la pr\u00e9sentation sensationnelle du cravate blanc, rouge et or et de l'emballage en feuille de c\u00e8dre.&quot;}\" data-sheets-userformat=\"{&quot;2&quot;:15357,&quot;3&quot;:{&quot;1&quot;:0},&quot;5&quot;:{&quot;1&quot;:[{&quot;1&quot;:2,&quot;2&quot;:0,&quot;5&quot;:{&quot;1&quot;:2,&quot;2&quot;:0}},{&quot;1&quot;:0,&quot;2&quot;:0,&quot;3&quot;:3},{&quot;1&quot;:1,&quot;2&quot;:0,&quot;4&quot;:1}]},&quot;6&quot;:{&quot;1&quot;:[{&quot;1&quot;:2,&quot;2&quot;:0,&quot;5&quot;:{&quot;1&quot;:2,&quot;2&quot;:0}},{&quot;1&quot;:0,&quot;2&quot;:0,&quot;3&quot;:3},{&quot;1&quot;:1,&quot;2&quot;:0,&quot;4&quot;:1}]},&quot;7&quot;:{&quot;1&quot;:[{&quot;1&quot;:2,&quot;2&quot;:0,&quot;5&quot;:{&quot;1&quot;:2,&quot;2&quot;:0}},{&quot;1&quot;:0,&quot;2&quot;:0,&quot;3&quot;:3},{&quot;1&quot;:1,&quot;2&quot;:0,&quot;4&quot;:1}]},&quot;8&quot;:{&quot;1&quot;:[{&quot;1&quot;:2,&quot;2&quot;:0,&quot;5&quot;:{&quot;1&quot;:2,&quot;2&quot;:0}},{&quot;1&quot;:0,&quot;2&quot;:0,&quot;3&quot;:3},{&quot;1&quot;:1,&quot;2&quot;:0,&quot;4&quot;:1}]},&quot;9&quot;:0,&quot;10&quot;:1,&quot;11&quot;:4,&quot;12&quot;:0,&quot;14&quot;:{&quot;1&quot;:2,&quot;2&quot;:0},&quot;15&quot;:&quot;Calibri&quot;,&quot;16&quot;:10}\">Les cigares Flor de Cop\u00e1n sont fabriqu\u00e9s \u00e0 la main \u00e0 Santa Rosa de Cop\u00e1n, au Honduras, dans une r\u00e9gion fra\u00eeche et vallonn\u00e9e situ\u00e9e pr\u00e8s des fronti\u00e8res du Guatemala et du Salvador. <\/span><\/p>\n<p>Le cigare Flor De Copan Linea Puros Churchill mesure 178mm de longueur pour 18,7mm de diam\u00e8tre (bague 48). Il vous faudra 75 \u00e0 100 minutes pour d\u00e9guster ce cigare.<\/p>\n<p>Les Mayas y cultivaient le tabac il y a des milliers d&rsquo;ann\u00e9es. Cette marque associe des tabacs provenant d&rsquo;une grande vari\u00e9t\u00e9 de provenances nobles &#8211; un label de qualit\u00e9 et une marque de fabrique ! Finesse, \u00e9l\u00e9gance et s\u00e9duction se refl\u00e8tent \u00e9galement dans la pr\u00e9sentation sensationnelle du cravate blanc, rouge et or et de l&#8217;emballage en feuille de c\u00e8dre.<\/p>\n","protected":false},"excerpt":{"rendered":"<p>\u6bcf\u76d2 20 \u652f\u3002<\/p>","protected":false},"featured_media":77157,"template":"","meta":{"_acf_changed":false},"product_brand":[],"product_cat":[19809,24947,40223],"product_tag":[],"class_list":{"0":"post-76503","1":"product","2":"type-product","3":"status-publish","4":"has-post-thumbnail","6":"product_cat-cigares","7":"product_cat-cigares-honduriens","8":"product_cat-flor-de-copan","9":"product_shipping_class-cigares","11":"first","12":"instock","13":"taxable","14":"shipping-taxable","15":"purchasable","16":"product-type-simple"},"acf":[],"_links":{"self":[{"href":"https:\/\/cigarquality.com\/zh\/wp-json\/wp\/v2\/product\/76503","targetHints":{"allow":["GET"]}}],"collection":[{"href":"https:\/\/cigarquality.com\/zh\/wp-json\/wp\/v2\/product"}],"about":[{"href":"https:\/\/cigarquality.com\/zh\/wp-json\/wp\/v2\/types\/product"}],"wp:featuredmedia":[{"embeddable":true,"href":"https:\/\/cigarquality.com\/zh\/wp-json\/wp\/v2\/media\/77157"}],"wp:attachment":[{"href":"https:\/\/cigarquality.com\/zh\/wp-json\/wp\/v2\/media?parent=76503"}],"wp:term":[{"taxonomy":"product_brand","embeddable":true,"href":"https:\/\/cigarquality.com\/zh\/wp-json\/wp\/v2\/product_brand?post=76503"},{"taxonomy":"product_cat","embeddable":true,"href":"https:\/\/cigarquality.com\/zh\/wp-json\/wp\/v2\/product_cat?post=76503"},{"taxonomy":"product_tag","embeddable":true,"href":"https:\/\/cigarquality.com\/zh\/wp-json\/wp\/v2\/product_tag?post=76503"}],"curies":[{"name":"wp","href":"https:\/\/api.w.org\/{rel}","templated":true}]}}