{"id":76426,"date":"2022-07-27T10:23:30","date_gmt":"2022-07-27T09:23:30","guid":{"rendered":"https:\/\/cigarquality.com\/?post_type=product&#038;p=76426"},"modified":"2025-10-16T14:19:59","modified_gmt":"2025-10-16T12:19:59","slug":"condega-serie-f-mini-robusto-25","status":"publish","type":"product","link":"https:\/\/cigarquality.com\/zh\/boutique\/cigares-nicaraguayens\/condega\/condega-serie-f-mini-robusto-25\/","title":{"rendered":"Condega F \u7cfb\u5217\u8ff7\u4f60\u7f57\u4f2f\u65af\u6258\uff0825\uff09"},"content":{"rendered":"<p><span data-sheets-value=\"{&quot;1&quot;:2,&quot;2&quot;:&quot;Le Condega Serie F Mini Robusto est un cigare bien construit, avec une cape tr\u00e8s sombre, peu ou pas de nerfs et une belle finition.nSa saveur se pr\u00e9sente avec un fort go\u00fbt de chocolat sucr\u00e9 suivi de notes de noix et de caf\u00e9.nCes cigares ont un excellent rapport qualit\u00e9-prix, parfait pour ceux qui recherchent un bon cigare pour tous les jours.nnCe cigare au module Mini Robusto mesure 114mm de longueur pour 19,8 mm de diam\u00e8tre (bague 49). Il necessitera environ 50 \u00e0 80 minutes pour \u00eatre d\u00e9guster convenablement.nnLa Serie 'F' de Condega se distingue par une douce saveur de bois de c\u00e8dre et de cannelle, envelopp\u00e9e dans une douce et belle cape Corojo, tr\u00e8s caract\u00e9ristique de Casa Fern\u00e1ndez. nCes cigares sont c\u00e9l\u00e8bres pour leurs ar\u00f4mes intenses et une combustion uniforme qui apporte un grand plaisir tout au long de la fum\u00e9e et est un d\u00e9lice \u00e0 savourer \u00e0 tout moment.&quot;}\" data-sheets-userformat=\"{&quot;2&quot;:15357,&quot;3&quot;:{&quot;1&quot;:0},&quot;5&quot;:{&quot;1&quot;:[{&quot;1&quot;:2,&quot;2&quot;:0,&quot;5&quot;:{&quot;1&quot;:2,&quot;2&quot;:0}},{&quot;1&quot;:0,&quot;2&quot;:0,&quot;3&quot;:3},{&quot;1&quot;:1,&quot;2&quot;:0,&quot;4&quot;:1}]},&quot;6&quot;:{&quot;1&quot;:[{&quot;1&quot;:2,&quot;2&quot;:0,&quot;5&quot;:{&quot;1&quot;:2,&quot;2&quot;:0}},{&quot;1&quot;:0,&quot;2&quot;:0,&quot;3&quot;:3},{&quot;1&quot;:1,&quot;2&quot;:0,&quot;4&quot;:1}]},&quot;7&quot;:{&quot;1&quot;:[{&quot;1&quot;:2,&quot;2&quot;:0,&quot;5&quot;:{&quot;1&quot;:2,&quot;2&quot;:0}},{&quot;1&quot;:0,&quot;2&quot;:0,&quot;3&quot;:3},{&quot;1&quot;:1,&quot;2&quot;:0,&quot;4&quot;:1}]},&quot;8&quot;:{&quot;1&quot;:[{&quot;1&quot;:2,&quot;2&quot;:0,&quot;5&quot;:{&quot;1&quot;:2,&quot;2&quot;:0}},{&quot;1&quot;:0,&quot;2&quot;:0,&quot;3&quot;:3},{&quot;1&quot;:1,&quot;2&quot;:0,&quot;4&quot;:1}]},&quot;9&quot;:0,&quot;10&quot;:1,&quot;11&quot;:4,&quot;12&quot;:0,&quot;14&quot;:{&quot;1&quot;:2,&quot;2&quot;:0},&quot;15&quot;:&quot;Calibri&quot;,&quot;16&quot;:10}\">Le Condega Serie F Mini Robusto est un cigare bien construit, avec une cape tr\u00e8s sombre, peu ou pas de nerfs et une belle finition.<br \/>\nSa saveur se pr\u00e9sente avec un fort go\u00fbt de chocolat sucr\u00e9 suivi de notes de noix et de caf\u00e9.<br \/>\nCes cigares ont un excellent rapport qualit\u00e9-prix, parfait pour ceux qui recherchent un bon cigare pour tous les jours.<\/span><\/p>\n<p>Ce cigare au module Mini Robusto mesure 114mm de longueur pour 19,8 mm de diam\u00e8tre (bague 49). Il necessitera environ 50 \u00e0 80 minutes pour \u00eatre d\u00e9guster convenablement.<\/p>\n<p>La Serie &lsquo;F&rsquo; de Condega se distingue par une douce saveur de bois de c\u00e8dre et de cannelle, envelopp\u00e9e dans une douce et belle cape Corojo, tr\u00e8s caract\u00e9ristique de Casa Fern\u00e1ndez.<br \/>\nCes cigares sont c\u00e9l\u00e8bres pour leurs ar\u00f4mes intenses et une combustion uniforme qui apporte un grand plaisir tout au long de la fum\u00e9e et est un d\u00e9lice \u00e0 savourer \u00e0 tout moment.<\/p>\n","protected":false},"excerpt":{"rendered":"<p>\u6bcf\u76d2 25 \u652f\u3002<\/p>","protected":false},"featured_media":76423,"template":"","meta":{"_acf_changed":false},"product_brand":[],"product_cat":[19809,24833,40229],"product_tag":[],"class_list":{"0":"post-76426","1":"product","2":"type-product","3":"status-publish","4":"has-post-thumbnail","6":"product_cat-cigares","7":"product_cat-cigares-nicaraguayens","8":"product_cat-condega","9":"product_shipping_class-cigares","11":"first","12":"instock","13":"sale","14":"taxable","15":"shipping-taxable","16":"purchasable","17":"product-type-simple"},"acf":[],"_links":{"self":[{"href":"https:\/\/cigarquality.com\/zh\/wp-json\/wp\/v2\/product\/76426","targetHints":{"allow":["GET"]}}],"collection":[{"href":"https:\/\/cigarquality.com\/zh\/wp-json\/wp\/v2\/product"}],"about":[{"href":"https:\/\/cigarquality.com\/zh\/wp-json\/wp\/v2\/types\/product"}],"wp:featuredmedia":[{"embeddable":true,"href":"https:\/\/cigarquality.com\/zh\/wp-json\/wp\/v2\/media\/76423"}],"wp:attachment":[{"href":"https:\/\/cigarquality.com\/zh\/wp-json\/wp\/v2\/media?parent=76426"}],"wp:term":[{"taxonomy":"product_brand","embeddable":true,"href":"https:\/\/cigarquality.com\/zh\/wp-json\/wp\/v2\/product_brand?post=76426"},{"taxonomy":"product_cat","embeddable":true,"href":"https:\/\/cigarquality.com\/zh\/wp-json\/wp\/v2\/product_cat?post=76426"},{"taxonomy":"product_tag","embeddable":true,"href":"https:\/\/cigarquality.com\/zh\/wp-json\/wp\/v2\/product_tag?post=76426"}],"curies":[{"name":"wp","href":"https:\/\/api.w.org\/{rel}","templated":true}]}}