{"id":76412,"date":"2022-07-27T10:06:13","date_gmt":"2022-07-27T09:06:13","guid":{"rendered":"https:\/\/cigarquality.com\/?post_type=product&#038;p=76412"},"modified":"2025-09-11T13:52:10","modified_gmt":"2025-09-11T11:52:10","slug":"condega-serie-f-lanceros-10","status":"publish","type":"product","link":"https:\/\/cigarquality.com\/zh\/boutique\/cigares-nicaraguayens\/condega\/condega-serie-f-lanceros-10\/","title":{"rendered":"Condega Serie F Lanceros (10)"},"content":{"rendered":"<p><span data-sheets-value=\"{&quot;1&quot;:2,&quot;2&quot;:&quot;Le cigare Condega Serie F Lanceros est puro nicaraguayen fabriqu\u00e9 \u00e0 la manufacture Casa Fernandez. Ce cigare a un ar\u00f4me terreux et poivr\u00e9 avec des notes de cannelle et d\u2019amandes am\u00e8res. Le m\u00e9lange initialement tr\u00e8s poivr\u00e9 devient plus rond \u00e0 mesure de la d\u00e9gustation.nnLa Serie 'F' de Condega se distingue par une douce saveur de bois de c\u00e8dre et de cannelle, envelopp\u00e9e dans une douce et belle cape Corojo, tr\u00e8s caract\u00e9ristique de Casa Fern\u00e1ndez. nCes cigares sont c\u00e9l\u00e8bres pour leurs ar\u00f4mes intenses et une combustion uniforme qui apporte un grand plaisir tout au long de la fum\u00e9e et est un d\u00e9lice \u00e0 savourer \u00e0 tout moment.nnLes cigares Condega Serie F sont de dignes repr\u00e9sentants du terroir du Nicaragua. Un nouveau \u00ab puro \u00bb avec des tabacs de tripe soigneusement s\u00e9lectionn\u00e9s. n nLe Condega Serie F Lanceros est un Lanceros qui mesure 178mm de longueur pour 15,9 mm de diam\u00e8tre. Il vous faudra environ 80 \u00e0 120 minutes pour le consommer. Ce cigare est disponible en bo\u00eete de 10.&quot;}\" data-sheets-userformat=\"{&quot;2&quot;:15357,&quot;3&quot;:{&quot;1&quot;:0},&quot;5&quot;:{&quot;1&quot;:[{&quot;1&quot;:2,&quot;2&quot;:0,&quot;5&quot;:{&quot;1&quot;:2,&quot;2&quot;:0}},{&quot;1&quot;:0,&quot;2&quot;:0,&quot;3&quot;:3},{&quot;1&quot;:1,&quot;2&quot;:0,&quot;4&quot;:1}]},&quot;6&quot;:{&quot;1&quot;:[{&quot;1&quot;:2,&quot;2&quot;:0,&quot;5&quot;:{&quot;1&quot;:2,&quot;2&quot;:0}},{&quot;1&quot;:0,&quot;2&quot;:0,&quot;3&quot;:3},{&quot;1&quot;:1,&quot;2&quot;:0,&quot;4&quot;:1}]},&quot;7&quot;:{&quot;1&quot;:[{&quot;1&quot;:2,&quot;2&quot;:0,&quot;5&quot;:{&quot;1&quot;:2,&quot;2&quot;:0}},{&quot;1&quot;:0,&quot;2&quot;:0,&quot;3&quot;:3},{&quot;1&quot;:1,&quot;2&quot;:0,&quot;4&quot;:1}]},&quot;8&quot;:{&quot;1&quot;:[{&quot;1&quot;:2,&quot;2&quot;:0,&quot;5&quot;:{&quot;1&quot;:2,&quot;2&quot;:0}},{&quot;1&quot;:0,&quot;2&quot;:0,&quot;3&quot;:3},{&quot;1&quot;:1,&quot;2&quot;:0,&quot;4&quot;:1}]},&quot;9&quot;:0,&quot;10&quot;:1,&quot;11&quot;:4,&quot;12&quot;:0,&quot;14&quot;:{&quot;1&quot;:2,&quot;2&quot;:0},&quot;15&quot;:&quot;Calibri&quot;,&quot;16&quot;:10}\">Le cigare Condega Serie F Lanceros est puro nicaraguayen fabriqu\u00e9 \u00e0 la manufacture Casa Fernandez. Ce cigare a un ar\u00f4me terreux et poivr\u00e9 avec des notes de cannelle et d\u2019amandes am\u00e8res. Le m\u00e9lange initialement tr\u00e8s poivr\u00e9 devient plus rond \u00e0 mesure de la d\u00e9gustation.<\/span><\/p>\n<p>La Serie &lsquo;F&rsquo; de Condega se distingue par une douce saveur de bois de c\u00e8dre et de cannelle, envelopp\u00e9e dans une douce et belle cape Corojo, tr\u00e8s caract\u00e9ristique de Casa Fern\u00e1ndez.<br \/>\nCes cigares sont c\u00e9l\u00e8bres pour leurs ar\u00f4mes intenses et une combustion uniforme qui apporte un grand plaisir tout au long de la fum\u00e9e et est un d\u00e9lice \u00e0 savourer \u00e0 tout moment.<\/p>\n<p>Les cigares Condega Serie F sont de dignes repr\u00e9sentants du terroir du Nicaragua. Un nouveau \u00ab puro \u00bb avec des tabacs de tripe soigneusement s\u00e9lectionn\u00e9s.<\/p>\n<p>Le Condega Serie F Lanceros est un Lanceros qui mesure 178mm de longueur pour 15,9 mm de diam\u00e8tre. Il vous faudra environ 80 \u00e0 120 minutes pour le consommer. Ce cigare est disponible en bo\u00eete de 10.<\/p>\n","protected":false},"excerpt":{"rendered":"<p>\u6bcf\u76d2 10 \u652f\u96ea\u8304\u3002<\/p>","protected":false},"featured_media":76409,"template":"","meta":{"_acf_changed":false},"product_brand":[],"product_cat":[19809,24833,40229],"product_tag":[],"class_list":{"0":"post-76412","1":"product","2":"type-product","3":"status-publish","4":"has-post-thumbnail","6":"product_cat-cigares","7":"product_cat-cigares-nicaraguayens","8":"product_cat-condega","9":"product_shipping_class-cigares","11":"first","12":"instock","13":"sale","14":"taxable","15":"shipping-taxable","16":"purchasable","17":"product-type-simple"},"acf":[],"_links":{"self":[{"href":"https:\/\/cigarquality.com\/zh\/wp-json\/wp\/v2\/product\/76412","targetHints":{"allow":["GET"]}}],"collection":[{"href":"https:\/\/cigarquality.com\/zh\/wp-json\/wp\/v2\/product"}],"about":[{"href":"https:\/\/cigarquality.com\/zh\/wp-json\/wp\/v2\/types\/product"}],"wp:featuredmedia":[{"embeddable":true,"href":"https:\/\/cigarquality.com\/zh\/wp-json\/wp\/v2\/media\/76409"}],"wp:attachment":[{"href":"https:\/\/cigarquality.com\/zh\/wp-json\/wp\/v2\/media?parent=76412"}],"wp:term":[{"taxonomy":"product_brand","embeddable":true,"href":"https:\/\/cigarquality.com\/zh\/wp-json\/wp\/v2\/product_brand?post=76412"},{"taxonomy":"product_cat","embeddable":true,"href":"https:\/\/cigarquality.com\/zh\/wp-json\/wp\/v2\/product_cat?post=76412"},{"taxonomy":"product_tag","embeddable":true,"href":"https:\/\/cigarquality.com\/zh\/wp-json\/wp\/v2\/product_tag?post=76412"}],"curies":[{"name":"wp","href":"https:\/\/api.w.org\/{rel}","templated":true}]}}