{"id":76393,"date":"2022-07-27T10:45:08","date_gmt":"2022-07-27T08:45:08","guid":{"rendered":"https:\/\/cigarquality.com\/?post_type=product&#038;p=76393"},"modified":"2025-07-25T13:58:11","modified_gmt":"2025-07-25T11:58:11","slug":"bundle-selection-by-cusano-robusto-tubos-9","status":"publish","type":"product","link":"https:\/\/cigarquality.com\/zh\/boutique\/cigares-dominicains\/cusano\/cusano-bundle-selection\/bundle-selection-by-cusano-robusto-tubos-9\/","title":{"rendered":"Cusano Robusto Tubos \u7cfb\u5217 (9)"},"content":{"rendered":"<p><span data-sheets-value=\"{&quot;1&quot;:2,&quot;2&quot;:&quot;Le cigare Cusano Robusto en tube est produit en R\u00e9publique Dominicaine dans une manufacture filiale du groupe Davidoff. Le cigare Cusano Robusto , comme son nom l\u2019indique est un module Robusto qui mesure 127 mm de longueur pour un diam\u00e8tre de 19,8 mm. nnLe temps de fum\u00e9e de ce cigare est d\u2019environ 30 \u00e0 50 minutes. Le cigare Cusano Robusto est compos\u00e9 de tabacs provenant d\u2019Equateur pour la cape, d\u2019 une sous-cape de R\u00e9publique Dominicaine et d\u2019une tripe compos\u00e9e de tabacs de R\u00e9publique Dominicaine et du Honduras. A la d\u00e9gustation ce cigare offre des saveurs bois\u00e9es avec des notes de caf\u00e9, de noix et de poivre. Il a une intensit\u00e9 de 2\/5. nnLe cigare Cusano Robusto est propos\u00e9 en bundle de 16 cigares . Depuis la cr\u00e9ation de Cusano en 1995, ce nom est synonyme de qualit\u00e9 sophistiqu\u00e9e \u00e0 un prix tr\u00e8s int\u00e9ressant. Les cigares Bundle s\u00e9lection by Cusano sont produits sous les contr\u00f4les de qualit\u00e9 les plus stricts offrant au connaisseur une qualit\u00e9 sup\u00e9rieure avec un large \u00e9ventail d\u2019 exp\u00e9riences gustatives. nnDepuis la cr\u00e9ation de Cusano en 1995, ce nom est synonyme de qualit\u00e9 sophistiqu\u00e9e \u00e0 un prix tr\u00e8s int\u00e9ressant. Les cigares Bundle s\u00e9lection by Cusano sont produits sous les contr\u00f4les de qualit\u00e9 les plus stricts offrant au connaisseur une qualit\u00e9 sup\u00e9rieure avec un large \u00e9ventail d\u2019 exp\u00e9riences gustatives.&quot;}\" data-sheets-userformat=\"{&quot;2&quot;:13121,&quot;3&quot;:{&quot;1&quot;:0},&quot;9&quot;:0,&quot;11&quot;:4,&quot;12&quot;:0,&quot;15&quot;:&quot;Calibri&quot;,&quot;16&quot;:10}\">\u7ba1\u88c5 Cusano Robusto \u96ea\u8304\u7531\u5927\u536b\u675c\u592b\u96c6\u56e2\u7684\u4e00\u5bb6\u5b50\u516c\u53f8\u5728\u591a\u7c73\u5c3c\u52a0\u5171\u548c\u56fd\u751f\u4ea7\u3002\u987e\u540d\u601d\u4e49\uff0cCusano Robusto \u96ea\u8304\u662f\u4e00\u79cd Robusto \u6a21\u5757\uff0c\u957f 127 \u6beb\u7c73\uff0c\u76f4\u5f84 19.8 \u6beb\u7c73\u3002 <\/span><\/p>\n<p>\u62bd\u8fd9\u652f\u96ea\u8304\u5927\u7ea6\u9700\u8981 30 \u5230 50 \u5206\u949f\u3002Cusano Robusto \u96ea\u8304\u7684\u8304\u8863\u662f\u7528\u5384\u74dc\u591a\u5c14\u7684\u70df\u8349\u5236\u6210\u7684\uff0c\u8304\u8863\u662f\u7528\u591a\u7c73\u5c3c\u52a0\u5171\u548c\u56fd\u7684\u70df\u8349\u5236\u6210\u7684\uff0c\u8304\u5fc3\u662f\u7528\u591a\u7c73\u5c3c\u52a0\u5171\u548c\u56fd\u548c\u6d2a\u90fd\u62c9\u65af\u7684\u70df\u8349\u5236\u6210\u7684\u3002\u54c1\u5c1d\u65f6\uff0c\u8fd9\u652f\u96ea\u8304\u6563\u53d1\u51fa\u6728\u8d28\u7684\u5473\u9053\uff0c\u5e76\u5e26\u6709\u5496\u5561\u3001\u575a\u679c\u548c\u80e1\u6912\u7684\u9999\u5473\u3002\u6d53\u90c1\u5ea6\u4e3a 2\/5\u3002<\/p>\n<p>Cusano Robusto \u96ea\u8304\u6bcf\u5305 16 \u652f\u3002\u81ea 1995 \u5e74\u5e93\u8428\u8bfa\u96ea\u8304\u516c\u53f8\u521b\u7acb\u4ee5\u6765\uff0c\u8fd9\u4e2a\u540d\u5b57\u5c31\u4e00\u76f4\u662f\u54c1\u8d28\u7cbe\u826f\u3001\u4ef7\u683c\u8bf1\u4eba\u7684\u4ee3\u540d\u8bcd\u3002Bundle Selection by Cusano\u96ea\u8304\u662f\u5728\u6700\u4e25\u683c\u7684\u8d28\u91cf\u63a7\u5236\u4e0b\u751f\u4ea7\u7684\uff0c\u4e3a\u96ea\u8304\u9274\u8d4f\u5bb6\u63d0\u4f9b\u5353\u8d8a\u7684\u54c1\u8d28\u548c\u5e7f\u6cdb\u7684\u53e3\u5473\u4f53\u9a8c\u3002<\/p>\n<p>\u81ea 1995 \u5e74\u521b\u7acb\u4ee5\u6765\uff0c\u5e93\u8428\u8bfa\u96ea\u8304\u5c31\u4e00\u76f4\u662f\u54c1\u8d28\u7cbe\u826f\u3001\u4ef7\u683c\u8bf1\u4eba\u7684\u4ee3\u540d\u8bcd\u3002Bundle Selection by Cusano \u96ea\u8304\u662f\u5728\u6700\u4e25\u683c\u7684\u8d28\u91cf\u63a7\u5236\u4e0b\u751f\u4ea7\u7684\uff0c\u4e3a\u9274\u8d4f\u5bb6\u63d0\u4f9b\u5353\u8d8a\u7684\u54c1\u8d28\u548c\u5e7f\u6cdb\u7684\u53e3\u5473\u4f53\u9a8c\u3002<\/p>","protected":false},"excerpt":{"rendered":"<p>\u6bcf\u76d2 9 \u652f\u96ea\u8304\u3002<\/p>","protected":false},"featured_media":76391,"template":"","meta":{"_acf_changed":false},"product_brand":[],"product_cat":[40290,19809,19812,40287],"product_tag":[],"class_list":{"0":"post-76393","1":"product","2":"type-product","3":"status-publish","4":"has-post-thumbnail","6":"product_cat-cusano-bundle-selection","7":"product_cat-cigares","8":"product_cat-cigares-dominicains","9":"product_cat-cusano","10":"product_shipping_class-cigares","12":"first","13":"instock","14":"taxable","15":"shipping-taxable","16":"purchasable","17":"product-type-simple"},"acf":[],"_links":{"self":[{"href":"https:\/\/cigarquality.com\/zh\/wp-json\/wp\/v2\/product\/76393","targetHints":{"allow":["GET"]}}],"collection":[{"href":"https:\/\/cigarquality.com\/zh\/wp-json\/wp\/v2\/product"}],"about":[{"href":"https:\/\/cigarquality.com\/zh\/wp-json\/wp\/v2\/types\/product"}],"wp:featuredmedia":[{"embeddable":true,"href":"https:\/\/cigarquality.com\/zh\/wp-json\/wp\/v2\/media\/76391"}],"wp:attachment":[{"href":"https:\/\/cigarquality.com\/zh\/wp-json\/wp\/v2\/media?parent=76393"}],"wp:term":[{"taxonomy":"product_brand","embeddable":true,"href":"https:\/\/cigarquality.com\/zh\/wp-json\/wp\/v2\/product_brand?post=76393"},{"taxonomy":"product_cat","embeddable":true,"href":"https:\/\/cigarquality.com\/zh\/wp-json\/wp\/v2\/product_cat?post=76393"},{"taxonomy":"product_tag","embeddable":true,"href":"https:\/\/cigarquality.com\/zh\/wp-json\/wp\/v2\/product_tag?post=76393"}],"curies":[{"name":"wp","href":"https:\/\/api.w.org\/{rel}","templated":true}]}}