{"id":76351,"date":"2022-07-26T16:32:44","date_gmt":"2022-07-26T15:32:44","guid":{"rendered":"https:\/\/cigarquality.com\/?post_type=product&#038;p=76351"},"modified":"2025-10-06T14:53:48","modified_gmt":"2025-10-06T12:53:48","slug":"ashton-esg-24-year-perfecto-25","status":"publish","type":"product","link":"https:\/\/cigarquality.com\/zh\/boutique\/cigares-dominicains\/ashton\/ashton-estate-sun-grown\/ashton-esg-24-year-perfecto-25\/","title":{"rendered":"\u963f\u4ec0\u987f ESG 24 \u5e74\u5b8c\u7f8e\u578b\uff0825\uff09"},"content":{"rendered":"<p><span data-sheets-value=\"{&quot;1&quot;:2,&quot;2&quot;:&quot;Le cigare Ashton ESG 24 year perfecto est le plus r\u00e9cent et probablement le dernier de la ligne Ashton ESG, entendez Estate Sun Grown. Il s'agit d'un cigare de format perfecto, \u00e0 savoir qu'il est assez effil\u00e9 au pied comme \u00e0 la t\u00eate et plus large en son milieu. nnLe cigare Ashton ESG 24 year perfecto mesure 168 mm de longueur pour un diam\u00e8tre de 19.05 mm. Le temps de fumer de ce cigare est d'environ 75 minutes. Les cigares Ashton 24 Perfecto sont propos\u00e9s en bo\u00eete de 25 cigares. nn\u00c0 la d\u00e9gustation du cigare ESG, les premi\u00e8res bouff\u00e9es d\u00e9livrent des notes bois\u00e9es et de caf\u00e9, on s'oriente ensuite sur un c\u00f4t\u00e9 plus \u00e9pic\u00e9 avec des ar\u00f4mes d'amande et le final nous donne des saveurs de toffee. La ligne Ashton ESG est le fruit de la collaboration entre Robert Levyn et Carlos Fuente jr. pour c\u00e9l\u00e9brer le 20e anniversaire d'Ashton cigars.nnLe cigare Ashton ESG 24 year perfecto est ce qu' on appelle un puro dominicain, cela signifie que tous les tabacs qui le composent, la cape, la sous-cape et la tripe proviennent de R\u00e9publique Dominicaine. La feuille de cape provient de la plantation &quot;Chateau de la Fuente&quot; cette feuille de cape est si rare que les cigares Ashton ESG sont produits en quantit\u00e9 tr\u00e8s limit\u00e9e. Les cigares Ashton sont fabriqu\u00e9s par la Tabacalera A. Fuente Y Cia en R\u00e9publique Dominicaine. Dans cette ligne Ashton ESG, il existe 4 autres modules : le 20 Year Churchill, le 21 Year Robusto, le 22 Year Figurado et le 23 Year Toro. &quot;}\" data-sheets-userformat=\"{&quot;2&quot;:15357,&quot;3&quot;:{&quot;1&quot;:0},&quot;5&quot;:{&quot;1&quot;:[{&quot;1&quot;:2,&quot;2&quot;:0,&quot;5&quot;:{&quot;1&quot;:2,&quot;2&quot;:0}},{&quot;1&quot;:0,&quot;2&quot;:0,&quot;3&quot;:3},{&quot;1&quot;:1,&quot;2&quot;:0,&quot;4&quot;:1}]},&quot;6&quot;:{&quot;1&quot;:[{&quot;1&quot;:2,&quot;2&quot;:0,&quot;5&quot;:{&quot;1&quot;:2,&quot;2&quot;:0}},{&quot;1&quot;:0,&quot;2&quot;:0,&quot;3&quot;:3},{&quot;1&quot;:1,&quot;2&quot;:0,&quot;4&quot;:1}]},&quot;7&quot;:{&quot;1&quot;:[{&quot;1&quot;:2,&quot;2&quot;:0,&quot;5&quot;:{&quot;1&quot;:2,&quot;2&quot;:0}},{&quot;1&quot;:0,&quot;2&quot;:0,&quot;3&quot;:3},{&quot;1&quot;:1,&quot;2&quot;:0,&quot;4&quot;:1}]},&quot;8&quot;:{&quot;1&quot;:[{&quot;1&quot;:2,&quot;2&quot;:0,&quot;5&quot;:{&quot;1&quot;:2,&quot;2&quot;:0}},{&quot;1&quot;:0,&quot;2&quot;:0,&quot;3&quot;:3},{&quot;1&quot;:1,&quot;2&quot;:0,&quot;4&quot;:1}]},&quot;9&quot;:0,&quot;10&quot;:1,&quot;11&quot;:4,&quot;12&quot;:0,&quot;14&quot;:{&quot;1&quot;:2,&quot;2&quot;:0},&quot;15&quot;:&quot;Calibri&quot;,&quot;16&quot;:10}\">Le cigare <strong>Ashton ESG 24 Year Perfecto<\/strong> est le plus r\u00e9cent et probablement le dernier de la ligne Ashton ESG, entendez Estate Sun Grown. Il s&rsquo;agit d&rsquo;un cigare de format perfecto, \u00e0 savoir qu&rsquo;il est assez effil\u00e9 au pied comme \u00e0 la t\u00eate et plus large en son milieu. <\/span><\/p>\n<p>Le cigare Ashton ESG 24 Year Perfecto mesure 168 mm de longueur pour un diam\u00e8tre de 19.05 mm. Le temps de fumer de ce cigare est d&rsquo;environ 75 minutes. Les cigares Ashton 24 Perfecto sont propos\u00e9s en bo\u00eete de 25 cigares.<\/p>\n<p>\u00c0 la d\u00e9gustation du cigare ESG, les premi\u00e8res bouff\u00e9es d\u00e9livrent des notes bois\u00e9es et de caf\u00e9, on s&rsquo;oriente ensuite sur un c\u00f4t\u00e9 plus \u00e9pic\u00e9 avec des ar\u00f4mes d&rsquo;amande et le final nous donne des saveurs de toffee. La ligne Ashton ESG est le fruit de la collaboration entre Robert Levyn et Carlos Fuente jr. pour c\u00e9l\u00e9brer le 20e anniversaire d&rsquo;Ashton cigars.<\/p>\n<p>Le cigare Ashton ESG 24 year perfecto est ce qu&rsquo; on appelle un puro dominicain, cela signifie que tous les tabacs qui le composent, la cape, la sous-cape et la tripe proviennent de R\u00e9publique Dominicaine. La feuille de cape provient de la plantation \u00ab\u00a0Chateau de la Fuente\u00a0\u00bb cette feuille de cape est si rare que les cigares Ashton ESG sont produits en quantit\u00e9 tr\u00e8s limit\u00e9e.<\/p>\n<p>Dans cette ligne Ashton ESG, il existe 4 autres modules : le 20 Year Churchill, le 21 Year Robusto, le 22 Year Figurado et le 23 Year Toro.<\/p>\n","protected":false},"excerpt":{"rendered":"<p>\u6bcf\u76d2 25 \u652f\u3002<\/p>","protected":false},"featured_media":76349,"template":"","meta":{"_acf_changed":false},"product_brand":[],"product_cat":[23113,32640,19809,19812],"product_tag":[],"class_list":{"0":"post-76351","1":"product","2":"type-product","3":"status-publish","4":"has-post-thumbnail","6":"product_cat-ashton","7":"product_cat-ashton-estate-sun-grown","8":"product_cat-cigares","9":"product_cat-cigares-dominicains","10":"product_shipping_class-cigares","12":"first","13":"instock","14":"sale","15":"taxable","16":"shipping-taxable","17":"purchasable","18":"product-type-simple"},"acf":[],"_links":{"self":[{"href":"https:\/\/cigarquality.com\/zh\/wp-json\/wp\/v2\/product\/76351","targetHints":{"allow":["GET"]}}],"collection":[{"href":"https:\/\/cigarquality.com\/zh\/wp-json\/wp\/v2\/product"}],"about":[{"href":"https:\/\/cigarquality.com\/zh\/wp-json\/wp\/v2\/types\/product"}],"wp:featuredmedia":[{"embeddable":true,"href":"https:\/\/cigarquality.com\/zh\/wp-json\/wp\/v2\/media\/76349"}],"wp:attachment":[{"href":"https:\/\/cigarquality.com\/zh\/wp-json\/wp\/v2\/media?parent=76351"}],"wp:term":[{"taxonomy":"product_brand","embeddable":true,"href":"https:\/\/cigarquality.com\/zh\/wp-json\/wp\/v2\/product_brand?post=76351"},{"taxonomy":"product_cat","embeddable":true,"href":"https:\/\/cigarquality.com\/zh\/wp-json\/wp\/v2\/product_cat?post=76351"},{"taxonomy":"product_tag","embeddable":true,"href":"https:\/\/cigarquality.com\/zh\/wp-json\/wp\/v2\/product_tag?post=76351"}],"curies":[{"name":"wp","href":"https:\/\/api.w.org\/{rel}","templated":true}]}}