{"id":62652,"date":"2022-05-03T12:13:04","date_gmt":"2022-05-03T11:13:04","guid":{"rendered":"https:\/\/cigarquality.com\/?post_type=product&#038;p=62652"},"modified":"2025-07-25T13:39:06","modified_gmt":"2025-07-25T11:39:06","slug":"rhum-cuvee-homere-clement-44-70cl","status":"publish","type":"product","link":"https:\/\/cigarquality.com\/zh\/boutique\/alcools\/rum\/clement\/rhum-cuvee-homere-clement-44-70cl\/","title":{"rendered":"Cuv\u00e9e Hom\u00e8re Cl\u00e9ment \u6717\u59c6\u9152 44% 70cl"},"content":{"rendered":"<p>\u514b\u83b1\u8499\u7279 44% Cuv\u00e9e Hom\u00e8re \u6717\u59c6\u9152\u662f\u519c\u4e1a\u6717\u59c6\u9152\u4e2d\u7684\u771f\u6b63\u6807\u6746\u3002 \u514b\u83b1\u8499\u7279\u9009\u7528\u6700\u4f18\u8d28\u3001\u6700\u53e4\u8001\u7684\u6a61\u6728\u6876\u917f\u5236 Cuv\u00e9e Hom\u00e8re\u3002\u7eaf\u7518\u8517\u6c41 \"\u7684\u529b\u91cf\u548c\u590d\u6742\u6027\u6ca1\u6709\u6bd4\u8fd9\u74f6\u6717\u59c6\u9152\u66f4\u597d\u7684\u4ee3\u8a00\u4eba\u4e86\uff0c\u5b83\u662f\u5bf9\u9a6c\u63d0\u5c3c\u514b\u5c9b\u6700\u5177\u4ee3\u8868\u6027\u7684\u4eba\u7269\u4e4b\u4e00\u7684\u81f4\u656c\u3002\u5177\u6709\u5f3a\u70c8\u4e2a\u6027\u7684\u9152\u8ff7\u4e00\u5b9a\u4f1a\u559c\u6b22\u8fd9\u79cd\u6781\u5177\u51b3\u5b9a\u6027\u7684\u642d\u914d\u3002<\/p>","protected":false},"excerpt":{"rendered":"<p>70 cl \u74f6\u88c5\u3002<\/p>","protected":false},"featured_media":62650,"template":"","meta":{"_acf_changed":false},"product_brand":[],"product_cat":[21852,23726,21908],"product_tag":[],"class_list":{"0":"post-62652","1":"product","2":"type-product","3":"status-publish","4":"has-post-thumbnail","6":"product_cat-alcools","7":"product_cat-clement","8":"product_cat-rum","9":"product_shipping_class-alcool","11":"first","12":"outofstock","13":"taxable","14":"shipping-taxable","15":"purchasable","16":"product-type-simple"},"acf":[],"_links":{"self":[{"href":"https:\/\/cigarquality.com\/zh\/wp-json\/wp\/v2\/product\/62652","targetHints":{"allow":["GET"]}}],"collection":[{"href":"https:\/\/cigarquality.com\/zh\/wp-json\/wp\/v2\/product"}],"about":[{"href":"https:\/\/cigarquality.com\/zh\/wp-json\/wp\/v2\/types\/product"}],"wp:featuredmedia":[{"embeddable":true,"href":"https:\/\/cigarquality.com\/zh\/wp-json\/wp\/v2\/media\/62650"}],"wp:attachment":[{"href":"https:\/\/cigarquality.com\/zh\/wp-json\/wp\/v2\/media?parent=62652"}],"wp:term":[{"taxonomy":"product_brand","embeddable":true,"href":"https:\/\/cigarquality.com\/zh\/wp-json\/wp\/v2\/product_brand?post=62652"},{"taxonomy":"product_cat","embeddable":true,"href":"https:\/\/cigarquality.com\/zh\/wp-json\/wp\/v2\/product_cat?post=62652"},{"taxonomy":"product_tag","embeddable":true,"href":"https:\/\/cigarquality.com\/zh\/wp-json\/wp\/v2\/product_tag?post=62652"}],"curies":[{"name":"wp","href":"https:\/\/api.w.org\/{rel}","templated":true}]}}