{"id":61970,"date":"2022-05-03T10:52:53","date_gmt":"2022-05-03T09:52:53","guid":{"rendered":"https:\/\/cigarquality.com\/?post_type=product&#038;p=61970"},"modified":"2025-07-25T13:23:03","modified_gmt":"2025-07-25T11:23:03","slug":"oliva-serie-v-melanio-double-toro-10","status":"publish","type":"product","link":"https:\/\/cigarquality.com\/zh\/boutique\/cigares-nicaraguayens\/oliva\/oliva-serie-v\/oliva-serie-v-melanio\/oliva-serie-v-melanio-double-toro-10\/","title":{"rendered":"Oliva Serie V Melanio Double Toro (10)"},"content":{"rendered":"<p>Le Oliva S\u00e9rie V Melanio Double Toro Limitada est un cigare imposant et s\u00e9duisant : le double Toro de cette s\u00e9rie V Melanio a fi\u00e8re allure et ne laisse pas indiff\u00e9rent. Les ar\u00f4mes lors de la premi\u00e8re partie \u00e9voluent entre la terre fra\u00eeche et les \u00e9pices, laissant place par la suite \u00e0 des ar\u00f4mes plus prononc\u00e9s de c\u00e8dre et de caf\u00e9 torr\u00e9fi\u00e9. La texture du cigare est particuli\u00e8rement souple pour autant que l&rsquo;on prenne le temps de le d\u00e9guster sans le surchauffer. Deux heures seront le minimum pour l&rsquo;appr\u00e9cier pleinement.<\/p>","protected":false},"excerpt":{"rendered":"<p>\u6bcf\u76d2 10 \u652f\u96ea\u8304\u3002<\/p>","protected":false},"featured_media":61969,"template":"","meta":{"_acf_changed":false},"product_brand":[],"product_cat":[19809,24833,31451,31511,34766],"product_tag":[],"class_list":{"0":"post-61970","1":"product","2":"type-product","3":"status-publish","4":"has-post-thumbnail","6":"product_cat-cigares","7":"product_cat-cigares-nicaraguayens","8":"product_cat-oliva","9":"product_cat-oliva-serie-v","10":"product_cat-oliva-serie-v-melanio","11":"product_shipping_class-cigares","13":"first","14":"instock","15":"sale","16":"taxable","17":"shipping-taxable","18":"purchasable","19":"product-type-simple"},"acf":[],"_links":{"self":[{"href":"https:\/\/cigarquality.com\/zh\/wp-json\/wp\/v2\/product\/61970","targetHints":{"allow":["GET"]}}],"collection":[{"href":"https:\/\/cigarquality.com\/zh\/wp-json\/wp\/v2\/product"}],"about":[{"href":"https:\/\/cigarquality.com\/zh\/wp-json\/wp\/v2\/types\/product"}],"wp:featuredmedia":[{"embeddable":true,"href":"https:\/\/cigarquality.com\/zh\/wp-json\/wp\/v2\/media\/61969"}],"wp:attachment":[{"href":"https:\/\/cigarquality.com\/zh\/wp-json\/wp\/v2\/media?parent=61970"}],"wp:term":[{"taxonomy":"product_brand","embeddable":true,"href":"https:\/\/cigarquality.com\/zh\/wp-json\/wp\/v2\/product_brand?post=61970"},{"taxonomy":"product_cat","embeddable":true,"href":"https:\/\/cigarquality.com\/zh\/wp-json\/wp\/v2\/product_cat?post=61970"},{"taxonomy":"product_tag","embeddable":true,"href":"https:\/\/cigarquality.com\/zh\/wp-json\/wp\/v2\/product_tag?post=61970"}],"curies":[{"name":"wp","href":"https:\/\/api.w.org\/{rel}","templated":true}]}}