{"id":61405,"date":"2022-05-03T09:05:45","date_gmt":"2022-05-03T07:05:45","guid":{"rendered":"https:\/\/cigarquality.com\/?post_type=product&#038;p=61405"},"modified":"2025-05-01T09:30:16","modified_gmt":"2025-05-01T07:30:16","slug":"faucon-serie-limitee-de-100-pieces-en-redgum-110-cigares","status":"publish","type":"product","link":"https:\/\/cigarquality.com\/zh\/boutique\/humidors\/elie-bleu\/elie-bleu-animaux\/faucon-serie-limitee-de-100-pieces-en-redgum-110-cigares\/","title":{"rendered":"Humidor Elie Bleu Faucon S\u00e9rie Limit\u00e9e de 100 pi\u00e8ces en Redgum &#8211; 110 cigares"},"content":{"rendered":"<p>\u4fdd\u6e7f\u76d2 FAUCON \u9650\u91cf\u7248\uff0c\u7f16\u53f7 100\u3002<\/p>\n<p>\u730e\u9e70\u662f\u4e00\u79cd\u663c\u4f0f\u591c\u51fa\u7684\u731b\u79bd\uff0c\u5177\u6709\u654f\u9510\u7684\u89c6\u529b\u3001\u9570\u5200\u72b6\u7684\u5599\u548c\u53ef\u4ee5\u5f20\u5f00\u6355\u730e\u7684\u722a\u5b50\u3002<br \/>\n\u730e\u9e70\u5728\u795e\u8bdd\u548c\u5b97\u6559\u4e2d\u626e\u6f14\u7740\u91cd\u8981\u89d2\u8272\u3002<br \/>\n\u730e\u9e70\u672f\u662f\u5229\u7528\u8bad\u7ec3\u6709\u7d20\u7684\u730e\u9e1f\u5728\u81ea\u7136\u6816\u606f\u5730\u6355\u6349\u730e\u7269\u7684\u827a\u672f\u3002\u8fd9\u79cd\u53e4\u8001\u7684\u827a\u672f\u5728\u56db\u5341\u591a\u4e2a\u56fd\u5bb6\u6d41\u4f20\uff0c\u5e76\u4e8e 2010 \u5e74 11 \u6708 16 \u65e5\u88ab\u5217\u5165\u8054\u5408\u56fd\u6559\u79d1\u6587\u7ec4\u7ec7\u4eba\u7c7b\u975e\u7269\u8d28\u6587\u5316\u9057\u4ea7\u540d\u5f55\uff0c2012 \u5e74\u53c8\u6709\u65b0\u7684\u56fd\u5bb6\u5217\u5165\u8be5\u540d\u5f55\u3002<br \/>\n13 \u4e16\u7eaa\u4f1f\u5927\u7684\u6ce2\u65af\u795e\u79d8\u4e3b\u4e49\u8bd7\u4eba\u8d3e\u62c9\u5c14-\u963f\u4e01-\u7a46\u7f55\u9ed8\u5fb7-\u5df4\u5c14\u5e0c\uff08Djal\u0101l ad-D\u012bn Mu\u1e25ammad Balkhi \u6216 Roumi\uff09\u7ecf\u5e38\u5728\u4ed6\u7684\u8bd7\u4e2d\u63d0\u5230\u730e\u9e70\uff0c\u5305\u62ec\u5305\u88c5\u76d2\u4e0a\u7684\u8fd9\u53e5\u8bdd \"\u62e5\u6709\u730e\u9e70\u7684\u52c7\u6c14\uff0c\u5149\u8363\u5730\u72e9\u730e\"\u3002<\/p>\n<ul>\n<li>110 \u4e2a\u96ea\u8304\u76d2\uff0c\u91c7\u7528\u68a7\u6850\u548c\u7ea2\u6728\u9576\u5d4c\u5de5\u827a\u3002<\/li>\n<li>2 \u4e2a\u52a0\u6e7f\u5668\u3002<\/li>\n<li>1 \u4e2a\u5e26\u6307\u9488\u7684\u6e7f\u5ea6\u8ba1\u3002<\/li>\n<\/ul>\n<p>48.5 x 27.0 x 10.5 \u5398\u7c73<\/p>","protected":false},"excerpt":{"rendered":"<p>\u96ea\u8304\u4fdd\u6e7f\u76d2\u53ef\u5bb9\u7eb3\u591a\u8fbe 110 \u652f\u96ea\u8304\u3002<\/p>","protected":false},"featured_media":61403,"template":"","meta":{"_acf_changed":false},"product_brand":[],"product_cat":[39825,21524,21527,21529,27487],"product_tag":[],"class_list":{"0":"post-61405","1":"product","2":"type-product","3":"status-publish","4":"has-post-thumbnail","6":"product_cat-elie-bleu-animaux","7":"product_cat-humidors","8":"product_cat-elie-bleu","9":"product_cat-editions-limitees-elie-bleu","10":"product_cat-110-cigares","11":"product_shipping_class-class1","13":"first","14":"outofstock","15":"taxable","16":"shipping-taxable","17":"purchasable","18":"product-type-simple"},"acf":[],"_links":{"self":[{"href":"https:\/\/cigarquality.com\/zh\/wp-json\/wp\/v2\/product\/61405","targetHints":{"allow":["GET"]}}],"collection":[{"href":"https:\/\/cigarquality.com\/zh\/wp-json\/wp\/v2\/product"}],"about":[{"href":"https:\/\/cigarquality.com\/zh\/wp-json\/wp\/v2\/types\/product"}],"wp:featuredmedia":[{"embeddable":true,"href":"https:\/\/cigarquality.com\/zh\/wp-json\/wp\/v2\/media\/61403"}],"wp:attachment":[{"href":"https:\/\/cigarquality.com\/zh\/wp-json\/wp\/v2\/media?parent=61405"}],"wp:term":[{"taxonomy":"product_brand","embeddable":true,"href":"https:\/\/cigarquality.com\/zh\/wp-json\/wp\/v2\/product_brand?post=61405"},{"taxonomy":"product_cat","embeddable":true,"href":"https:\/\/cigarquality.com\/zh\/wp-json\/wp\/v2\/product_cat?post=61405"},{"taxonomy":"product_tag","embeddable":true,"href":"https:\/\/cigarquality.com\/zh\/wp-json\/wp\/v2\/product_tag?post=61405"}],"curies":[{"name":"wp","href":"https:\/\/api.w.org\/{rel}","templated":true}]}}