{"id":60942,"date":"2022-05-02T14:58:28","date_gmt":"2022-05-02T13:58:28","guid":{"rendered":"https:\/\/cigarquality.com\/?post_type=product&#038;p=60942"},"modified":"2025-10-20T18:26:48","modified_gmt":"2025-10-20T16:26:48","slug":"cognac-grosperrin-grande-champagne-no-24-42-8-70cl","status":"publish","type":"product","link":"https:\/\/cigarquality.com\/zh\/boutique\/alcools\/cognac\/grosperrin\/cognac-grosperrin-grande-champagne-no-24-42-8-70cl\/","title":{"rendered":"\u5e72\u9091\u683c\u7f57\u65af\u4f69\u5170\u5927\u9999\u69df24\u53f742.8% 70\u5398\u5347"},"content":{"rendered":"<div class=\"texte\">\n<p>\u5411\u8ba9\u51fa\u552e\u8fd9\u4e9b\u9648\u5e74\u5927\u9999\u69df\u9152\u7684\u662f\u4e00\u4f4d\u5df2\u6545\u524d\u8461\u8404\u9152\u7ecf\u7eaa\u4eba\u7684\u9057\u5b40\u3002\u5979\u7684\u4e08\u592b\u5927\u7ea6\u4e09\u5341\u5e74\u524d\u8fd8\u5728\u505a\u751f\u610f\uff0c\u4ee5\u987d\u5f3a\u8457\u79f0\u3002\u901a\u8fc7\u8fd9\u79cd\u65b9\u5f0f\uff0c\u4ed6\u5728\u81ea\u5df1\u7684\u6751\u5e84\u548c\u5468\u8fb9\u5730\u533a\u6536\u8d2d\u5e72\u9091\uff0c\u7136\u540e\u5356\u7ed9\u5546\u4eba\u3002<\/p>\n<p>\u4ed6\u5bf9\u8001\u5e72\u9091\u60c5\u6709\u72ec\u949f\uff0c\u4e00\u6876\u53c8\u4e00\u6876\u7684\u5e72\u9091\u5c31\u50cf\u73cd\u5b9d\u4e00\u6837\u88ab\u4ed6\u79ef\u6512\u8d77\u6765\u3002\u4ed6\u751a\u81f3\u4e0d\u5141\u8bb8\u4ed6\u7684\u59bb\u5b50\uff08\u4e00\u540d\u6559\u5e08\uff09\u548c\u4ed6\u7684\u5b69\u5b50\u4eec\uff08\u5e74\u8f7b\u7684\u548c\u5e74\u957f\u7684\uff09\u8fdb\u5165\u8fd9\u4e2a\u5723\u5730\uff0c\u800c\u4ed6\u5374\u4e00\u76f4\u5c0f\u5fc3\u7ffc\u7ffc\u5730\u4fdd\u7ba1\u7740\u8fd9\u628a\u94a5\u5319\u3002\u5728\u4ed6\u751f\u547d\u7684\u6700\u540e\u9636\u6bb5\uff0c\u7531\u4e8e\u75be\u75c5\u7684\u6298\u78e8\uff0c\u5f53\u4ed6\u7684\u513f\u5b50\u4e0d\u5f97\u4e0d\u63a5\u7ba1\u8fd9\u4e2a\u5c40\u9762\u65f6\uff0c\u4ed6\u8eab\u8fb9\u7684\u4eba\u624d\u53d1\u73b0\u4e86\u4ed6\u591a\u5e74\u6765\u79ef\u7d2f\u7684\u4e1c\u897f\u3002<\/p>\n<p>Dans un chai qui \u00e9tait autrefois une grange ou il avait fait mettre d\u2018\u00e9paisses portes m\u00e9talliques se trouvaient environ une quinzaine de tonneaux et quelques f\u00fbts. Dans ces tonneaux recouverts chacun d\u2018une b\u00e2che plastique noir pour limiter la co\u00fbteuse \u00ab part des anges \u00bb se trouvaient des lots de tr\u00e8s vieux Cognacs de Grande Champagne. Chaque tonneau portait des inscriptions avec l\u2018origine du produit, la quantit\u00e9 achet\u00e9e, le degr\u00e9, le volume et l\u2018ann\u00e9e de la r\u00e9colte. Mais d\u2018archives, aucune\u00a0! C\u2018est \u00e0 partir de ce moment que son \u00e9pouse a pu profiter du commerce des eaux-de-vie.<\/p>\n<\/div>","protected":false},"excerpt":{"rendered":"<p>70 cl \u74f6\u88c5\u3002<\/p>","protected":false},"featured_media":60941,"template":"","meta":{"_acf_changed":false},"product_brand":[],"product_cat":[21852,40043,40071],"product_tag":[],"class_list":{"0":"post-60942","1":"product","2":"type-product","3":"status-publish","4":"has-post-thumbnail","6":"product_cat-alcools","7":"product_cat-cognac","8":"product_cat-grosperrin","9":"product_shipping_class-alcool","11":"first","12":"instock","13":"taxable","14":"shipping-taxable","15":"purchasable","16":"product-type-simple"},"acf":[],"_links":{"self":[{"href":"https:\/\/cigarquality.com\/zh\/wp-json\/wp\/v2\/product\/60942","targetHints":{"allow":["GET"]}}],"collection":[{"href":"https:\/\/cigarquality.com\/zh\/wp-json\/wp\/v2\/product"}],"about":[{"href":"https:\/\/cigarquality.com\/zh\/wp-json\/wp\/v2\/types\/product"}],"wp:featuredmedia":[{"embeddable":true,"href":"https:\/\/cigarquality.com\/zh\/wp-json\/wp\/v2\/media\/60941"}],"wp:attachment":[{"href":"https:\/\/cigarquality.com\/zh\/wp-json\/wp\/v2\/media?parent=60942"}],"wp:term":[{"taxonomy":"product_brand","embeddable":true,"href":"https:\/\/cigarquality.com\/zh\/wp-json\/wp\/v2\/product_brand?post=60942"},{"taxonomy":"product_cat","embeddable":true,"href":"https:\/\/cigarquality.com\/zh\/wp-json\/wp\/v2\/product_cat?post=60942"},{"taxonomy":"product_tag","embeddable":true,"href":"https:\/\/cigarquality.com\/zh\/wp-json\/wp\/v2\/product_tag?post=60942"}],"curies":[{"name":"wp","href":"https:\/\/api.w.org\/{rel}","templated":true}]}}