{"id":60324,"date":"2022-05-02T10:57:31","date_gmt":"2022-05-02T09:57:31","guid":{"rendered":"https:\/\/cigarquality.com\/?post_type=product&#038;p=60324"},"modified":"2025-08-18T13:09:01","modified_gmt":"2025-08-18T11:09:01","slug":"ashton-classic-cordial-25","status":"publish","type":"product","link":"https:\/\/cigarquality.com\/zh\/boutique\/cigares-dominicains\/ashton\/ashton-classic\/ashton-classic-cordial-25\/","title":{"rendered":"\u963f\u4ec0\u987f\u7ecf\u5178\u9e21\u5c3e\u9152 (25)"},"content":{"rendered":"<p>\u5b83\u957f 12.5 \u5398\u7c73\uff0c\u76f4\u5f84 11.9 \u6beb\u7c73\u3002\u5c3a\u5bf8\u4e3a 30 \u53f7\u3002 <strong>\u963f\u4ec0\u987f\u7ecf\u5178\u9e21\u5c3e\u9152\u71c3\u70e7 25 \u5206\u949f\u3002<\/strong> \u8be5\u54c1\u724c\u5728\u591a\u7c73\u5c3c\u52a0\u5171\u548c\u56fd\u5236\u9020\u8fd9\u79cd\u957f\u8304\u82af\u96ea\u8304\u3002\u5b83\u5b8c\u5168\u7531\u624b\u5de5\u5236\u4f5c\uff0c\u586b\u5145\u7269\u548c\u7c98\u5408\u5242\u5747\u7531\u591a\u7c73\u5c3c\u52a0\u5171\u548c\u56fd\u7684\u70df\u8349\u5236\u6210\u3002\u8fd9\u79cd\u70df\u8349\u5df2\u7ecf\u9648\u653e\u4e86 3 \u5230 4 \u5e74\u3002\u81f3\u4e8e\u91d1\u8272\u7684\u8304\u8863\uff0c\u5219\u662f\u7531\u5eb7\u6d85\u72c4\u683c\u6cb3\uff08\u7f8e\u56fd\u9a6c\u8428\u8bf8\u585e\u5dde\uff09\u6cbf\u5cb8\u79cd\u690d\u56ed\u6e29\u5ba4\u91cc\u79cd\u690d\u7684\u70df\u53f6\u5236\u6210\u7684\u3002<\/p>\n<p>L\u2019Ashton Classic Cordial est un cigare moyen si l\u2019on consid\u00e8re sa puissance. En bouche, il lib\u00e8re une fum\u00e9e velout\u00e9e et cr\u00e9meuse qui \u00e9tale sur le palais une douce note bois\u00e9e m\u00eal\u00e9e \u00e0 une saveur de noix. Le tirage est agr\u00e9able et la combustibilit\u00e9 progresse de mani\u00e8re uniforme. Pour r\u00e9sumer, cette vitole a tout du cigare dominicain haut de gamme. Elle pla\u00eet aussi bien aux apprentis fumeurs qu\u2019aux grands exp\u00e9riment\u00e9s. On s\u2019offre un\u00a0Ashton\u00a0Classic Cordial lorsqu\u2019on a une forte envie de se d\u00e9lecter d\u2019un cigare de choix dans un temps limit\u00e9.<\/p>","protected":false},"excerpt":{"rendered":"<p>\u6bcf\u76d2 25 \u652f\u3002<\/p>","protected":false},"featured_media":60322,"template":"","meta":{"_acf_changed":false},"product_brand":[],"product_cat":[23113,23115,19809,19812],"product_tag":[],"class_list":{"0":"post-60324","1":"product","2":"type-product","3":"status-publish","4":"has-post-thumbnail","6":"product_cat-ashton","7":"product_cat-ashton-classic","8":"product_cat-cigares","9":"product_cat-cigares-dominicains","10":"product_shipping_class-cigares","12":"first","13":"instock","14":"sale","15":"taxable","16":"shipping-taxable","17":"purchasable","18":"product-type-simple"},"acf":[],"_links":{"self":[{"href":"https:\/\/cigarquality.com\/zh\/wp-json\/wp\/v2\/product\/60324","targetHints":{"allow":["GET"]}}],"collection":[{"href":"https:\/\/cigarquality.com\/zh\/wp-json\/wp\/v2\/product"}],"about":[{"href":"https:\/\/cigarquality.com\/zh\/wp-json\/wp\/v2\/types\/product"}],"wp:featuredmedia":[{"embeddable":true,"href":"https:\/\/cigarquality.com\/zh\/wp-json\/wp\/v2\/media\/60322"}],"wp:attachment":[{"href":"https:\/\/cigarquality.com\/zh\/wp-json\/wp\/v2\/media?parent=60324"}],"wp:term":[{"taxonomy":"product_brand","embeddable":true,"href":"https:\/\/cigarquality.com\/zh\/wp-json\/wp\/v2\/product_brand?post=60324"},{"taxonomy":"product_cat","embeddable":true,"href":"https:\/\/cigarquality.com\/zh\/wp-json\/wp\/v2\/product_cat?post=60324"},{"taxonomy":"product_tag","embeddable":true,"href":"https:\/\/cigarquality.com\/zh\/wp-json\/wp\/v2\/product_tag?post=60324"}],"curies":[{"name":"wp","href":"https:\/\/api.w.org\/{rel}","templated":true}]}}