{"id":56926,"date":"2021-12-21T15:22:00","date_gmt":"2021-12-21T14:22:00","guid":{"rendered":"https:\/\/cigarquality.com\/?post_type=product&#038;p=56926"},"modified":"2025-07-25T13:36:50","modified_gmt":"2025-07-25T11:36:50","slug":"ei-viejo-continente-edicion-aniversario-5-anos-salomon-10","status":"publish","type":"product","link":"https:\/\/cigarquality.com\/zh\/boutique\/cigares-nicaraguayens\/el-viejo-continente\/ei-viejo-continente-edicion-aniversario-5-anos-salomon-10\/","title":{"rendered":"EI Viejo Continente Edici\u00f3n Aniversario 5 A\u00f1os Salom\u00f3n (10)"},"content":{"rendered":"<p>\u96ea\u8304&nbsp;<strong>EI Viejo Continente Edici\u00f3n Aniversario 5 A\u00f1os Salom\u00f3n<\/strong>\u7eaa\u5ff5\u54c1\u724c\u521b\u7acb 5 \u5468\u5e74\u3002\u9650\u91cf\u7248\u7684\u4f18\u8d28\u96ea\u8304\uff0c\u4e0d\u5bb9\u9519\u8fc7\u3002<\/p>\n<p>\u8fd9\u6b3e\u6781\u54c1\u5377\u70df\u91c7\u7528\u5de7\u514b\u529b\u8272\u5384\u74dc\u591a\u5c14\u54c8\u74e6\u8bfa\u9a6c\u675c\u7f57\u8304\u8863\uff0c\u5de7\u5999\u5730\u5305\u88f9\u5728\u6765\u81ea\u5c3c\u52a0\u62c9\u74dc\u54c8\u62c9\u5e15\u7684\u526f\u8304\u8863\u4e0a\u3002\u70df\u53f6\u7531\u6765\u81ea\u57c3\u65af\u7279\u5229\u3001\u54c8\u62c9\u5e15\u548c\u5965\u7f8e\u7279\u4f69\u8fd9\u4e09\u4e2a\u5c3c\u52a0\u62c9\u74dc\u4e3b\u8981\u70df\u8349\u4ea7\u533a\u7684\u70df\u53f6\u6df7\u5408\u5236\u6210\u3002<\/p>\n<p>\u70b9\u71c3\u540e\uff0c\u8fd9\u652f\u96ea\u8304\u7684\u5473\u9053\u5148\u662f\u4e2d\u7b49\u9187\u539a\uff0c\u7136\u540e\u53d8\u5f97\u975e\u5e38\u6d53\u70c8\uff0c\u65e0\u8bba\u662f\u6d53\u70c8\u7a0b\u5ea6\u8fd8\u662f\u5473\u9053\uff0c\u90fd\u8ba9\u4eba\u56de\u5473\u65e0\u7a77\u3002<\/p>","protected":false},"excerpt":{"rendered":"<p>\u6bcf\u76d2 10 \u652f\u96ea\u8304\u3002<\/p>","protected":false},"featured_media":56927,"template":"","meta":{"_acf_changed":false},"product_brand":[],"product_cat":[19809,24833,34934],"product_tag":[2095],"class_list":{"0":"post-56926","1":"product","2":"type-product","3":"status-publish","4":"has-post-thumbnail","6":"product_cat-cigares","7":"product_cat-cigares-nicaraguayens","8":"product_cat-el-viejo-continente","9":"product_tag-epices","10":"product_shipping_class-cigares","12":"first","13":"instock","14":"taxable","15":"shipping-taxable","16":"purchasable","17":"product-type-simple"},"acf":[],"_links":{"self":[{"href":"https:\/\/cigarquality.com\/zh\/wp-json\/wp\/v2\/product\/56926","targetHints":{"allow":["GET"]}}],"collection":[{"href":"https:\/\/cigarquality.com\/zh\/wp-json\/wp\/v2\/product"}],"about":[{"href":"https:\/\/cigarquality.com\/zh\/wp-json\/wp\/v2\/types\/product"}],"wp:featuredmedia":[{"embeddable":true,"href":"https:\/\/cigarquality.com\/zh\/wp-json\/wp\/v2\/media\/56927"}],"wp:attachment":[{"href":"https:\/\/cigarquality.com\/zh\/wp-json\/wp\/v2\/media?parent=56926"}],"wp:term":[{"taxonomy":"product_brand","embeddable":true,"href":"https:\/\/cigarquality.com\/zh\/wp-json\/wp\/v2\/product_brand?post=56926"},{"taxonomy":"product_cat","embeddable":true,"href":"https:\/\/cigarquality.com\/zh\/wp-json\/wp\/v2\/product_cat?post=56926"},{"taxonomy":"product_tag","embeddable":true,"href":"https:\/\/cigarquality.com\/zh\/wp-json\/wp\/v2\/product_tag?post=56926"}],"curies":[{"name":"wp","href":"https:\/\/api.w.org\/{rel}","templated":true}]}}