{"id":55256,"date":"2021-09-22T08:59:31","date_gmt":"2021-09-22T07:59:31","guid":{"rendered":"https:\/\/cigarquality.com\/?post_type=product&#038;p=55256"},"modified":"2025-09-11T11:14:57","modified_gmt":"2025-09-11T09:14:57","slug":"carlos-andre-airborne-robusto-10","status":"publish","type":"product","link":"https:\/\/cigarquality.com\/zh\/boutique\/cigares-dominicains\/carlos-andre\/carlos-andre-airborne\/carlos-andre-airborne-robusto-10\/","title":{"rendered":"\u5361\u6d1b\u65af-\u5b89\u5fb7\u70c8\u7a7a\u964d\u7f57\u4f2f\u65af\u6258\uff0810\uff09"},"content":{"rendered":"<p><strong>\u5361\u6d1b\u65af-\u5b89\u5fb7\u70c8\u7a7a\u964d\u5175 Robusto \u96ea\u8304<\/strong> est le classique parmi les formats de cigares et convainc par son \u00e9quilibre harmonieux en pr\u00e9sence d&rsquo;ar\u00f4mes luxuriants. D\u00e8s le d\u00e9part, une vari\u00e9t\u00e9 aromatique de fruits m\u00fbrs se pr\u00e9sente avec la douceur fine typique, qui contraste avec la fine astringence du chocolat noir, les notes \u00e9pic\u00e9es distinctives et les ar\u00f4mes d&rsquo;amandes grill\u00e9es. Harmonieusement, cette vari\u00e9t\u00e9 de saveurs est uniform\u00e9ment intensifi\u00e9e et ensuite l\u00e9g\u00e8rement soulign\u00e9e par des notes de cuir et des nuances de caramel. Sans acidit\u00e9 ni amertume, ce <strong>\u5361\u6d1b\u65af-\u5b89\u5fb7\u70c8\u7a7a\u964d\u7f57\u4f2f\u65af\u6258<\/strong> \u6700\u540e\u518d\u52a0\u5165\u5c11\u8bb8\u699b\u5b50\u3002<\/p>","protected":false},"excerpt":{"rendered":"<p>\u6bcf\u76d2 10 \u652f\u96ea\u8304\u3002<\/p>","protected":false},"featured_media":55260,"template":"","meta":{"_acf_changed":false},"product_brand":[],"product_cat":[34925,34926,19809,19812],"product_tag":[],"class_list":{"0":"post-55256","1":"product","2":"type-product","3":"status-publish","4":"has-post-thumbnail","6":"product_cat-carlos-andre","7":"product_cat-carlos-andre-airborne","8":"product_cat-cigares","9":"product_cat-cigares-dominicains","10":"product_shipping_class-cigares","12":"first","13":"instock","14":"sale","15":"taxable","16":"shipping-taxable","17":"purchasable","18":"product-type-simple"},"acf":[],"_links":{"self":[{"href":"https:\/\/cigarquality.com\/zh\/wp-json\/wp\/v2\/product\/55256","targetHints":{"allow":["GET"]}}],"collection":[{"href":"https:\/\/cigarquality.com\/zh\/wp-json\/wp\/v2\/product"}],"about":[{"href":"https:\/\/cigarquality.com\/zh\/wp-json\/wp\/v2\/types\/product"}],"wp:featuredmedia":[{"embeddable":true,"href":"https:\/\/cigarquality.com\/zh\/wp-json\/wp\/v2\/media\/55260"}],"wp:attachment":[{"href":"https:\/\/cigarquality.com\/zh\/wp-json\/wp\/v2\/media?parent=55256"}],"wp:term":[{"taxonomy":"product_brand","embeddable":true,"href":"https:\/\/cigarquality.com\/zh\/wp-json\/wp\/v2\/product_brand?post=55256"},{"taxonomy":"product_cat","embeddable":true,"href":"https:\/\/cigarquality.com\/zh\/wp-json\/wp\/v2\/product_cat?post=55256"},{"taxonomy":"product_tag","embeddable":true,"href":"https:\/\/cigarquality.com\/zh\/wp-json\/wp\/v2\/product_tag?post=55256"}],"curies":[{"name":"wp","href":"https:\/\/api.w.org\/{rel}","templated":true}]}}