{"id":55119,"date":"2021-09-14T14:06:32","date_gmt":"2021-09-14T13:06:32","guid":{"rendered":"https:\/\/cigarquality.com\/?post_type=product&#038;p=55119"},"modified":"2025-07-25T14:01:23","modified_gmt":"2025-07-25T12:01:23","slug":"bentley-robusto-20","status":"publish","type":"product","link":"https:\/\/cigarquality.com\/zh\/boutique\/cigares-nicaraguayens\/bentley\/bentley-robusto-20\/","title":{"rendered":"\u5bbe\u5229 Robusto (20)"},"content":{"rendered":"<p>\u5317\u7eac 13\u00b051'\uff0c\u897f\u7ecf 86\u00b06'\uff1a\u6b22\u8fce\u6765\u5230\u54c8\u62c9\u5e15\u5c71\u8c37\u3002\u8fd9\u91cc\u4f4d\u4e8e\u57c3\u65af\u7279\u5229\u548c\u5b54\u5fb7\u52a0\u7684\u4e1c\u5317\u90e8\uff0c\u9760\u8fd1\u6d2a\u90fd\u62c9\u65af\u8fb9\u5883\uff0c\u80a5\u6c83\u7684\u571f\u58e4\u4e3a\u70df\u8349\u7684\u751f\u957f\u63d0\u4f9b\u4e86\u826f\u597d\u7684\u6761\u4ef6\u3002\u4ea7\u81ea\u8fd9\u4e00\u5730\u533a\u7684\u70df\u53f6\u6750\u6599\u8d4b\u4e88\u4e86\u5c3c\u52a0\u62c9\u74dc\u5bbe\u5229\u96ea\u8304\u72ec\u7279\u7684\u53e3\u611f\u3002\u8fd9\u4e5f\u6709\u529b\u5730\u8bc1\u660e\u4e86\u5f53\u5730\u70df\u8349\u79cd\u690d\u7684\u7279\u6b8a\u54c1\u8d28\u3002<\/p>\n<p>\u751f\u547d\u4e2d\u771f\u6b63\u73cd\u8d35\u7684\u4e1c\u897f\u662f\u7a00\u6709\u7684\u3002\u5c31\u50cf\u96ea\u8304\u4e0a\u7684\u7f57\u8428\u591a\u8304\u8863 <strong>\u5bbe\u5229 Robusto<\/strong> Nicaragua. Les connaisseurs savent \u00e0 quel point cette feuille est difficile \u00e0 cultiver. Appr\u00e9ciez la d&rsquo;autant plus lorsque vous fumerez. L&rsquo;artisanat traditionnel se fait \u00e9galement de plus en plus rare. C&rsquo;est ce qui fait du cigare simple une caract\u00e9ristique de bon go\u00fbt : de l&rsquo;\u00e9levage du tabac \u00e0 la maturation de trois ans des feuilles en passant par le roulage du cigare &#8211; nos collaborateurs accompagnent l&rsquo;ensemble du processus de production directement sur place. Dans la plus ancienne fabrique de cigares du Nicaragua.<\/p>\n<p>\u8fd9\u5c31\u662f\u96ea\u8304\u5473\u9053\u975e\u51e1\u7684\u539f\u56e0 <strong>\u5bbe\u5229 Robusto<\/strong> \u6bcf\u4e00\u53e3\u90fd\u80fd\u611f\u53d7\u5230\u5176\u6d53\u90c1\u7684\u7279\u8272\u3002\u4f46\u5728\u6574\u4e2a\u54c1\u5c1d\u8fc7\u7a0b\u4e2d\uff0c\u5b83\u4f9d\u7136\u4fdd\u6301\u7740\u987a\u6ed1\u7684\u53e3\u611f\u3002<\/p>","protected":false},"excerpt":{"rendered":"<p>\u6bcf\u76d2 20 \u652f\u3002<\/p>","protected":false},"featured_media":55120,"template":"","meta":{"_acf_changed":false},"product_brand":[],"product_cat":[24836,19809,24833],"product_tag":[],"class_list":{"0":"post-55119","1":"product","2":"type-product","3":"status-publish","4":"has-post-thumbnail","6":"product_cat-bentley","7":"product_cat-cigares","8":"product_cat-cigares-nicaraguayens","9":"product_shipping_class-cigares","11":"first","12":"instock","13":"taxable","14":"shipping-taxable","15":"purchasable","16":"product-type-simple"},"acf":[],"_links":{"self":[{"href":"https:\/\/cigarquality.com\/zh\/wp-json\/wp\/v2\/product\/55119","targetHints":{"allow":["GET"]}}],"collection":[{"href":"https:\/\/cigarquality.com\/zh\/wp-json\/wp\/v2\/product"}],"about":[{"href":"https:\/\/cigarquality.com\/zh\/wp-json\/wp\/v2\/types\/product"}],"wp:featuredmedia":[{"embeddable":true,"href":"https:\/\/cigarquality.com\/zh\/wp-json\/wp\/v2\/media\/55120"}],"wp:attachment":[{"href":"https:\/\/cigarquality.com\/zh\/wp-json\/wp\/v2\/media?parent=55119"}],"wp:term":[{"taxonomy":"product_brand","embeddable":true,"href":"https:\/\/cigarquality.com\/zh\/wp-json\/wp\/v2\/product_brand?post=55119"},{"taxonomy":"product_cat","embeddable":true,"href":"https:\/\/cigarquality.com\/zh\/wp-json\/wp\/v2\/product_cat?post=55119"},{"taxonomy":"product_tag","embeddable":true,"href":"https:\/\/cigarquality.com\/zh\/wp-json\/wp\/v2\/product_tag?post=55119"}],"curies":[{"name":"wp","href":"https:\/\/api.w.org\/{rel}","templated":true}]}}