{"id":55019,"date":"2021-09-06T08:18:04","date_gmt":"2021-09-06T07:18:04","guid":{"rendered":"https:\/\/cigarquality.com\/?post_type=product&#038;p=55019"},"modified":"2026-03-27T21:09:06","modified_gmt":"2026-03-27T20:09:06","slug":"trinidad-vigia-tubos-5x3","status":"publish","type":"product","link":"https:\/\/cigarquality.com\/zh\/boutique\/cigares-cubains\/trinidad\/trinidad-vigia-tubos-5x3\/","title":{"rendered":"\u7279\u7acb\u5c3c\u8fbe Vigia Tubos\uff085\u00d73\uff09"},"content":{"rendered":"<p>\u968f\u7740\u8457\u540d\u7684 Robusto T \u548c Robusto Extra \u7684\u505c\u4ea7\uff0c\u8be5\u54c1\u724c\u6ce8\u5b9a\u8981\u6d88\u5931\uff0c\u4f46\u54c8\u74e6\u8bfa\u65af\u6700\u7ec8\u505a\u51fa\u4e86\u4e0d\u540c\u7684\u51b3\u5b9a\u3002<\/p>\n<p><strong>\u7279\u7acb\u5c3c\u8fbe\uff0c\u90a3\u4e2a\u6807\u5fd7\u6027\u7684\u54c1\u724c\u3001<\/strong> \u521b\u5efa\u4e8e 20 \u4e16\u7eaa\u672b\uff0c\u73b0\u5728\u4e3a\u6211\u4eec\u63d0\u4f9b\u4e86 <strong>Trinidad Vigia Tubos\u3001<\/strong> un petit cigare au ventre dodu et au caract\u00e8re agr\u00e9able. Bien en place dans une cape Claro, la tripe offre \u00e0 cru des notes de chocolat et de noix grill\u00e9es. Le tirage pr\u00e9sente peu de retenue, les volutes sont g\u00e9n\u00e9reuses. Les notes de fruits \u00e0 coques envelopp\u00e9es d&rsquo;une touche cr\u00e9meuse sont parfaitement en ligne avec la palette aromatique de la marque. Le bois\u00e9 s&rsquo;installe avec parcimonie. Aucune amertume ne vient perturber la rencontre avec ce Petit Robusto. Une belle r\u00e9ussite pour la r\u00e9surrection de cette marque l\u00e9gendaire.<\/p>","protected":false},"excerpt":{"rendered":"<p>5 \u76d2\u88c5\u96ea\u8304\uff0c\u6bcf\u76d2 3 \u652f\u3002<\/p>","protected":false},"featured_media":55020,"template":"","meta":{"_acf_changed":false},"product_brand":[],"product_cat":[19809,19845,21235],"product_tag":[1903,1893],"class_list":{"0":"post-55019","1":"product","2":"type-product","3":"status-publish","4":"has-post-thumbnail","6":"product_cat-cigares","7":"product_cat-cigares-cubains","8":"product_cat-trinidad","9":"product_tag-chocolat","10":"product_tag-noix-grillees","11":"product_shipping_class-cigares","13":"first","14":"instock","15":"taxable","16":"shipping-taxable","17":"purchasable","18":"product-type-simple"},"acf":[],"_links":{"self":[{"href":"https:\/\/cigarquality.com\/zh\/wp-json\/wp\/v2\/product\/55019","targetHints":{"allow":["GET"]}}],"collection":[{"href":"https:\/\/cigarquality.com\/zh\/wp-json\/wp\/v2\/product"}],"about":[{"href":"https:\/\/cigarquality.com\/zh\/wp-json\/wp\/v2\/types\/product"}],"wp:featuredmedia":[{"embeddable":true,"href":"https:\/\/cigarquality.com\/zh\/wp-json\/wp\/v2\/media\/55020"}],"wp:attachment":[{"href":"https:\/\/cigarquality.com\/zh\/wp-json\/wp\/v2\/media?parent=55019"}],"wp:term":[{"taxonomy":"product_brand","embeddable":true,"href":"https:\/\/cigarquality.com\/zh\/wp-json\/wp\/v2\/product_brand?post=55019"},{"taxonomy":"product_cat","embeddable":true,"href":"https:\/\/cigarquality.com\/zh\/wp-json\/wp\/v2\/product_cat?post=55019"},{"taxonomy":"product_tag","embeddable":true,"href":"https:\/\/cigarquality.com\/zh\/wp-json\/wp\/v2\/product_tag?post=55019"}],"curies":[{"name":"wp","href":"https:\/\/api.w.org\/{rel}","templated":true}]}}