{"id":54552,"date":"2021-08-12T14:20:54","date_gmt":"2021-08-12T12:20:54","guid":{"rendered":"https:\/\/cigarquality.com\/?post_type=product&#038;p=54552"},"modified":"2026-03-31T15:37:25","modified_gmt":"2026-03-31T13:37:25","slug":"arturo-fuente-fuente-opus-x-oro-oscuro-reserva-dchateau-32","status":"publish","type":"product","link":"https:\/\/cigarquality.com\/zh\/boutique\/cigares-dominicains\/arturo-fuente\/fuente-fuente-opus-x\/fuente-fuente-opus-x-oro-oscuro\/arturo-fuente-fuente-opus-x-oro-oscuro-reserva-dchateau-32\/","title":{"rendered":"Arturo Fuente FFOX Oro Oscuro Reserva D'chateau (32)"},"content":{"rendered":"<p><strong>\u6a58\u9ec4\u8272\u7684\u5305\u88c5\u76d2\u662f Arturo Fuente Fuente Opus X Oro Oscuro Reserva D'Chateau \u7684\u6807\u5fd7\u3001<\/strong> promet la d\u00e9couverte d\u2019un tr\u00e9sor \u00e0 la hauteur des attentes des adeptes de la marque. A l\u2019int\u00e9rieur de cet \u00e9crin exquis, vous d\u00e9couvrirez un Churchill parfaitement confectionn\u00e9, arborant la magnifique cape dominicaine du Opus X qui fut soumise \u00e0 un processus de fermentation prolong\u00e9 dont la recette hautement secr\u00e8te reste \u00e0 d\u00e9couvrir. C\u2019est ce proc\u00e9d\u00e9 qui permet \u00e0 la cape de d\u00e9velopper son coloris unique; un Maduro noir et chocolat\u00e9. Les ar\u00f4mes du cigare sont ainsi red\u00e9finis dans leur puissance et leur intensit\u00e9.<\/p>","protected":false},"excerpt":{"rendered":"<p>\u4e00\u76d2 32 \u652f\u96ea\u8304\u3002<\/p>","protected":false},"featured_media":54591,"template":"","meta":{"_acf_changed":false},"product_brand":[],"product_cat":[16857,19809,19812,24616,34777,19793],"product_tag":[1623,10912,10913],"class_list":{"0":"post-54552","1":"product","2":"type-product","3":"status-publish","4":"has-post-thumbnail","6":"product_cat-arturo-fuente","7":"product_cat-cigares","8":"product_cat-cigares-dominicains","9":"product_cat-fuente-fuente-opus-x","10":"product_cat-fuente-fuente-opus-x-oro-oscuro","11":"product_cat-hard-to-find","12":"product_tag-opus-x","13":"product_tag-oscuro","14":"product_tag-oscuro-oro","15":"product_shipping_class-cigares","17":"first","18":"instock","19":"taxable","20":"shipping-taxable","21":"purchasable","22":"product-type-simple"},"acf":[],"_links":{"self":[{"href":"https:\/\/cigarquality.com\/zh\/wp-json\/wp\/v2\/product\/54552","targetHints":{"allow":["GET"]}}],"collection":[{"href":"https:\/\/cigarquality.com\/zh\/wp-json\/wp\/v2\/product"}],"about":[{"href":"https:\/\/cigarquality.com\/zh\/wp-json\/wp\/v2\/types\/product"}],"wp:featuredmedia":[{"embeddable":true,"href":"https:\/\/cigarquality.com\/zh\/wp-json\/wp\/v2\/media\/54591"}],"wp:attachment":[{"href":"https:\/\/cigarquality.com\/zh\/wp-json\/wp\/v2\/media?parent=54552"}],"wp:term":[{"taxonomy":"product_brand","embeddable":true,"href":"https:\/\/cigarquality.com\/zh\/wp-json\/wp\/v2\/product_brand?post=54552"},{"taxonomy":"product_cat","embeddable":true,"href":"https:\/\/cigarquality.com\/zh\/wp-json\/wp\/v2\/product_cat?post=54552"},{"taxonomy":"product_tag","embeddable":true,"href":"https:\/\/cigarquality.com\/zh\/wp-json\/wp\/v2\/product_tag?post=54552"}],"curies":[{"name":"wp","href":"https:\/\/api.w.org\/{rel}","templated":true}]}}