{"id":51799,"date":"2021-02-24T12:15:06","date_gmt":"2021-02-24T11:15:06","guid":{"rendered":"https:\/\/cigarquality.com\/?post_type=product&#038;p=51799"},"modified":"2026-01-05T16:32:41","modified_gmt":"2026-01-05T15:32:41","slug":"hoyo-de-monterrey-le-hoyo-de-rio-seco-a-t-5-x-3","status":"publish","type":"product","link":"https:\/\/cigarquality.com\/zh\/boutique\/cigares-cubains\/hoyo-de-monterrey\/hoyo-de-monterrey-le-hoyo\/hoyo-de-monterrey-le-hoyo-de-rio-seco-a-t-5-x-3\/","title":{"rendered":"Hoyo de Monterrey The Hoyo de R\u00edo Seco Tubos (5\u00d73)"},"content":{"rendered":"<p><strong>Hoyo de Monterrey Hoyo de R\u00edo Seco Tubos\u3001<\/strong> Hoyo de Monterrey \u54c1\u724c\u7684\u65b0\u6b3e\u96ea\u8304\u52a0\u5165\u4e86 Le Hoyo \u7cfb\u5217\uff0c\u6269\u5927\u4e86\u5927\u76f4\u5f84\u96ea\u8304\u7684\u8303\u56f4\u3002\u4e0e\u8be5\u54c1\u724c\u7684\u5176\u4ed6\u96ea\u8304\u4e00\u6837\uff0cHoyo de Rio Seco \u4e5f\u662f\u7531\u4ee5\u4e0b\u6750\u6599\u5236\u6210\u7684 <strong>\"Totalmente a Mano con Tripa Larga - \u5168\u624b\u5de5\u5236\u4f5c\u957f\u725b\u809a<\/strong> - \u7531\u624d\u534e\u6a2a\u6ea2\u7684\u53e4\u5df4\u5377\u70df\u5de5\u5236\u4f5c\u3002 <strong>\u65b0\u6b3e Hoyo de Monterrey de R\u00edo Seco \u80af\u5b9a\u4f1a\u8ba9\u7ec6\u817b\u3001\u82b3\u9999\u548c\u6e05\u6de1\u7684\u96ea\u8304\u7231\u597d\u8005\u6b23\u559c\u4e0d\u5df2\u3002&nbsp;<\/strong> &nbsp;<\/p>","protected":false},"excerpt":{"rendered":"<p>5 \u76d2\u88c5\u96ea\u8304\uff0c\u6bcf\u76d2 3 \u652f\u3002<\/p>","protected":false},"featured_media":51798,"template":"","meta":{"_acf_changed":false},"product_brand":[],"product_cat":[19809,19845,35059,20969,45388],"product_tag":[],"class_list":{"0":"post-51799","1":"product","2":"type-product","3":"status-publish","4":"has-post-thumbnail","6":"product_cat-cigares","7":"product_cat-cigares-cubains","8":"product_cat-etuis-de-3-a-5-cigares","9":"product_cat-hoyo-de-monterrey","10":"product_cat-hoyo-de-monterrey-le-hoyo","11":"product_shipping_class-cigares","13":"first","14":"outofstock","15":"taxable","16":"shipping-taxable","17":"purchasable","18":"product-type-simple"},"acf":[],"_links":{"self":[{"href":"https:\/\/cigarquality.com\/zh\/wp-json\/wp\/v2\/product\/51799","targetHints":{"allow":["GET"]}}],"collection":[{"href":"https:\/\/cigarquality.com\/zh\/wp-json\/wp\/v2\/product"}],"about":[{"href":"https:\/\/cigarquality.com\/zh\/wp-json\/wp\/v2\/types\/product"}],"wp:featuredmedia":[{"embeddable":true,"href":"https:\/\/cigarquality.com\/zh\/wp-json\/wp\/v2\/media\/51798"}],"wp:attachment":[{"href":"https:\/\/cigarquality.com\/zh\/wp-json\/wp\/v2\/media?parent=51799"}],"wp:term":[{"taxonomy":"product_brand","embeddable":true,"href":"https:\/\/cigarquality.com\/zh\/wp-json\/wp\/v2\/product_brand?post=51799"},{"taxonomy":"product_cat","embeddable":true,"href":"https:\/\/cigarquality.com\/zh\/wp-json\/wp\/v2\/product_cat?post=51799"},{"taxonomy":"product_tag","embeddable":true,"href":"https:\/\/cigarquality.com\/zh\/wp-json\/wp\/v2\/product_tag?post=51799"}],"curies":[{"name":"wp","href":"https:\/\/api.w.org\/{rel}","templated":true}]}}