{"id":48792,"date":"2018-03-29T10:29:37","date_gmt":"2018-03-29T09:29:37","guid":{"rendered":"https:\/\/mkulcarx.preview.infomaniak.website\/produit\/ashton-vsg-torpedo\/"},"modified":"2025-10-06T13:54:47","modified_gmt":"2025-10-06T11:54:47","slug":"ashton-vsg-torpedo","status":"publish","type":"product","link":"https:\/\/cigarquality.com\/zh\/boutique\/cigares-dominicains\/ashton\/ashton-virgin-sun-grown\/ashton-vsg-torpedo\/","title":{"rendered":"\u963f\u4ec0\u987f VSG \u9c7c\u96f7 (24)"},"content":{"rendered":"<p>2007 \u5e74\uff0cAshton VSG Torpedo \u7684\u5353\u8d8a\u54c1\u8d28\u5f97\u5230\u4e86\u96ea\u8304\u7231\u597d\u8005\u7684\u6743\u5a01\u6742\u5fd7\u300a\u96ea\u8304\u7231\u597d\u8005\u300b\uff08Cigar Aficionado\uff09\u7684\u8ba4\u53ef\u3002 <strong>\u5f53\u5e74\uff0c\u8fd9\u6b3e\u96ea\u8304\u4ee5 93\/100 \u7684\u9ad8\u5206\u88ab\u8bc4\u4e3a\u6700\u4f73\u96ea\u8304\u7684\u7b2c\u4e94\u540d\u3002<\/strong> \u6392\u540d\u57fa\u4e8e\u8bfb\u8005\u7684\u53cd\u9988\u610f\u89c1\u3002<\/p>\n<p>Les feuilles de la tripe et de la sous-cape proviennent des plantations de tabac de la\u00a0R\u00e9publique dominicaine\u00a0(vieillissement sur 5 ans). L\u2019orchestration des m\u00e9langes est l\u2019\u0153uvre de Carlos Fuente Jr. Quant aux feuilles de la cape, elles viennent d\u2019\u00c9quateur o\u00f9 elles sont r\u00e9colt\u00e9es dans des champs de tabac appartenant \u00e0 la famille Oliva. Les plants de tabac y poussent \u00e0 l\u2019air libre. Les feuilles suivent plusieurs \u00e9tapes de fermentation avant d\u2019\u00eatre utilis\u00e9es. L\u2019\u00e9laboration de la vitole se fait enti\u00e8rement \u00e0 la main.<\/p>\n<p>L\u2019Ashton Virgin Sun Grown Torpedo est un cigare \u00e0 tripe longue de classe figurado. Cela signifie qu\u2019il ne pr\u00e9sente pas une forme cylindrique. Effectivement, la vitole affiche une allure de torpille correspondant \u00e0 un module dit pyr\u00e1mide. Sa cape colorado (brun moyen) est l\u00e9g\u00e8rement huileuse. Le VSG Torpedo d\u2019Ashton fait 167 mm de long pour un diam\u00e8tre de 19.8 mm (calibre 55). La vitole d\u00e9ploie une force qui \u00e9volue d\u2019un niveau moyen \u00e0 fort. L\u2019\u00e9quilibre du cigare est impressionnant. Cigare rond, l\u2019Ashton VSG Torpedo est \u00e9galement riche en ar\u00f4mes (bois, terre, caf\u00e9, chocolat). Ces derniers sont en plus copieux.<\/p>","protected":false},"excerpt":{"rendered":"<p>\u4e00\u76d2 24 \u652f\u3002<\/p>","protected":false},"featured_media":48796,"template":"","meta":{"_acf_changed":false},"product_brand":[],"product_cat":[23113,32583,19809,19812],"product_tag":[2353,942,1903,2050],"class_list":{"0":"post-48792","1":"product","2":"type-product","3":"status-publish","4":"has-post-thumbnail","6":"product_cat-ashton","7":"product_cat-ashton-virgin-sun-grown","8":"product_cat-cigares","9":"product_cat-cigares-dominicains","10":"product_tag-bois","11":"product_tag-cafe","12":"product_tag-chocolat","13":"product_tag-terre","14":"product_shipping_class-cigares","16":"first","17":"instock","18":"sale","19":"taxable","20":"shipping-taxable","21":"purchasable","22":"product-type-simple"},"acf":[],"_links":{"self":[{"href":"https:\/\/cigarquality.com\/zh\/wp-json\/wp\/v2\/product\/48792","targetHints":{"allow":["GET"]}}],"collection":[{"href":"https:\/\/cigarquality.com\/zh\/wp-json\/wp\/v2\/product"}],"about":[{"href":"https:\/\/cigarquality.com\/zh\/wp-json\/wp\/v2\/types\/product"}],"wp:featuredmedia":[{"embeddable":true,"href":"https:\/\/cigarquality.com\/zh\/wp-json\/wp\/v2\/media\/48796"}],"wp:attachment":[{"href":"https:\/\/cigarquality.com\/zh\/wp-json\/wp\/v2\/media?parent=48792"}],"wp:term":[{"taxonomy":"product_brand","embeddable":true,"href":"https:\/\/cigarquality.com\/zh\/wp-json\/wp\/v2\/product_brand?post=48792"},{"taxonomy":"product_cat","embeddable":true,"href":"https:\/\/cigarquality.com\/zh\/wp-json\/wp\/v2\/product_cat?post=48792"},{"taxonomy":"product_tag","embeddable":true,"href":"https:\/\/cigarquality.com\/zh\/wp-json\/wp\/v2\/product_tag?post=48792"}],"curies":[{"name":"wp","href":"https:\/\/api.w.org\/{rel}","templated":true}]}}