{"id":48574,"date":"2018-03-29T11:29:52","date_gmt":"2018-03-29T09:29:52","guid":{"rendered":"https:\/\/mkulcarx.preview.infomaniak.website\/produit\/inch-no-64-maduro\/"},"modified":"2025-10-04T10:09:06","modified_gmt":"2025-10-04T08:09:06","slug":"e-p-carrillo-inch-no-64-maduro","status":"publish","type":"product","link":"https:\/\/cigarquality.com\/zh\/boutique\/cigares-dominicains\/ernesto-perez-carrillo\/dimension-series\/e-p-c-inch-maduro\/e-p-carrillo-inch-no-64-maduro\/","title":{"rendered":"E.P. Carrillo INCH No. 64 Maduro (24)"},"content":{"rendered":"<p>La cape de l&rsquo;E. P. Carrillo Inch No. 64 Maduro est l\u00e9g\u00e8rement plus fonc\u00e9e et comporte peu de veines, le roulage est r\u00e9gulier et le remplissage dense. L&#8217;embrasement n\u00e9cessite de l&rsquo;attention. Le cigare devra \u00eatre allum\u00e9 uniform\u00e9ment pour que la combustion soit compl\u00e8te. Comme pour le mod\u00e8le 64 Natural, le cacao et le caf\u00e9 dominent. Plus torr\u00e9fi\u00e9 que la version plus claire, la puissance est l\u00e9g\u00e8rement plus pr\u00e9sente sans \u00eatre n\u00e9anmoins de trop. Le 64 Natural ou le 64 Maduro est un choix corn\u00e9lien \u00e0 consid\u00e9rer.<\/p>","protected":false},"excerpt":{"rendered":"<p>\u4e00\u76d2 24 \u652f\u3002<\/p>","protected":false},"featured_media":55078,"template":"","meta":{"_acf_changed":false},"product_brand":[],"product_cat":[19809,19812,24388,24386,32499],"product_tag":[626,942],"class_list":{"0":"post-48574","1":"product","2":"type-product","3":"status-publish","4":"has-post-thumbnail","6":"product_cat-cigares","7":"product_cat-cigares-dominicains","8":"product_cat-dimension-series","9":"product_cat-ernesto-perez-carrillo","10":"product_cat-e-p-c-inch-maduro","11":"product_tag-cacao","12":"product_tag-cafe","13":"product_shipping_class-cigares","15":"first","16":"instock","17":"sale","18":"taxable","19":"shipping-taxable","20":"purchasable","21":"product-type-simple"},"acf":[],"_links":{"self":[{"href":"https:\/\/cigarquality.com\/zh\/wp-json\/wp\/v2\/product\/48574","targetHints":{"allow":["GET"]}}],"collection":[{"href":"https:\/\/cigarquality.com\/zh\/wp-json\/wp\/v2\/product"}],"about":[{"href":"https:\/\/cigarquality.com\/zh\/wp-json\/wp\/v2\/types\/product"}],"wp:featuredmedia":[{"embeddable":true,"href":"https:\/\/cigarquality.com\/zh\/wp-json\/wp\/v2\/media\/55078"}],"wp:attachment":[{"href":"https:\/\/cigarquality.com\/zh\/wp-json\/wp\/v2\/media?parent=48574"}],"wp:term":[{"taxonomy":"product_brand","embeddable":true,"href":"https:\/\/cigarquality.com\/zh\/wp-json\/wp\/v2\/product_brand?post=48574"},{"taxonomy":"product_cat","embeddable":true,"href":"https:\/\/cigarquality.com\/zh\/wp-json\/wp\/v2\/product_cat?post=48574"},{"taxonomy":"product_tag","embeddable":true,"href":"https:\/\/cigarquality.com\/zh\/wp-json\/wp\/v2\/product_tag?post=48574"}],"curies":[{"name":"wp","href":"https:\/\/api.w.org\/{rel}","templated":true}]}}