{"id":47293,"date":"2018-03-29T11:32:32","date_gmt":"2018-03-29T09:32:32","guid":{"rendered":"https:\/\/mkulcarx.preview.infomaniak.website\/produit\/grand-cru-no-2-cello-25-cigares\/"},"modified":"2026-03-12T18:21:49","modified_gmt":"2026-03-12T17:21:49","slug":"davidoff-grand-cru-no-2-cello-25-cigares","status":"publish","type":"product","link":"https:\/\/cigarquality.com\/zh\/boutique\/cigares-dominicains\/davidoff\/grand-cru\/davidoff-grand-cru-no-2-cello-25-cigares\/","title":{"rendered":"Davidoff Grand Cru No."},"content":{"rendered":"<p>\u5176\u957f\u5ea6\u4e3a 142.8 \u6beb\u7c73\u3002\u76f4\u5f84\u4e3a 17 \u6beb\u7c73\u3002\u53e3\u5f84\u4e3a 43 \u6beb\u7c73\u3002\u5b83\u7684\u6a21\u6570\u88ab\u79f0\u4e3a\u957f\u51a0\uff08corona larga\uff09\u3002\u4f30\u8ba1\u9700\u8981 30 \u5206\u949f\u624d\u80fd\u54c1\u5c1d\u5230\u3002\u725b\u809a <strong>\u5927\u536b\u675c\u592b 2 \u53f7\u7279\u7ea7\u9999\u69df<\/strong> est compos\u00e9e en grande partie de feuilles ligero pr\u00e9lev\u00e9es au sommet des pieds de tabac. Elles proviennent des champs de la R\u00e9publique dominicaine, tout comme les autres feuilles qui forment la tripe et celles qui servent \u00e0 la r\u00e9alisation de la sous-cape. En revanche, la feuille de cape colorado claro est un connecticut shade issu de plantations en \u00c9quateur. Son allumage est simple et sa combustibilit\u00e9 est parfaite. La vitole exhale une saveur forte. C\u2019est un cigare cors\u00e9 avec un parfait \u00e9quilibre des ar\u00f4mes. Le panel aromatique fait la part belle au go\u00fbt de noisette ainsi qu\u2019\u00e0 une note bois\u00e9e. L\u2019odeur de l\u2019herbe est \u00e9galement omnipr\u00e9sente m\u00eame si elle est moins intense que les deux pr\u00e9c\u00e9dents ar\u00f4mes. Enfin, il faut savoir que le cigare <strong>\u5927\u536b\u675c\u592b 2 \u53f7\u7279\u7ea7\u9999\u69df<\/strong> \u8fd9\u662f\u4e00\u6b3e\u4e2d\u5ea6\u6e29\u548c\u7684\u96ea\u8304\uff0c\u9002\u5408\u521d\u5b66\u8005\u548c\u7ecf\u9a8c\u4e30\u5bcc\u7684\u5438\u70df\u8005\u3002<\/p>","protected":false},"excerpt":{"rendered":"<p>\u6bcf\u76d2 25 \u652f\u3002<\/p>","protected":false},"featured_media":6659,"template":"","meta":{"_acf_changed":false},"product_brand":[],"product_cat":[19809,19812,19835,27080],"product_tag":[],"class_list":{"0":"post-47293","1":"product","2":"type-product","3":"status-publish","4":"has-post-thumbnail","6":"product_cat-cigares","7":"product_cat-cigares-dominicains","8":"product_cat-davidoff","9":"product_cat-grand-cru","10":"product_shipping_class-cigares","12":"first","13":"instock","14":"sale","15":"taxable","16":"shipping-taxable","17":"purchasable","18":"product-type-simple"},"acf":[],"_links":{"self":[{"href":"https:\/\/cigarquality.com\/zh\/wp-json\/wp\/v2\/product\/47293","targetHints":{"allow":["GET"]}}],"collection":[{"href":"https:\/\/cigarquality.com\/zh\/wp-json\/wp\/v2\/product"}],"about":[{"href":"https:\/\/cigarquality.com\/zh\/wp-json\/wp\/v2\/types\/product"}],"wp:featuredmedia":[{"embeddable":true,"href":"https:\/\/cigarquality.com\/zh\/wp-json\/wp\/v2\/media\/6659"}],"wp:attachment":[{"href":"https:\/\/cigarquality.com\/zh\/wp-json\/wp\/v2\/media?parent=47293"}],"wp:term":[{"taxonomy":"product_brand","embeddable":true,"href":"https:\/\/cigarquality.com\/zh\/wp-json\/wp\/v2\/product_brand?post=47293"},{"taxonomy":"product_cat","embeddable":true,"href":"https:\/\/cigarquality.com\/zh\/wp-json\/wp\/v2\/product_cat?post=47293"},{"taxonomy":"product_tag","embeddable":true,"href":"https:\/\/cigarquality.com\/zh\/wp-json\/wp\/v2\/product_tag?post=47293"}],"curies":[{"name":"wp","href":"https:\/\/api.w.org\/{rel}","templated":true}]}}