{"id":47261,"date":"2018-03-29T10:32:32","date_gmt":"2018-03-29T09:32:32","guid":{"rendered":"https:\/\/mkulcarx.preview.infomaniak.website\/produit\/signature-2000-cello-5-cigares\/"},"modified":"2026-04-07T14:24:10","modified_gmt":"2026-04-07T12:24:10","slug":"davidoff-signature-2000-cello-5-cigares","status":"publish","type":"product","link":"https:\/\/cigarquality.com\/zh\/boutique\/cigares-dominicains\/davidoff\/signature\/davidoff-signature-2000-cello-5-cigares\/","title":{"rendered":"\u5927\u536b\u675c\u592b\u7b7e\u540d 2000 \u76d2\uff085\uff09"},"content":{"rendered":"<p>La s\u00e9rie Davidoff Signature repr\u00e9sente le raffinement iconique en \u00e9pousant les s\u00e9ries Classic et Mille.\u00a0Intemporel et \u00e9l\u00e9gant dans tous les sens du terme, le m\u00e9lange Signature permet aux senteurs florales fra\u00eeches de se m\u00ealer aux notes terreuses et bois\u00e9es, r\u00e9v\u00e9lant une pointe de douceur qui laisse un arri\u00e8re-go\u00fbt typiquement propre et cr\u00e9meux.\u00a0Apr\u00e8s avoir r\u00e9sist\u00e9 \u00e0 l&rsquo;\u00e9preuve du temps, la s\u00e9rie Signature repr\u00e9sente l&rsquo;essence m\u00eame d&rsquo;un temps magnifiquement rempli.<\/p>\n<p>2000s Corona \u5c3a\u5bf8\u7684\u73af\u5f84\u7a0d\u5bbd\uff0c\u4e3a\u5438\u70df\u8005\u5e26\u6765\u66f4\u5927\u80c6\u7684\u4f53\u9a8c\u3002\u6bcf\u9694 30 \u79d2\uff0c\u4e16\u754c\u4e0a\u5c31\u4f1a\u6709\u4eba\u4eab\u53d7\u5230 Piloto 2000 \u5e74\u4ee3\u70df\u8349\u7684\u9ad8\u6bd4\u4f8b\u3001\u6d53\u90c1\u7684\u5496\u5561\u9999\u3001\u6728\u9999\u548c\u5976\u6cb9\u56de\u5473\uff0c\u8fd9\u4e9b\u90fd\u662f\u4ee5\u6c38\u6052\u7684 Corona \u89c4\u683c\u63d0\u4f9b\u7684\u3002<\/p>","protected":false},"excerpt":{"rendered":"<p>\u6bcf\u7bb1 5 \u652f\u96ea\u8304\u3002<\/p>","protected":false},"featured_media":12082,"template":"","meta":{"_acf_changed":false},"product_brand":[],"product_cat":[19809,19812,19835,31175],"product_tag":[],"class_list":{"0":"post-47261","1":"product","2":"type-product","3":"status-publish","4":"has-post-thumbnail","6":"product_cat-cigares","7":"product_cat-cigares-dominicains","8":"product_cat-davidoff","9":"product_cat-signature","10":"product_shipping_class-cigares","12":"first","13":"outofstock","14":"sale","15":"taxable","16":"shipping-taxable","17":"purchasable","18":"product-type-simple"},"acf":[],"_links":{"self":[{"href":"https:\/\/cigarquality.com\/zh\/wp-json\/wp\/v2\/product\/47261","targetHints":{"allow":["GET"]}}],"collection":[{"href":"https:\/\/cigarquality.com\/zh\/wp-json\/wp\/v2\/product"}],"about":[{"href":"https:\/\/cigarquality.com\/zh\/wp-json\/wp\/v2\/types\/product"}],"wp:featuredmedia":[{"embeddable":true,"href":"https:\/\/cigarquality.com\/zh\/wp-json\/wp\/v2\/media\/12082"}],"wp:attachment":[{"href":"https:\/\/cigarquality.com\/zh\/wp-json\/wp\/v2\/media?parent=47261"}],"wp:term":[{"taxonomy":"product_brand","embeddable":true,"href":"https:\/\/cigarquality.com\/zh\/wp-json\/wp\/v2\/product_brand?post=47261"},{"taxonomy":"product_cat","embeddable":true,"href":"https:\/\/cigarquality.com\/zh\/wp-json\/wp\/v2\/product_cat?post=47261"},{"taxonomy":"product_tag","embeddable":true,"href":"https:\/\/cigarquality.com\/zh\/wp-json\/wp\/v2\/product_tag?post=47261"}],"curies":[{"name":"wp","href":"https:\/\/api.w.org\/{rel}","templated":true}]}}