{"id":43646,"date":"2019-09-05T12:18:38","date_gmt":"2019-09-05T11:18:38","guid":{"rendered":"https:\/\/cigarquality.com\/?post_type=product&#038;p=18499"},"modified":"2026-01-26T14:33:56","modified_gmt":"2026-01-26T13:33:56","slug":"davidoff-royal-release-robusto-10","status":"publish","type":"product","link":"https:\/\/cigarquality.com\/zh\/boutique\/cigares-dominicains\/davidoff\/editions-limitees\/davidoff-royal-release-robusto-10\/","title":{"rendered":"\u5927\u536b\u675c\u592b Royal Release Robusto\uff0810\uff09"},"content":{"rendered":"<p>Pour h\u00e9riter du titre de Davidoff Royal Release, le voyage de la graine au cigare prend 10 ans.\u00a0R\u00e9colt\u00e9 s\u00e9par\u00e9ment des autres cultures et trait\u00e9 dans l&rsquo;\u00e9table royale.\u00a0Notre Head Master Blender veille \u00e0 ce que la couleur, la texture, les ar\u00f4mes et, plus tard, la combustion, soient tous contr\u00f4l\u00e9s afin de garantir le respect des normes requises par un royal.\u00a0Les balles portant le timbre royal sont ensuite laiss\u00e9es pendant 8 ans pour vieillir \u00e0 la perfection.\u00a0Tout au long de cette p\u00e9riode, ils re\u00e7oivent la temp\u00e9rature, la lumi\u00e8re et l\u2019humidit\u00e9 id\u00e9ales pour cr\u00e9er un cigare d\u2019une \u00e9l\u00e9gance aussi majestueuse.<\/p>\n<p>\u5927\u536b\u675c\u592b\u7687\u5bb6\u7cfb\u5217\u96ea\u8304\u7684\u6bcf\u4e00\u4e2a\u7ec6\u8282\u90fd\u662f\u7cbe\u6311\u7ec6\u9009\u7684\uff0c\u5305\u62ec\u5377\u5236\u96ea\u8304\u7684\u53cc\u624b\u30028 \u4f4d\u6211\u4eec\u6700\u4f18\u79c0\u7684\u5377\u70df\u5de5\u8fd0\u7528\u4ed6\u4eec\u7684\u6280\u80fd\u548c\u77e5\u8bc6\uff0c\u521b\u9020\u548c\u5236\u4f5c\u51fa\u4e00\u652f\u524d\u6240\u672a\u89c1\u3001\u524d\u6240\u672a\u95fb\u3001\u524d\u6240\u672a\u5c1d\u7684\u5927\u536b\u675c\u592b\u96ea\u8304\u3002<\/p>\n<p>Aromatica Dominicana\u8304\u8863\u56e0\u5176\u975e\u51e1\u7684\u7f8e\u611f\u548c\u5149\u6cfd\u800c\u88ab\u7279\u522b\u9009\u4e2d\u3002\u8fd9\u79cd\u8304\u8863\u4e13\u4e3a\u6211\u4eec\u7684\u7687\u5bb6\u7cfb\u5217\u96ea\u8304\u800c\u8bbe\u8ba1\uff0c\u4e0d\u4f1a\u51fa\u73b0\u5728\u4efb\u4f55\u5176\u4ed6\u5927\u536b\u675c\u592b\u96ea\u8304\u4e0a\u3002\u8fd9\u652f\u96ea\u8304\u4ece\u7b2c\u4e00\u53e3\u5f00\u59cb\u5c31\u4ee5\u4f18\u96c5\u7684\u6a61\u6728\u3001\u76ae\u9769\u548c\u65b0\u9c9c\u9999\u6599\u7684\u5473\u9053\uff0c\u4ee5\u53ca\u751c\u7389\u7c73\u548c\u725b\u5976\u5de7\u514b\u529b\u7684\u9999\u5473\u548c\u5976\u6cb9\u7684\u56de\u5473\u6109\u60a6\u7740\u60a8\u7684\u5473\u857e\u3002<\/p>","protected":false},"excerpt":{"rendered":"<p>\u6bcf\u76d2 10 \u652f\u96ea\u8304\u3002<\/p>","protected":false},"featured_media":43648,"template":"","meta":{"_acf_changed":false},"product_brand":[],"product_cat":[19809,19812,19835,19839,25126],"product_tag":[],"class_list":{"0":"post-43646","1":"product","2":"type-product","3":"status-publish","4":"has-post-thumbnail","6":"product_cat-cigares","7":"product_cat-cigares-dominicains","8":"product_cat-davidoff","9":"product_cat-editions-limitees","10":"product_cat-royal-release","11":"product_shipping_class-cigares","13":"first","14":"instock","15":"sale","16":"taxable","17":"shipping-taxable","18":"purchasable","19":"product-type-simple"},"acf":[],"_links":{"self":[{"href":"https:\/\/cigarquality.com\/zh\/wp-json\/wp\/v2\/product\/43646","targetHints":{"allow":["GET"]}}],"collection":[{"href":"https:\/\/cigarquality.com\/zh\/wp-json\/wp\/v2\/product"}],"about":[{"href":"https:\/\/cigarquality.com\/zh\/wp-json\/wp\/v2\/types\/product"}],"wp:featuredmedia":[{"embeddable":true,"href":"https:\/\/cigarquality.com\/zh\/wp-json\/wp\/v2\/media\/43648"}],"wp:attachment":[{"href":"https:\/\/cigarquality.com\/zh\/wp-json\/wp\/v2\/media?parent=43646"}],"wp:term":[{"taxonomy":"product_brand","embeddable":true,"href":"https:\/\/cigarquality.com\/zh\/wp-json\/wp\/v2\/product_brand?post=43646"},{"taxonomy":"product_cat","embeddable":true,"href":"https:\/\/cigarquality.com\/zh\/wp-json\/wp\/v2\/product_cat?post=43646"},{"taxonomy":"product_tag","embeddable":true,"href":"https:\/\/cigarquality.com\/zh\/wp-json\/wp\/v2\/product_tag?post=43646"}],"curies":[{"name":"wp","href":"https:\/\/api.w.org\/{rel}","templated":true}]}}