{"id":43416,"date":"2019-10-10T15:38:13","date_gmt":"2019-10-10T14:38:13","guid":{"rendered":"https:\/\/cigarquality.com\/?post_type=product&#038;p=21073"},"modified":"2025-07-25T13:56:08","modified_gmt":"2025-07-25T11:56:08","slug":"padron-six-corticos-maduro-6","status":"publish","type":"product","link":"https:\/\/cigarquality.com\/zh\/boutique\/cigares-nicaraguayens\/padron\/padron-series\/padron-six-corticos-maduro-6\/","title":{"rendered":"Padron Six Corticos Maduro (6)"},"content":{"rendered":"<p>Padron Six Corticos Maduro \u96ea\u8304\u5c5e\u4e8e Padron Classic \u6216 Padron Thousand \u7cfb\u5217\u96ea\u8304\u3002<\/p>\n<p>\u8fd9\u662f\u7cfb\u5217\u4e2d\u6700\u5c0f\u7684\u6a21\u5757\u3002Padron Six Corticos Maduro \u957f 108 \u6beb\u7c73\uff0c\u76f4\u5f84 14.17 \u6beb\u7c73\u3002\u8fd9\u662f\u4e00\u6b3e\u5c3c\u52a0\u62c9\u74dc\u666e\u7f57\u96ea\u8304\uff0c\u8fd9\u610f\u5473\u7740\u6240\u4f7f\u7528\u7684\u6240\u6709\u70df\u8349\u90fd\u662f\u5728\u5c3c\u52a0\u62c9\u74dc\u79cd\u690d\u7684\u3002\u54c1\u5c1d\u65f6\uff0c\u8fd9\u652f\u96ea\u8304\u5e26\u6709\u6ce5\u571f\u548c\u5fae\u5fae\u7684\u8f9b\u8fa3\u5473\uff0c\u88ab\u8ba4\u4e3a\u662f\u4e2d\u7b49\u81f3\u76f8\u5f53\u6d53\u90c1\u7684\u96ea\u8304\u3002<\/p>\n<p>\u6b64\u5916\uff0c\u5b83\u8fd8\u6709\u4e00\u79cd\u540d\u4e3a \"\u81ea\u7136 \"\u7684\u6d45\u8272\u8304\u8863\u3002\u54c1\u5c1d\u8fd9\u652f\u96ea\u8304\u9700\u8981 20 \u5206\u949f\u5de6\u53f3\u3002\u7ecf\u5178\u7cfb\u5217\u7684\u5176\u4ed6\u6a21\u5757\u5305\u62ec Padron 2000\u30013000\u30014000\u30015000\u30016000\u30017000\u3001Magnum\u3001Executive\u3001Churchill\u3001Delicias \u548c London\u3002<\/p>\n<p>La marque Padron n&rsquo;a plus besoin d&rsquo;\u00eatre pr\u00e9sent\u00e9e, les cigares Padron sont devenus une r\u00e9f\u00e9rence dans l&rsquo;industrie et sont parmi les plus r\u00e9put\u00e9s et savoureux \u00e0 travers la plan\u00e8te. Les membres de la famille Padron expliquent le mieux leur riche h\u00e9ritage : \u00a0\u00bb la famille Padron comprend que faire un bon cigare demande du temps et de l&rsquo;exp\u00e9rience, notre patriarche Damaso Padron a commenc\u00e9 \u00e0 cultiver l&rsquo;h\u00e9ritage de la famille dans les ann\u00e9es 1800 \u00e0 Pinar Del Rio, la r\u00e9gion de tabac la plus riche de Cuba.<\/p>","protected":false},"excerpt":{"rendered":"<p>\u6bcf\u76d2 6 \u652f\u96ea\u8304\u3002<\/p>","protected":false},"featured_media":43422,"template":"","meta":{"_acf_changed":false},"product_brand":[],"product_cat":[19809,24833,25449,25451],"product_tag":[626,942],"class_list":{"0":"post-43416","1":"product","2":"type-product","3":"status-publish","4":"has-post-thumbnail","6":"product_cat-cigares","7":"product_cat-cigares-nicaraguayens","8":"product_cat-padron","9":"product_cat-padron-series","10":"product_tag-cacao","11":"product_tag-cafe","12":"product_shipping_class-cigares","14":"first","15":"outofstock","16":"taxable","17":"shipping-taxable","18":"purchasable","19":"product-type-simple"},"acf":[],"_links":{"self":[{"href":"https:\/\/cigarquality.com\/zh\/wp-json\/wp\/v2\/product\/43416","targetHints":{"allow":["GET"]}}],"collection":[{"href":"https:\/\/cigarquality.com\/zh\/wp-json\/wp\/v2\/product"}],"about":[{"href":"https:\/\/cigarquality.com\/zh\/wp-json\/wp\/v2\/types\/product"}],"wp:featuredmedia":[{"embeddable":true,"href":"https:\/\/cigarquality.com\/zh\/wp-json\/wp\/v2\/media\/43422"}],"wp:attachment":[{"href":"https:\/\/cigarquality.com\/zh\/wp-json\/wp\/v2\/media?parent=43416"}],"wp:term":[{"taxonomy":"product_brand","embeddable":true,"href":"https:\/\/cigarquality.com\/zh\/wp-json\/wp\/v2\/product_brand?post=43416"},{"taxonomy":"product_cat","embeddable":true,"href":"https:\/\/cigarquality.com\/zh\/wp-json\/wp\/v2\/product_cat?post=43416"},{"taxonomy":"product_tag","embeddable":true,"href":"https:\/\/cigarquality.com\/zh\/wp-json\/wp\/v2\/product_tag?post=43416"}],"curies":[{"name":"wp","href":"https:\/\/api.w.org\/{rel}","templated":true}]}}