{"id":42693,"date":"2020-01-20T15:48:00","date_gmt":"2020-01-20T14:48:00","guid":{"rendered":"https:\/\/cigarquality.com\/?post_type=product&#038;p=31099"},"modified":"2025-07-25T13:56:14","modified_gmt":"2025-07-25T11:56:14","slug":"humidor-gloria-cubana-500-years-havana","status":"publish","type":"product","link":"https:\/\/cigarquality.com\/zh\/boutique\/cigares-cubains\/la-gloria-cubana\/humidor-gloria-cubana-500-years-havana\/","title":{"rendered":"Humidor Gloria Cubana - 500 years Havana (50)"},"content":{"rendered":"<p>Intertabak AG \u5ba3\u5e03\u63a8\u51fa\u745e\u58eb\u5730\u533a\u7248 \"Humidor Gloria Cubana - 500 Years Havana\"\u3002<\/p>\n<p>\u8fd9\u4e2a\u4fdd\u6e7f\u76d2\u5c06 \"La Gloria Cubana Orgullosos \"\u54c1\u724c\u548c\u96ea\u8304\u3001\u54c8\u74e6\u90a3 500 \u5e74\u7684\u5386\u53f2\u4ee5\u53ca\u4f5c\u4e3a\u54c8\u74e6\u90a3\u6700\u53e4\u8001\u6807\u5fd7\u7684\u5409\u62c9\u5c14\u8fea\u62c9\u7684\u5386\u53f2\u878d\u4e3a\u4e00\u4f53\u3002<\/p>\n<p>\u8fd9\u9996\u66f2\u5b50\u7684\u4e3b\u9898\u662f\u5409\u62c9\u5c14\u8fea\u62c9\u53ca\u5176\u80cc\u540e\u7684\u6545\u4e8b\uff0c\u4e0e\u54c8\u74e6\u90a3\u5468\u5e74\u7eaa\u5ff5\u6d3b\u52a8\u5b8c\u7f8e\u5951\u5408\u3002<\/p>\n<p>Selon la l\u00e9gende, le sculpteur Geronimo Martinez Pinzon a cr\u00e9\u00e9 la statue de La Giraldilla \u00e0 l&rsquo;image de Dona Ines de Bobadilla.\u00a0Dona Ines montait tous les jours \u00e0 la tour de guet, regardant l&rsquo;horizon en attendant que son mari revienne de ses voyages.\u00a0Les tiroirs ont ici une double signification, d&rsquo;abord comme 5 marches, chacune repr\u00e9sentant un si\u00e8cle de La Habana et en m\u00eame temps repr\u00e9sentant la mer.\u00a0Les inserts blancs des tiroirs repr\u00e9sentent l&rsquo;\u00e9cume de mer et les frontaux sont des poign\u00e9es permettant d&rsquo;ouvrir les tiroirs et d&rsquo;acc\u00e9der aux caisses de La Gloria Cubana Orgullosos.<\/p>\n<p>Production de 100 humidores &#8211; Estuche\u00a0 num\u00e9rot\u00e9s de 1 \u00e0 100,\u00a0 produits \u00e0 Cuba par la soci\u00e9t\u00e9 Humidores Habana. Chaque humidor contiendra 5 bo\u00eetes de notre \u00e9dition r\u00e9gionale 2018 &#8211; La Gloria Cubana Orgullosos. Donc un total de 50 cigares par humidor. Ces magnifiques pi\u00e8ces de collection sont uniquement destin\u00e9es au march\u00e9 Suisse, et propos\u00e9es exclusivement par les Casa Del Habano Suisse et les Boutiques haut de gamme Habanos Sp\u00e9cialiste tri\u00e9es sur le volet par Intertabak AG et Habanos SA.<\/p>\n<p><strong>Humidor Gloria Cubana - 500 Years Havana\uff1a<br \/>\n<\/strong><strong>\u4ec5\u5728\u745e\u58eb\u63d0\u4f9b<br \/>\n<\/strong><strong>\u4ea7\u91cf\uff1a100 \u4e2a\u7f16\u53f7\u96ea\u8304\u76d2<br \/>\n<\/strong><strong>\u4fdd\u6e7f\u76d2 \uff1a<\/strong> \u957f 51 \u5398\u7c73\/\u5bbd 50 \u5398\u7c73\/\u9ad8 53 \u5398\u7c73\/\u91cd\u7ea6 16 \u516c\u65a4<br \/>\n\u4e00\u4e2a\u96ea\u8304\u76d2\u5305\u542b 5 \u76d2 Gloria Cubana Orgullosos\uff0c\u6bcf\u76d2 10 \u652f\u96ea\u8304\uff08\u6bcf\u4e2a\u96ea\u8304\u76d2\u5171\u6709 50 \u652f\u96ea\u8304\uff09\u3002<br \/>\n<strong>\u683c\u5f0f\uff1a<\/strong> 109\uff0850 x 184 \u6beb\u7c73\uff09<\/p>","protected":false},"excerpt":{"rendered":"<p>\u96ea\u8304\u76d2\u5185\u6709 50 \u652f\u96ea\u8304\u3002<\/p>","protected":false},"featured_media":31115,"template":"","meta":{"_acf_changed":false},"product_brand":[],"product_cat":[19845,19788,19877,19873,19793,21524,23790],"product_tag":[13826,11811],"class_list":{"0":"post-42693","1":"product","2":"type-product","3":"status-publish","4":"has-post-thumbnail","6":"product_cat-cigares-cubains","7":"product_cat-collection-privee","8":"product_cat-edicion-limitada","9":"product_cat-edicion-regional","10":"product_cat-hard-to-find","11":"product_cat-humidors","12":"product_cat-la-gloria-cubana","13":"product_tag-gloria-cubana-orgullosos","14":"product_tag-la-gloria-cubana","15":"product_shipping_class-humidor-avec-cigares","17":"first","18":"outofstock","19":"taxable","20":"shipping-taxable","21":"purchasable","22":"product-type-simple"},"acf":[],"_links":{"self":[{"href":"https:\/\/cigarquality.com\/zh\/wp-json\/wp\/v2\/product\/42693","targetHints":{"allow":["GET"]}}],"collection":[{"href":"https:\/\/cigarquality.com\/zh\/wp-json\/wp\/v2\/product"}],"about":[{"href":"https:\/\/cigarquality.com\/zh\/wp-json\/wp\/v2\/types\/product"}],"wp:featuredmedia":[{"embeddable":true,"href":"https:\/\/cigarquality.com\/zh\/wp-json\/wp\/v2\/media\/31115"}],"wp:attachment":[{"href":"https:\/\/cigarquality.com\/zh\/wp-json\/wp\/v2\/media?parent=42693"}],"wp:term":[{"taxonomy":"product_brand","embeddable":true,"href":"https:\/\/cigarquality.com\/zh\/wp-json\/wp\/v2\/product_brand?post=42693"},{"taxonomy":"product_cat","embeddable":true,"href":"https:\/\/cigarquality.com\/zh\/wp-json\/wp\/v2\/product_cat?post=42693"},{"taxonomy":"product_tag","embeddable":true,"href":"https:\/\/cigarquality.com\/zh\/wp-json\/wp\/v2\/product_tag?post=42693"}],"curies":[{"name":"wp","href":"https:\/\/api.w.org\/{rel}","templated":true}]}}