{"id":42037,"date":"2020-02-04T16:55:59","date_gmt":"2020-02-04T15:55:59","guid":{"rendered":"https:\/\/cigarquality.com\/?post_type=product&#038;p=32208"},"modified":"2025-07-25T13:31:18","modified_gmt":"2025-07-25T11:31:18","slug":"colibri-quasar-vs-cut-coupe-cigare-noir-mat","status":"publish","type":"product","link":"https:\/\/cigarquality.com\/zh\/boutique\/accessoires-cigares\/coupe-cigares\/colibri\/colibri-quasar-vs-cut-coupe-cigare-noir-mat\/","title":{"rendered":"Colibri Quasar VS-Cut \u54d1\u5149\u9ed1\u8272\u96ea\u8304\u526a"},"content":{"rendered":"<p><strong>Colibri Quasar VS-Cut \u78e8\u7802\u9ed1\u96ea\u8304\u526a<\/strong> \u662f Colibri V-Cut \u548c S-Cut \u96ea\u8304\u526a\u7684\u4e8c\u5408\u4e00\u7ec4\u5408\uff0c\u53ef\u653e\u5728\u684c\u4e0a\u6216\u4e66\u684c\u4e0a\u4f7f\u7528\u3002<br \/>\nLe couteau est engag\u00e9 en appuyant sur le sommet du Quasar, ce qui lib\u00e8re et fait appara\u00eetre l&rsquo;unit\u00e9 de coupe avec les deux lames pr\u00eates \u00e0 l&rsquo;unisson. Le c\u00f4t\u00e9 V-Cut coupe proprement un coin profond de 7 mm sur un diam\u00e8tre de 23.62 mm (bague de 60) pour un tirage robuste complet. La coupe droite offre une coupe droite tout aussi nette sur les cigares jusqu&rsquo;\u00e0 27.55 mm de diam\u00e8tre (bague 70). Le corps est une forme tout en m\u00e9tal robuste. Le pic sup\u00e9rieur maintient les lames et fonctionne sur quatre pistons huil\u00e9s pour assurer une action en douceur absolue en mouvement. Le ch\u00e2ssis est garni d&rsquo;un joint en caoutchouc pour une stabilit\u00e9 antid\u00e9rapante pendant l&rsquo;utilisation et pour \u00e9viter d&rsquo;endommager le bureau. Sur le fond, il y a un capuchon rotatif pour r\u00e9cup\u00e9rer et \u00e9liminer les coupures de cigares.<\/p>\n<ul>\n<li>\u5f39\u7c27\u5f0f<\/li>\n<li>V \u5f62\u96ea\u8304\u526a<\/li>\n<li>\u53cc\u5203\u65ad\u5934\u53f0<\/li>\n<li>\u4eba\u4f53\u5de5\u7a0b\u5b66\u8bbe\u8ba1<\/li>\n<li>\u4e0d\u9508\u94a2\u5200\u7247<\/li>\n<\/ul>","protected":false},"excerpt":{"rendered":"<p>\u684c\u4e0a\u96ea\u8304\u526a<\/p>","protected":false},"featured_media":42049,"template":"","meta":{"_acf_changed":false},"product_brand":[],"product_cat":[21754,22912,21757],"product_tag":[],"class_list":{"0":"post-42037","1":"product","2":"type-product","3":"status-publish","4":"has-post-thumbnail","6":"product_cat-accessoires-cigares","7":"product_cat-colibri","8":"product_cat-coupe-cigares","9":"product_shipping_class-divers","11":"first","12":"outofstock","13":"taxable","14":"shipping-taxable","15":"purchasable","16":"product-type-simple"},"acf":[],"_links":{"self":[{"href":"https:\/\/cigarquality.com\/zh\/wp-json\/wp\/v2\/product\/42037","targetHints":{"allow":["GET"]}}],"collection":[{"href":"https:\/\/cigarquality.com\/zh\/wp-json\/wp\/v2\/product"}],"about":[{"href":"https:\/\/cigarquality.com\/zh\/wp-json\/wp\/v2\/types\/product"}],"wp:featuredmedia":[{"embeddable":true,"href":"https:\/\/cigarquality.com\/zh\/wp-json\/wp\/v2\/media\/42049"}],"wp:attachment":[{"href":"https:\/\/cigarquality.com\/zh\/wp-json\/wp\/v2\/media?parent=42037"}],"wp:term":[{"taxonomy":"product_brand","embeddable":true,"href":"https:\/\/cigarquality.com\/zh\/wp-json\/wp\/v2\/product_brand?post=42037"},{"taxonomy":"product_cat","embeddable":true,"href":"https:\/\/cigarquality.com\/zh\/wp-json\/wp\/v2\/product_cat?post=42037"},{"taxonomy":"product_tag","embeddable":true,"href":"https:\/\/cigarquality.com\/zh\/wp-json\/wp\/v2\/product_tag?post=42037"}],"curies":[{"name":"wp","href":"https:\/\/api.w.org\/{rel}","templated":true}]}}