{"id":41313,"date":"2020-02-25T08:13:32","date_gmt":"2020-02-25T07:13:32","guid":{"rendered":"https:\/\/cigarquality.com\/?post_type=product&#038;p=33295"},"modified":"2025-07-25T13:57:04","modified_gmt":"2025-07-25T11:57:04","slug":"langatun-avo-jazz-edition-1st-edition","status":"publish","type":"product","link":"https:\/\/cigarquality.com\/zh\/boutique\/alcools\/whisky\/langatun\/langatun-avo-jazz-edition-1st-edition\/","title":{"rendered":"Langatun Avo \u7235\u58eb\u7248\u5355\u4e00\u9ea6\u82bd\u5a01\u58eb\u5fcc\u7b2c 1 \u7248"},"content":{"rendered":"<p>\u65e0\u8bba\u662f\u5a01\u58eb\u5fcc\u3001\u675c\u677e\u5b50\u9152\u3001\u4f0f\u7279\u52a0\u3001\u6717\u59c6\u9152\u3001\u6ce2\u672c\u5a01\u58eb\u5fcc\u8fd8\u662f\u767d\u5170\u5730\uff0c\u6717\u6839\u5854\u5c14\u917f\u9152\u5382\u90fd\u6709\u3002\u5efa\u4e8e 1616 \u5e74\u7684\u73b0\u4ee3\u5316\u6717\u6839\u5854\u5c14\u917f\u9152\u5382\u73b0\u5df2\u6ee1\u8d1f\u8377\u8fd0\u8f6c\u3002\u81ea\u5343\u5e74\u4e4b\u4ea4\u4ee5\u6765\uff0c\u6717\u6839\u5854\u5c14\u9152\u5382\u662f\u4f17\u591a\u4e66\u5199\u5168\u65b0\u6210\u529f\u6545\u4e8b\u7684\u56fd\u5bb6\u7ea7\u4f01\u4e1a\u4e4b\u4e00\u3002<\/p>\n<p>Pendant trois g\u00e9n\u00e9rations, la distillation de l&rsquo;eau-de-vie de c\u00e9r\u00e9ales a \u00e9t\u00e9 interdite. La raison de cette d\u00e9cision \u00e9tait le souci du bien commun, car \u00e0 la fin du XIXe si\u00e8cle, les paysans pr\u00e9f\u00e9raient convertir leurs champs en alcool bon march\u00e9 plut\u00f4t que d\u2019en r\u00e9colter les c\u00e9r\u00e9ales dans une vue alimentaire. Mais aujourd&rsquo;hui, il n&rsquo;y a plus de risque \u00e0 cet \u00e9gard et Langatun en profite clairement. Cette \u00e9dition a \u00e9t\u00e9 mise en bouteille apr\u00e8s six ans de maturation, \u00e0 l\u2019occasion de la premi\u00e8re session Avo Jazz, qui s&rsquo;est d\u00e9roul\u00e9e en novembre 2015 dans la \u00ab\u00a0Whisky House\u00a0\u00bb (Langatuns Kornhaus). Il ne s\u2019agit pas seulement du si\u00e8ge de la distillerie, mais aussi d\u2019un lieu d&rsquo;\u00e9v\u00e9nements.<\/p>\n<p>\u53c2\u52a0\u7235\u58eb\u97f3\u4e50\u4f1a\u7684\u6765\u5bbe\u4e0d\u4ec5\u6b23\u8d4f\u5230\u4e86\u97f3\u4e50\u548c\u5a01\u58eb\u5fcc\uff0c\u8fd8\u54c1\u5c1d\u5230\u4e86\u914d\u5957\u7684\u96ea\u8304\u3002\u5355\u4e00\u9ea6\u82bd\u5a01\u58eb\u5fcc\u662f\u4e09\u79cd\u9152\u6876\uff08\u971e\u591a\u4e3d\u3001\u96ea\u5229\u9152\u548c\u6559\u7687\u65b0\u5821\uff09\u7684\u7ec4\u5408\u3002\u53e3\u5473\u7279\u70b9\u662f <strong>\u7126\u7cd6\u3001\u96ea\u5229\u9152\u3001\u8461\u8404\u3001\u6469\u5361\u548c\u5c11\u8bb8\u725b\u5976\u5de7\u514b\u529b\u7684\u5473\u9053\u3002<\/strong><\/p>\n<p><strong>\u74f6\u5b50\u88c5\u5728\u4e00\u4e2a Langatun \u6728\u76d2\u4e2d\u3002<\/strong><\/p>","protected":false},"excerpt":{"rendered":"<p>50cl \u74f6\u88c5\u3002<\/p>","protected":false},"featured_media":41315,"template":"","meta":{"_acf_changed":false},"product_brand":[],"product_cat":[21852,21857,21855],"product_tag":[],"class_list":{"0":"post-41313","1":"product","2":"type-product","3":"status-publish","4":"has-post-thumbnail","6":"product_cat-alcools","7":"product_cat-langatun","8":"product_cat-whisky","9":"product_shipping_class-alcool","11":"first","12":"instock","13":"taxable","14":"shipping-taxable","15":"purchasable","16":"product-type-simple"},"acf":[],"_links":{"self":[{"href":"https:\/\/cigarquality.com\/zh\/wp-json\/wp\/v2\/product\/41313","targetHints":{"allow":["GET"]}}],"collection":[{"href":"https:\/\/cigarquality.com\/zh\/wp-json\/wp\/v2\/product"}],"about":[{"href":"https:\/\/cigarquality.com\/zh\/wp-json\/wp\/v2\/types\/product"}],"wp:featuredmedia":[{"embeddable":true,"href":"https:\/\/cigarquality.com\/zh\/wp-json\/wp\/v2\/media\/41315"}],"wp:attachment":[{"href":"https:\/\/cigarquality.com\/zh\/wp-json\/wp\/v2\/media?parent=41313"}],"wp:term":[{"taxonomy":"product_brand","embeddable":true,"href":"https:\/\/cigarquality.com\/zh\/wp-json\/wp\/v2\/product_brand?post=41313"},{"taxonomy":"product_cat","embeddable":true,"href":"https:\/\/cigarquality.com\/zh\/wp-json\/wp\/v2\/product_cat?post=41313"},{"taxonomy":"product_tag","embeddable":true,"href":"https:\/\/cigarquality.com\/zh\/wp-json\/wp\/v2\/product_tag?post=41313"}],"curies":[{"name":"wp","href":"https:\/\/api.w.org\/{rel}","templated":true}]}}