{"id":40839,"date":"2019-07-25T11:28:23","date_gmt":"2019-07-25T09:28:23","guid":{"rendered":"https:\/\/mkulcarx.preview.infomaniak.website\/produit\/romeo-churchill-25-2\/"},"modified":"2026-02-16T09:42:10","modified_gmt":"2026-02-16T08:42:10","slug":"romeo-y-julieta-churchill-25","status":"publish","type":"product","link":"https:\/\/cigarquality.com\/zh\/boutique\/cigares-cubains\/romeo-y-julieta-cigares-cubains\/romeo-y-julieta-churchill-25\/","title":{"rendered":"\u7f57\u5bc6\u6b27\u4e0e\u6731\u4e3d\u53f6\u4e18\u5409\u5c14 (25)"},"content":{"rendered":"<p>Harmonieusement r\u00e9ussie, voici une vitole qui en impose. D\u00e8s l&rsquo;allumage, le Romeo Y Julieta Churchill offre peu \u00e0 peu de la puissance et d\u00e9ploie rapidement une fum\u00e9e richement bois\u00e9e. Au deuxi\u00e8me tiers, des ar\u00f4mes de terre humide accompagn\u00e9s d&rsquo;\u00e9pices (poivre vert) et de caf\u00e9 torr\u00e9fi\u00e9 compl\u00e8tent la palette aromatique. Un Churchill g\u00e9n\u00e9reux et plein d&rsquo;entrain, intact en d\u00e9pit de la concurrence importante dans ce module. Un classique que l&rsquo;on retrouvera toujours avec plaisir.<\/p>","protected":false},"excerpt":{"rendered":"<p>\u6bcf\u76d2 25 \u652f\u3002<\/p>","protected":false},"featured_media":6562,"template":"","meta":{"_acf_changed":false},"product_brand":[],"product_cat":[19809,19845,20927],"product_tag":[2353,2352,10580,2083],"class_list":{"0":"post-40839","1":"product","2":"type-product","3":"status-publish","4":"has-post-thumbnail","6":"product_cat-cigares","7":"product_cat-cigares-cubains","8":"product_cat-romeo-y-julieta-cigares-cubains","9":"product_tag-bois","10":"product_tag-cafe-torrefie","11":"product_tag-poivre-vert","12":"product_tag-terre-humide","13":"product_shipping_class-cigares","15":"first","16":"outofstock","17":"taxable","18":"shipping-taxable","19":"purchasable","20":"product-type-simple"},"acf":[],"_links":{"self":[{"href":"https:\/\/cigarquality.com\/zh\/wp-json\/wp\/v2\/product\/40839","targetHints":{"allow":["GET"]}}],"collection":[{"href":"https:\/\/cigarquality.com\/zh\/wp-json\/wp\/v2\/product"}],"about":[{"href":"https:\/\/cigarquality.com\/zh\/wp-json\/wp\/v2\/types\/product"}],"wp:featuredmedia":[{"embeddable":true,"href":"https:\/\/cigarquality.com\/zh\/wp-json\/wp\/v2\/media\/6562"}],"wp:attachment":[{"href":"https:\/\/cigarquality.com\/zh\/wp-json\/wp\/v2\/media?parent=40839"}],"wp:term":[{"taxonomy":"product_brand","embeddable":true,"href":"https:\/\/cigarquality.com\/zh\/wp-json\/wp\/v2\/product_brand?post=40839"},{"taxonomy":"product_cat","embeddable":true,"href":"https:\/\/cigarquality.com\/zh\/wp-json\/wp\/v2\/product_cat?post=40839"},{"taxonomy":"product_tag","embeddable":true,"href":"https:\/\/cigarquality.com\/zh\/wp-json\/wp\/v2\/product_tag?post=40839"}],"curies":[{"name":"wp","href":"https:\/\/api.w.org\/{rel}","templated":true}]}}