{"id":40729,"date":"2018-03-29T11:27:44","date_gmt":"2018-03-29T09:27:44","guid":{"rendered":"https:\/\/mkulcarx.preview.infomaniak.website\/produit\/montecristo-edmundo-a-t-3\/"},"modified":"2026-01-06T12:00:57","modified_gmt":"2026-01-06T11:00:57","slug":"montecristo-edmundo-a-t-3","status":"publish","type":"product","link":"https:\/\/cigarquality.com\/zh\/boutique\/cigares-cubains\/montecristo\/montecristo-linea-edmundo\/montecristo-edmundo-a-t-3\/","title":{"rendered":"\u8499\u7279\u514b\u91cc\u65af\u6258-\u57c3\u5fb7\u8499\u591a-\u56fe\u535a\u65af\uff083\uff09"},"content":{"rendered":"<p>Le Montecristo Edmundo A\/T (en tube), un grand Robusto qui se distingue par une grande \u00e9l\u00e9gance, est enrob\u00e9 dans une cape grasse \u00e0 l&rsquo;ar\u00f4me bois\u00e9. A l&rsquo;allumage, l&rsquo;on d\u00e9couvre une vitole all\u00e9chante au c\u0153ur tendre dot\u00e9 d&rsquo;un tr\u00e8s bon tirage. La rondeur est manifeste, la fum\u00e9e est assez grasse, nuanc\u00e9e par des notes plut\u00f4t relev\u00e9es de touches poivr\u00e9es et d&rsquo;un fond herbac\u00e9. Au deuxi\u00e8me tiers, cette tonalit\u00e9 de sous-bois humide est couronn\u00e9e par la foug\u00e8re et le champignon. Le final est parfait et plein de relief et d&rsquo;ardeur. Le Montecristo Edmundo est \u00e9quilibr\u00e9, tranquille et rassurant.<\/p>","protected":false},"excerpt":{"rendered":"<p>\u76d2\u88c5\u96ea\u8304 3 \u652f\u3002<\/p>","protected":false},"featured_media":6467,"template":"","meta":{"_acf_changed":false},"product_brand":[],"product_cat":[19809,19845,35059,20617,20666],"product_tag":[],"class_list":{"0":"post-40729","1":"product","2":"type-product","3":"status-publish","4":"has-post-thumbnail","6":"product_cat-cigares","7":"product_cat-cigares-cubains","8":"product_cat-etuis-de-3-a-5-cigares","9":"product_cat-montecristo","10":"product_cat-montecristo-linea-edmundo","11":"product_shipping_class-cigares","13":"first","14":"outofstock","15":"taxable","16":"shipping-taxable","17":"purchasable","18":"product-type-simple"},"acf":[],"_links":{"self":[{"href":"https:\/\/cigarquality.com\/zh\/wp-json\/wp\/v2\/product\/40729","targetHints":{"allow":["GET"]}}],"collection":[{"href":"https:\/\/cigarquality.com\/zh\/wp-json\/wp\/v2\/product"}],"about":[{"href":"https:\/\/cigarquality.com\/zh\/wp-json\/wp\/v2\/types\/product"}],"wp:featuredmedia":[{"embeddable":true,"href":"https:\/\/cigarquality.com\/zh\/wp-json\/wp\/v2\/media\/6467"}],"wp:attachment":[{"href":"https:\/\/cigarquality.com\/zh\/wp-json\/wp\/v2\/media?parent=40729"}],"wp:term":[{"taxonomy":"product_brand","embeddable":true,"href":"https:\/\/cigarquality.com\/zh\/wp-json\/wp\/v2\/product_brand?post=40729"},{"taxonomy":"product_cat","embeddable":true,"href":"https:\/\/cigarquality.com\/zh\/wp-json\/wp\/v2\/product_cat?post=40729"},{"taxonomy":"product_tag","embeddable":true,"href":"https:\/\/cigarquality.com\/zh\/wp-json\/wp\/v2\/product_tag?post=40729"}],"curies":[{"name":"wp","href":"https:\/\/api.w.org\/{rel}","templated":true}]}}