{"id":40504,"date":"2019-06-19T10:27:21","date_gmt":"2019-06-19T09:27:21","guid":{"rendered":"https:\/\/mkulcarx.preview.infomaniak.website\/produit\/cohiba-robustos-3-2\/"},"modified":"2026-03-30T09:23:21","modified_gmt":"2026-03-30T07:23:21","slug":"cohiba-robustos-5x3","status":"publish","type":"product","link":"https:\/\/cigarquality.com\/zh\/boutique\/cigares-cubains\/cohiba\/cohiba-linea-clasica\/cohiba-robustos-5x3\/","title":{"rendered":"\u9ad8\u5e0c\u9738 Robustos\uff085\u00d73\uff09"},"content":{"rendered":"<p><strong>\u53e4\u5df4\u7684\u7b2c\u4e00\u5927\u96ea\u8304\u54c1\u724c\u65e0\u7591\u662f Cohiba\uff0c\u56e0\u4e3a\u5b83\u7684\u70df\u8349\u8d28\u91cf\u4e0a\u4e58\u3002<\/strong> \u8fc4\u4eca\u4e3a\u6b62\uff0c\u7f57\u5e03\u65af\u7279\u6a21\u5757\u662f\u884c\u5bb6\u4eec\u7684\u6700\u7231\uff0c\u5176\u957f\u5ea6\u4e3a 124 \u6beb\u7c73\uff0c\u76f4\u5f84\u4e3a 19.84 \u6beb\u7c73\uff08cepo 50\uff09\u3002<\/p>\n<p>\u8fd9\u662f\u96ea\u8304\u5473\u9053\u6700\u6d53\u90c1\u7684\u90e8\u5206\u3002\u5728\u70b9\u71c3\u524d\u54c1\u5c1d\uff0c\u96ea\u8304\u5e95\u90e8\u4f1a\u6563\u53d1\u51fa\u6ce5\u571f\u548c\u9999\u8349\u7684\u82ac\u82b3\u3002\u5f53\u96ea\u8304\u51b7\u62bd\u65f6\uff0c\u5634\u5507\u4e0a\u4f1a\u6709\u6de1\u6de1\u7684\u54b8\u5473\uff0c\u835e\u9ea6\u8702\u871c\u7684\u9999\u5473\u548c\u5fae\u5fae\u7684\u8f9b\u8fa3\u5473\u4f1a\u5728\u5473\u857e\u4e0a\u8513\u5ef6\u5f00\u6765\u3002<\/p>\n<p>Une fois un Cohiba Robusto allum\u00e9, la perfection du tirage se poursuit tout le long du cigare, lib\u00e9rant une fum\u00e9e \u00e9paisse et abondante, \u00e0 la texture cr\u00e9meuse propre aux Cohiba. La saveur cors\u00e9e du miel noir domine le premier tiers. Le fameux go\u00fbt de l\u2019herbe caract\u00e9ristique de tous les Cohiba fait son apparition d\u00e8s le premier tirage bien que le bouquet aromatique ne soit que l\u00e9g\u00e8rement perceptible. Les sensations olfactives se poursuivent sur un go\u00fbt cr\u00e9meux et terreux pour finir sur une nuance poivr\u00e9e. Dans le 2\u00e8me tiers, le cigare devient plus complexe puisqu\u2019il associe bois, caramel, miel et c\u00e8dre. Toutes ces saveurs se marient dans une compl\u00e8te harmonie. Le 3e tiers se caract\u00e9rise par de copieux ar\u00f4mes de cacao et de cuir.<\/p>","protected":false},"excerpt":{"rendered":"<p>5 \u76d2\uff0c\u6bcf\u76d2 3 \u652f\u96ea\u8304\u3002<\/p>","protected":false},"featured_media":54421,"template":"","meta":{"_acf_changed":false},"product_brand":[],"product_cat":[19809,19845,19885,45378,35059,19793,16866],"product_tag":[],"class_list":{"0":"post-40504","1":"product","2":"type-product","3":"status-publish","4":"has-post-thumbnail","6":"product_cat-cigares","7":"product_cat-cigares-cubains","8":"product_cat-cohiba","9":"product_cat-cohiba-linea-clasica","10":"product_cat-etuis-de-3-a-5-cigares","11":"product_cat-hard-to-find","12":"product_cat-les-meilleurs-cigares","13":"product_shipping_class-cigares","15":"first","16":"outofstock","17":"taxable","18":"shipping-taxable","19":"purchasable","20":"product-type-simple"},"acf":[],"_links":{"self":[{"href":"https:\/\/cigarquality.com\/zh\/wp-json\/wp\/v2\/product\/40504","targetHints":{"allow":["GET"]}}],"collection":[{"href":"https:\/\/cigarquality.com\/zh\/wp-json\/wp\/v2\/product"}],"about":[{"href":"https:\/\/cigarquality.com\/zh\/wp-json\/wp\/v2\/types\/product"}],"wp:featuredmedia":[{"embeddable":true,"href":"https:\/\/cigarquality.com\/zh\/wp-json\/wp\/v2\/media\/54421"}],"wp:attachment":[{"href":"https:\/\/cigarquality.com\/zh\/wp-json\/wp\/v2\/media?parent=40504"}],"wp:term":[{"taxonomy":"product_brand","embeddable":true,"href":"https:\/\/cigarquality.com\/zh\/wp-json\/wp\/v2\/product_brand?post=40504"},{"taxonomy":"product_cat","embeddable":true,"href":"https:\/\/cigarquality.com\/zh\/wp-json\/wp\/v2\/product_cat?post=40504"},{"taxonomy":"product_tag","embeddable":true,"href":"https:\/\/cigarquality.com\/zh\/wp-json\/wp\/v2\/product_tag?post=40504"}],"curies":[{"name":"wp","href":"https:\/\/api.w.org\/{rel}","templated":true}]}}