{"id":299564,"date":"2025-04-03T14:22:11","date_gmt":"2025-04-03T12:22:11","guid":{"rendered":"https:\/\/cigarquality.com\/boutique\/non%20class\u00e9\/genepi-traditionnel-des-peres-chartreux-40-70cl\/"},"modified":"2025-07-25T14:15:56","modified_gmt":"2025-07-25T12:15:56","slug":"genepi-traditionnel-des-peres-chartreux-40-70cl","status":"publish","type":"product","link":"https:\/\/cigarquality.com\/zh\/boutique\/alcools\/liqueurs\/peres-chartreux\/genepi-traditionnel-des-peres-chartreux-40-70cl\/","title":{"rendered":"G\u00e9n\u00e9pi Traditionnel des P\u00e8res Chartreux 40% 70cl"},"content":{"rendered":"<p data-start=\"0\" data-end=\"443\">Le <strong>G\u00e9n\u00e9pi Traditionnel des P\u00e8res Chartreux 40% 70cl<\/strong> est une liqueur embl&eacute;matique, issue du savoir-faire ancestral des c&eacute;l&egrave;bres moines de la Grande Chartreuse. Cette liqueur alpine s&eacute;duit par son bouquet v&eacute;g&eacute;tal intense et ses nuances florales raffin&eacute;es, offrant une fra&icirc;cheur unique &agrave; chaque gorg&eacute;e. V&eacute;ritable hommage aux plantes de montagne, elle incarne l&rsquo;&eacute;quilibre subtil entre tradition monastique, puret&eacute; des ingr&eacute;dients naturels et &eacute;l&eacute;gance de la composition.<\/p>\n<p data-start=\"445\" data-end=\"937\">\u6cd5\u56fd\u5236\u9020\uff0c\u4f4d\u4e8e\u963f\u5c14\u5351\u65af\u5c71\u7684\u4e2d\u5fc3\u5730\u5e26\u3002 <strong>G\u00e9n\u00e9pi Traditionnel des P\u00e8res Chartreux 40% 70cl<\/strong> G\u00e9n\u00e9pi \u84b8\u998f\u9152\u91c7\u7528\u7684\u662f Carthusian \u4fee\u9053\u58eb\u7684\u79d8\u65b9\uff0c\u4ed6\u4eec\u84b8\u998f\u8fd9\u79cd\u690d\u7269\u5df2\u6709\u56db\u4e2a\u591a\u4e16\u7eaa\u7684\u5386\u53f2\u3002G\u00e9n\u00e9pi \u91c7\u7528\u72ec\u7279\u7684\u6d78\u6ce1\u548c\u84b8\u998f\u5de5\u827a\u3002\u8fd9\u79cd\u65b9\u6cd5\u8403\u53d6\u4e86\u8349\u836f\u7684\u82b3\u9999\u7cbe\u534e\uff0c\u6062\u590d\u4e86\u5229\u53e3\u9152\u7684\u690d\u7269\u590d\u6742\u6027\u3002<\/p>\n<p data-start=\"939\" data-end=\"1216\" data-is-last-node=\"\" data-is-only-node=\"\">\u51b0\u9547\u6216\u52a0\u51b0\u996e\u7528\u3002 <strong>G\u00e9n\u00e9pi Traditionnel des P\u00e8res Chartreux 40% 70cl<\/strong> \u5728\u7eaf\u51c0\u7684\u54c1\u5c1d\u4f53\u9a8c\u4e2d\uff0c\u5b83\u7684\u8349\u672c\u6e05\u9999\u548c\u5fae\u5999\u7684\u82b1\u9999\u5c3d\u663e\u65e0\u9057\u3002\u8fd9\u662f\u4e00\u6b3e\u96be\u5f97\u7684\u7cbe\u81f4\u5229\u53e3\u9152\uff0c\u4f53\u73b0\u4e86\u917f\u9020\u8005\u7684\u65f6\u95f4\u3001\u9759\u8c27\u548c\u4e13\u4e1a\u3002<\/p>","protected":false},"excerpt":{"rendered":"<p>70 cl \u74f6\u88c5\u3002<\/p>","protected":false},"featured_media":302196,"template":"","meta":{"_acf_changed":false},"product_brand":[],"product_cat":[21852,35374,45187],"product_tag":[],"class_list":{"0":"post-299564","1":"product","2":"type-product","3":"status-publish","4":"has-post-thumbnail","6":"product_cat-alcools","7":"product_cat-liqueurs","8":"product_cat-peres-chartreux","9":"product_shipping_class-alcool","11":"first","12":"instock","13":"taxable","14":"shipping-taxable","15":"purchasable","16":"product-type-simple"},"acf":[],"_links":{"self":[{"href":"https:\/\/cigarquality.com\/zh\/wp-json\/wp\/v2\/product\/299564","targetHints":{"allow":["GET"]}}],"collection":[{"href":"https:\/\/cigarquality.com\/zh\/wp-json\/wp\/v2\/product"}],"about":[{"href":"https:\/\/cigarquality.com\/zh\/wp-json\/wp\/v2\/types\/product"}],"wp:featuredmedia":[{"embeddable":true,"href":"https:\/\/cigarquality.com\/zh\/wp-json\/wp\/v2\/media\/302196"}],"wp:attachment":[{"href":"https:\/\/cigarquality.com\/zh\/wp-json\/wp\/v2\/media?parent=299564"}],"wp:term":[{"taxonomy":"product_brand","embeddable":true,"href":"https:\/\/cigarquality.com\/zh\/wp-json\/wp\/v2\/product_brand?post=299564"},{"taxonomy":"product_cat","embeddable":true,"href":"https:\/\/cigarquality.com\/zh\/wp-json\/wp\/v2\/product_cat?post=299564"},{"taxonomy":"product_tag","embeddable":true,"href":"https:\/\/cigarquality.com\/zh\/wp-json\/wp\/v2\/product_tag?post=299564"}],"curies":[{"name":"wp","href":"https:\/\/api.w.org\/{rel}","templated":true}]}}