{"id":88240,"date":"2022-09-27T14:04:07","date_gmt":"2022-09-27T13:04:07","guid":{"rendered":"https:\/\/cigarquality.com\/?post_type=product&#038;p=88240"},"modified":"2025-07-25T14:03:45","modified_gmt":"2025-07-25T12:03:45","slug":"padron-1964-anniversary-a-maduro-10","status":"publish","type":"product","link":"https:\/\/cigarquality.com\/ja\/boutique\/cigares-nicaraguayens\/padron\/padron-1964-anniversary\/padron-1964-anniversary-a-maduro-10\/","title":{"rendered":"\u30d1\u30c9\u30ed\u30f31964\u30a2\u30cb\u30d0\u30fc\u30b5\u30ea\u30fcA\u30de\u30c7\u30e5\u30ed (10)"},"content":{"rendered":"<p><span id=\"p51\">\u00c0 la d\u00e9gustation le <strong><span id=\"65\">\u30d1\u30c9\u30ed\u30f3<\/span>\u00a01964\u00a0<span id=\"66\">Anniversary<\/span>\u00a0A\u00a0<span id=\"67\">Maduro<\/span><\/strong>\u00a0\u6749\u3001\u30b3\u30fc\u30d2\u30fc\u3001\u30af\u30eb\u30df\u306e\u30cb\u30e5\u30a2\u30f3\u30b9\u306b\u52a0\u3048\u3001\u308f\u305a\u304b\u306b\u571f\u3084\u8349\u306e\u98a8\u5473\u304c\u611f\u3058\u3089\u308c\u308b\u3002.<\/span><\/p>\n<p><span id=\"p52\">Le Padron 1964 Anniversary A maduro est un puro puisque tous les tabacs qui composent la tripe, la sous-cape et la cape sont cultiv\u00e9s au Nicaragua.<\/span><span id=\"p53\">\u00a0\u8449\u5dfb\u00a0<span id=\"68\" class=\"s-rg-t\">\u30d1\u30c9\u30ed\u30f3<\/span>\u00a0\u306f\u30cb\u30ab\u30e9\u30b0\u30a2\u306e\u5bb6\u65cf\u7d4c\u55b6\u306e\u5de5\u5834\u3067\u4f5c\u3089\u308c\u3066\u3044\u308b\u3002\u00a0<span id=\"69\" class=\"s-rg-t\">\u30d1\u30c9\u30ed\u30f3<\/span>.<\/span><span id=\"p54\">\u00a0\u30eb\u00a0<span id=\"70\" class=\"s-rg-t\">padron<\/span>\u00a01964\u00a0<span id=\"71\" class=\"s-rg-t\">Anniversary<\/span>\u00a0A\u00a0<span id=\"72\" class=\"s-rg-t\">\u30de\u30c7\u30e5\u30fc\u30ed<\/span>\u00a0est propos\u00e9 en bo\u00eete de 10 cigares.<\/span><br \/>\n<span id=\"p55\"><\/span><\/p>\n<p><span id=\"p55\">\u8449\u5dfb\u30e9\u30a4\u30f3\u00a0<span id=\"73\" class=\"s-rg-t\">\u30d1\u30c9\u30ed\u30f3<\/span>\u00a01964\u00a0<span id=\"74\" class=\"s-rg-t\">Anniversary<\/span>\u00a0est apparue en 1994 pour comm\u00e9morer le\u00a0<span id=\"75\" class=\"s-bl-t\">30 \u00e8me<\/span>\u00a0anniversaire de l\u2019<span id=\"76\" class=\"s-bl-t\">entreprise .<\/span><\/span><span id=\"p56\">\u00a0<\/span><span id=\"78\">\u306b\u3064\u3044\u3066<\/span>\u00a0tabacs qui composent cette ligne 1964\u00a0<span id=\"79\">Anniversary<\/span>\u00a0sont vieillis pendant au moins 4 ans afin d\u2019obtenir des cigares \u00e0 la fois tr\u00e8s\u00a0<span id=\"80\">fins mais<\/span>\u00a0avec \u00e9norm\u00e9ment de caract\u00e8re.<span id=\"p57\">\u00a0Comme les cigares\u00a0<span id=\"81\" class=\"s-rg-t\">\u30d1\u30c9\u30ed\u30f3<\/span>\u00a0<span id=\"82\" class=\"s-rg-t\">Classic<\/span>, les cigares\u00a0<span id=\"83\" class=\"s-bl-t\">Padron 1964<\/span>\u00a0<span id=\"84\" class=\"s-rg-t\">Anniversary<\/span>\u00a0sont propos\u00e9s soit avec une cape\u00a0<span id=\"85\" class=\"s-rg-t\">Natural<\/span>\u00a0soit avec une cape\u00a0<span id=\"86\" class=\"s-rg-t\">\u30de\u30c7\u30e5\u30fc\u30ed<\/span>.<\/span><span id=\"p58\">\u00a0<\/span><\/p>\n<p><span id=\"p58\">Cette ligne de cigares comprend 13 autres modules qui sont l\u2019<span id=\"87\">Imperial<\/span>, \u305d\u306e\u00a0<span id=\"88\">Diplomatico<\/span>,\u00a0<span id=\"89\">le Exclusivo<\/span>, le Principe, le\u00a0<span id=\"90\">Monarca<\/span>, \u305d\u306e\u00a0<span id=\"91\">Superior<\/span>, le Corona, le\u00a0<span id=\"92\">\u30d4\u30e9\u30df\u30c3\u30c9<\/span>, \u305d\u306e\u00a0<span id=\"93\">Hermoso<\/span>, \u305d\u306e\u00a0<span id=\"94\">Presidente<\/span>, \u305d\u306e\u00a0<span id=\"95\">Soberano<\/span>, le N\u00b0 4 et le\u00a0<span id=\"96\">\u9b5a\u96f7<\/span>.<\/span><\/p>\n<p><span id=\"p49\">\u8449\u5dfb\u00a0<span id=\"59\">\u30d1\u30c9\u30ed\u30f3<\/span>\u00a01964\u00a0<span id=\"60\">Anniversary<\/span>\u00a0A\u00a0<span id=\"61\">Maduro<\/span>\u00a0\u306f\u00a0<span id=\"62\">\u30ae\u30ac\u30f3\u30c6<\/span>\u00a0d\u2019 une longueur de 210 mm pour un diam\u00e8tre de 19.8 mm.<\/span><span id=\"p50\">\u00a0\u306e\u6642\u9593\u3067\u3042\u308b\u3002\u00a0<span id=\"63\" class=\"s-rg-t\">fum\u00e9e<\/span>\u00a0de ce cigare est d\u2019environ 120 minutes.<\/span><\/p>","protected":false},"excerpt":{"rendered":"<p>\u8449\u5dfb10\u672c\u5165\u308a\u3002.<\/p>","protected":false},"featured_media":88238,"template":"","meta":{"_acf_changed":false},"product_brand":[],"product_cat":[19809,24833,25449,32703],"product_tag":[],"class_list":{"0":"post-88240","1":"product","2":"type-product","3":"status-publish","4":"has-post-thumbnail","6":"product_cat-cigares","7":"product_cat-cigares-nicaraguayens","8":"product_cat-padron","9":"product_cat-padron-1964-anniversary","10":"product_shipping_class-cigares","12":"first","13":"outofstock","14":"taxable","15":"shipping-taxable","16":"purchasable","17":"product-type-simple"},"acf":[],"_links":{"self":[{"href":"https:\/\/cigarquality.com\/ja\/wp-json\/wp\/v2\/product\/88240","targetHints":{"allow":["GET"]}}],"collection":[{"href":"https:\/\/cigarquality.com\/ja\/wp-json\/wp\/v2\/product"}],"about":[{"href":"https:\/\/cigarquality.com\/ja\/wp-json\/wp\/v2\/types\/product"}],"wp:featuredmedia":[{"embeddable":true,"href":"https:\/\/cigarquality.com\/ja\/wp-json\/wp\/v2\/media\/88238"}],"wp:attachment":[{"href":"https:\/\/cigarquality.com\/ja\/wp-json\/wp\/v2\/media?parent=88240"}],"wp:term":[{"taxonomy":"product_brand","embeddable":true,"href":"https:\/\/cigarquality.com\/ja\/wp-json\/wp\/v2\/product_brand?post=88240"},{"taxonomy":"product_cat","embeddable":true,"href":"https:\/\/cigarquality.com\/ja\/wp-json\/wp\/v2\/product_cat?post=88240"},{"taxonomy":"product_tag","embeddable":true,"href":"https:\/\/cigarquality.com\/ja\/wp-json\/wp\/v2\/product_tag?post=88240"}],"curies":[{"name":"wp","href":"https:\/\/api.w.org\/{rel}","templated":true}]}}