{"id":88083,"date":"2022-09-26T11:26:21","date_gmt":"2022-09-26T10:26:21","guid":{"rendered":"https:\/\/cigarquality.com\/?post_type=product&#038;p=88083"},"modified":"2025-07-25T13:43:59","modified_gmt":"2025-07-25T11:43:59","slug":"padron-1926-serie-no-1-maduro-24","status":"publish","type":"product","link":"https:\/\/cigarquality.com\/ja\/boutique\/cigares-nicaraguayens\/padron\/padron-1926-serie\/padron-1926-serie-no-1-maduro-24\/","title":{"rendered":"\u30d1\u30c9\u30ed\u30f31926\u30bb\u30ea\u30a8No.1\u30de\u30c7\u30e5\u30ed (24)"},"content":{"rendered":"<p>\u65e5\u306e\u8a66\u98f2\u4f1a\u3067\u306f <strong>Padron 1926 Anniversary N\u00b0 1 Maduro<\/strong> \u30b3\u30fc\u30d2\u30fc\u3068\u30af\u30eb\u30df\u306e\u9999\u308a\u306b\u52a0\u3048\u3001\u308f\u305a\u304b\u306b\u571f\u306e\u98a8\u5473\u304c\u611f\u3058\u3089\u308c\u308b\u3002.<\/p>\n<p>\u30eb <strong>Padron 1926 Anniversary N\u00b0 1 Maduro<\/strong> \u306f\u3001\u30d5\u30a3\u30e9\u30fc\u3001\u30e9\u30c3\u30d1\u30fc\u3001\u30d0\u30a4\u30f3\u30c0\u30fc\u306b\u4f7f\u7528\u3055\u308c\u3066\u3044\u308b\u5168\u3066\u306e\u30bf\u30d0\u30b3\u304c\u30cb\u30ab\u30e9\u30b0\u30a2\u3067\u683d\u57f9\u3055\u308c\u3066\u3044\u308b\u305f\u3081\u3001\u30d4\u30e5\u30fc\u30ed\u3067\u3042\u308b\u3002\u30d1\u30c9\u30ed\u30f3\u30b7\u30ac\u30fc\u306f\u30cb\u30ab\u30e9\u30b0\u30a2\u306e\u30d1\u30c9\u30ed\u30f3\u30d5\u30a1\u30df\u30ea\u30fc\u304c\u6240\u6709\u3059\u308b\u5de5\u5834\u3067\u4f5c\u3089\u308c\u3066\u3044\u308b\u3002.<br \/>\n\u8449\u5dfb\u30e9\u30a4\u30f3 <strong>Padr\u00f3n 1926 Anniversary<\/strong> a fait ses d\u00e9buts en 2002 \u00e0 l\u2019occasion du 75\u00e8me anniversaire de Jos\u00e9 Orlando Padr\u00f3n, le patriarche de la famille. Les tabacs utilis\u00e9s dans la ligne 1926 Anniversary sont vieillis au minimum pendant 7 ann\u00e9es, ce vieillissement apporte aux cigares une personnalit\u00e9 hors du commun.<\/p>\n<p>La ligne de cigares Padron 1926 Anniversary comprend 8 autres modules qui sont le N\u00b0 2, le N\u00b0 6, le N\u00b0 9, le N\u00b0 35, le N\u00b0 48, le N\u00b0 90 en tube, le 40th Anniversary et le 80th Anniversary.<\/p>\n<p>\u30eb <strong>Padron 1926 Anniversary N\u00b0 1 Maduro<\/strong> 24\u672c\u5165\u308a\u3002.<\/p>\n<p>\u8449\u5dfb <strong>Padr\u00f3n 1926 Anniversary N\u00b0 1 Maduro <\/strong>est un Double Corona d\u2019 une longueur de 172 mm pour un diam\u00e8tre de 21,4 mm. Le temps de fum\u00e9e de ce cigare est d\u2019environ 90 \u00e0 120 minutes.<\/p>","protected":false},"excerpt":{"rendered":"<p>\u8449\u5dfb24\u672c\u5165\u308a\u3002.<\/p>","protected":false},"featured_media":88080,"template":"","meta":{"_acf_changed":false},"product_brand":[],"product_cat":[19809,24833,25449,32746],"product_tag":[],"class_list":{"0":"post-88083","1":"product","2":"type-product","3":"status-publish","4":"has-post-thumbnail","6":"product_cat-cigares","7":"product_cat-cigares-nicaraguayens","8":"product_cat-padron","9":"product_cat-padron-1926-serie","10":"product_shipping_class-cigares","12":"first","13":"outofstock","14":"taxable","15":"shipping-taxable","16":"purchasable","17":"product-type-simple"},"acf":[],"_links":{"self":[{"href":"https:\/\/cigarquality.com\/ja\/wp-json\/wp\/v2\/product\/88083","targetHints":{"allow":["GET"]}}],"collection":[{"href":"https:\/\/cigarquality.com\/ja\/wp-json\/wp\/v2\/product"}],"about":[{"href":"https:\/\/cigarquality.com\/ja\/wp-json\/wp\/v2\/types\/product"}],"wp:featuredmedia":[{"embeddable":true,"href":"https:\/\/cigarquality.com\/ja\/wp-json\/wp\/v2\/media\/88080"}],"wp:attachment":[{"href":"https:\/\/cigarquality.com\/ja\/wp-json\/wp\/v2\/media?parent=88083"}],"wp:term":[{"taxonomy":"product_brand","embeddable":true,"href":"https:\/\/cigarquality.com\/ja\/wp-json\/wp\/v2\/product_brand?post=88083"},{"taxonomy":"product_cat","embeddable":true,"href":"https:\/\/cigarquality.com\/ja\/wp-json\/wp\/v2\/product_cat?post=88083"},{"taxonomy":"product_tag","embeddable":true,"href":"https:\/\/cigarquality.com\/ja\/wp-json\/wp\/v2\/product_tag?post=88083"}],"curies":[{"name":"wp","href":"https:\/\/api.w.org\/{rel}","templated":true}]}}