{"id":88071,"date":"2022-09-26T10:59:16","date_gmt":"2022-09-26T09:59:16","guid":{"rendered":"https:\/\/cigarquality.com\/?post_type=product&#038;p=88071"},"modified":"2025-11-17T09:00:32","modified_gmt":"2025-11-17T08:00:32","slug":"padron-1964-anniversary-exclusivo-maduro-25","status":"publish","type":"product","link":"https:\/\/cigarquality.com\/ja\/boutique\/cigares-nicaraguayens\/padron\/padron-1964-anniversary\/padron-1964-anniversary-exclusivo-maduro-25\/","title":{"rendered":"Padron 1964 Anniversary Exclusivo Maduro (25)"},"content":{"rendered":"<p>A la d\u00e9gustation le <strong>Padr\u00f3n 1964 Anniversary Exclusivo Maduro<\/strong> d\u00e9livre des notes de c\u00e8dre, de caf\u00e9 et de noix ainsi que des saveurs l\u00e9g\u00e8rement terreuses et herbac\u00e9es.<\/p>\n<p>\u30eb <strong>Padr\u00f3n1964 Anniversary Exclusivo Maduro <\/strong>est un puro puisque tous les tabacs qui composent la tripe, la sous-cape et la cape sont cultiv\u00e9s au Nicaragua. Les cigares Padr\u00f3n sont fabriqu\u00e9s au Nicaragua dans la manufacture appartenant \u00e0 la famille Padr\u00f3n. La ligne de cigares Padr\u00f3n 1964 Anniversary est apparue en 1994 pour comm\u00e9morer le 30 \u00e8me anniversaire de l\u2019entreprise.<br \/>\nLes tabacs qui composent cette ligne 1964 Anniversary sont vieillis pendant au moins 4 ans afin d\u2019obtenir des cigares tr\u00e8s fins mais avec \u00e9norm\u00e9ment de caract\u00e8re.<\/p>\n<p>Comme les cigares Padr\u00f3n Series, les cigares Padr\u00f3n 1964 Anniversary sont propos\u00e9s soit avec une cape Natural soit avec une cape Maduro. Cette ligne de cigares comprend 13 autres modules qui sont l\u2019Imperial, le Diplomatico, le Exclusivo, le Principe, le Monarca, le Superior, le Corona, le Pyramid, le Hermoso, le Presidente, le Soberano, le N\u00b0 4 et le A.<\/p>\n<p>\u30eb <strong>Padr\u00f3n1964 Anniversary Exclusivo Maduro<\/strong> est propos\u00e9 en bo\u00eete de 25 cigares.<br \/>\n\u8449\u5dfb <strong>Padr\u00f3n1964 Anniversary Exclusivo Maduro<\/strong> est un Toro d\u2019 une longueur de 140 mm pour un diam\u00e8tre de 19.8 mm. Le temps de fum\u00e9e de ce cigare est d\u2019environ 60 minutes.<\/p>","protected":false},"excerpt":{"rendered":"<p>\u8449\u5dfb25\u672c\u5165\u308a\u3002.<\/p>","protected":false},"featured_media":88068,"template":"","meta":{"_acf_changed":false},"product_brand":[],"product_cat":[19809,24833,25449,32703],"product_tag":[],"class_list":{"0":"post-88071","1":"product","2":"type-product","3":"status-publish","4":"has-post-thumbnail","6":"product_cat-cigares","7":"product_cat-cigares-nicaraguayens","8":"product_cat-padron","9":"product_cat-padron-1964-anniversary","10":"product_shipping_class-cigares","12":"first","13":"outofstock","14":"taxable","15":"shipping-taxable","16":"purchasable","17":"product-type-simple"},"acf":[],"_links":{"self":[{"href":"https:\/\/cigarquality.com\/ja\/wp-json\/wp\/v2\/product\/88071","targetHints":{"allow":["GET"]}}],"collection":[{"href":"https:\/\/cigarquality.com\/ja\/wp-json\/wp\/v2\/product"}],"about":[{"href":"https:\/\/cigarquality.com\/ja\/wp-json\/wp\/v2\/types\/product"}],"wp:featuredmedia":[{"embeddable":true,"href":"https:\/\/cigarquality.com\/ja\/wp-json\/wp\/v2\/media\/88068"}],"wp:attachment":[{"href":"https:\/\/cigarquality.com\/ja\/wp-json\/wp\/v2\/media?parent=88071"}],"wp:term":[{"taxonomy":"product_brand","embeddable":true,"href":"https:\/\/cigarquality.com\/ja\/wp-json\/wp\/v2\/product_brand?post=88071"},{"taxonomy":"product_cat","embeddable":true,"href":"https:\/\/cigarquality.com\/ja\/wp-json\/wp\/v2\/product_cat?post=88071"},{"taxonomy":"product_tag","embeddable":true,"href":"https:\/\/cigarquality.com\/ja\/wp-json\/wp\/v2\/product_tag?post=88071"}],"curies":[{"name":"wp","href":"https:\/\/api.w.org\/{rel}","templated":true}]}}