{"id":88059,"date":"2022-09-26T10:20:24","date_gmt":"2022-09-26T09:20:24","guid":{"rendered":"https:\/\/cigarquality.com\/?post_type=product&#038;p=88059"},"modified":"2025-07-25T13:43:51","modified_gmt":"2025-07-25T11:43:51","slug":"padron-1964-anniversary-torpedo-maduro-20","status":"publish","type":"product","link":"https:\/\/cigarquality.com\/ja\/boutique\/cigares-nicaraguayens\/padron\/padron-1964-anniversary\/padron-1964-anniversary-torpedo-maduro-20\/","title":{"rendered":"\u30d1\u30c9\u30ed\u30f31964\u5e74\u8a18\u5ff5\u30c8\u30eb\u30da\u30c9\u30fb\u30de\u30c7\u30e5\u30fc\u30ed (20)"},"content":{"rendered":"<p>\u65e5\u306e\u8a66\u98f2\u4f1a\u3067\u306f <strong>Padr\u00f3n 1964 Anniversary Torpedo Maduro <\/strong>\u6749\u3001\u30b3\u30fc\u30d2\u30fc\u3001\u30af\u30eb\u30df\u306e\u30cb\u30e5\u30a2\u30f3\u30b9\u306b\u52a0\u3048\u3001\u308f\u305a\u304b\u306b\u571f\u3084\u8349\u306e\u98a8\u5473\u304c\u611f\u3058\u3089\u308c\u308b\u3002.<\/p>\n<p>\u30eb <strong>Padr\u00f3n 1964 Anniversary Torpedo Maduro <\/strong>\u306f\u3001\u30d5\u30a3\u30e9\u30fc\u3001\u30d0\u30a4\u30f3\u30c0\u30fc\u3001\u30e9\u30c3\u30d1\u30fc\u306b\u4f7f\u7528\u3055\u308c\u3066\u3044\u308b\u5168\u3066\u306e\u30bf\u30d0\u30b3\u304c\u30cb\u30ab\u30e9\u30b0\u30a2\u3067\u683d\u57f9\u3055\u308c\u3066\u3044\u308b\u3053\u3068\u304b\u3089\u3001\u30d4\u30e5\u30fc\u30ed\u3068\u547c\u3070\u308c\u3066\u3044\u308b\u3002.<br \/>\n\u8449\u5dfb <strong>\u30d1\u30c9\u30ed\u30f3 <\/strong>\u306f\u30cb\u30ab\u30e9\u30b0\u30a2\u306e\u5bb6\u65cf\u7d4c\u55b6\u306e\u5de5\u5834\u3067\u4f5c\u3089\u308c\u3066\u3044\u308b\u3002 <strong>\u30d1\u30c9\u30ed\u30f3<\/strong>. La ligne de cigares <strong>Padr\u00f3n 1964 Anniversary<\/strong> est apparue en 1994 pour comm\u00e9morer le 30 \u00e8me anniversaire de l\u2019entreprise. Les tabacs qui composent cette ligne 1964 Anniversary sont vieillis pendant au moins 4 ans afin d\u2019obtenir des cigares tr\u00e8s fins mais avec \u00e9norm\u00e9ment de caract\u00e8re.<\/p>\n<p>Comme les cigares Padr\u00f3n Series, les cigares Padr\u00f3n 1964 Anniversary sont propos\u00e9s soit avec une cape Natural soit avec une cape Maduro. Cette ligne de cigares comprend 13 autres modules qui sont l\u2019Imperial, le Diplomatico, le Exclusivo, le Principe, le Monarca, le Superior, le Corona, le Pyramid, le Hermoso, le Presidente, le Soberano, le N\u00b0 4 et le A.<\/p>\n<p>\u30eb <strong>Padr\u00f3n 1964 Anniversary Torpedo Maduro<\/strong> 20\u672c\u5165\u308a\u3002.<br \/>\n\u8449\u5dfb <strong>Padr\u00f3n 1964 Anniversary Torpedo Maduro<\/strong> est un Torpedo d\u2019 une longueur de 152 mm pour un diam\u00e8tre de 20.6 mm. Le temps de fum\u00e9e de ce cigare est d\u2019environ 60 minutes.<\/p>","protected":false},"excerpt":{"rendered":"<p>20\u672c\u5165\u308a\u3002.<\/p>","protected":false},"featured_media":88056,"template":"","meta":{"_acf_changed":false},"product_brand":[],"product_cat":[19809,24833,25449,32703],"product_tag":[],"class_list":{"0":"post-88059","1":"product","2":"type-product","3":"status-publish","4":"has-post-thumbnail","6":"product_cat-cigares","7":"product_cat-cigares-nicaraguayens","8":"product_cat-padron","9":"product_cat-padron-1964-anniversary","10":"product_shipping_class-cigares","12":"first","13":"outofstock","14":"taxable","15":"shipping-taxable","16":"purchasable","17":"product-type-simple"},"acf":[],"_links":{"self":[{"href":"https:\/\/cigarquality.com\/ja\/wp-json\/wp\/v2\/product\/88059","targetHints":{"allow":["GET"]}}],"collection":[{"href":"https:\/\/cigarquality.com\/ja\/wp-json\/wp\/v2\/product"}],"about":[{"href":"https:\/\/cigarquality.com\/ja\/wp-json\/wp\/v2\/types\/product"}],"wp:featuredmedia":[{"embeddable":true,"href":"https:\/\/cigarquality.com\/ja\/wp-json\/wp\/v2\/media\/88056"}],"wp:attachment":[{"href":"https:\/\/cigarquality.com\/ja\/wp-json\/wp\/v2\/media?parent=88059"}],"wp:term":[{"taxonomy":"product_brand","embeddable":true,"href":"https:\/\/cigarquality.com\/ja\/wp-json\/wp\/v2\/product_brand?post=88059"},{"taxonomy":"product_cat","embeddable":true,"href":"https:\/\/cigarquality.com\/ja\/wp-json\/wp\/v2\/product_cat?post=88059"},{"taxonomy":"product_tag","embeddable":true,"href":"https:\/\/cigarquality.com\/ja\/wp-json\/wp\/v2\/product_tag?post=88059"}],"curies":[{"name":"wp","href":"https:\/\/api.w.org\/{rel}","templated":true}]}}