{"id":88044,"date":"2022-09-26T09:53:28","date_gmt":"2022-09-26T08:53:28","guid":{"rendered":"https:\/\/cigarquality.com\/?post_type=product&#038;p=88044"},"modified":"2025-07-25T14:03:38","modified_gmt":"2025-07-25T12:03:38","slug":"padron-series-4000-maduro-26","status":"publish","type":"product","link":"https:\/\/cigarquality.com\/ja\/boutique\/cigares-nicaraguayens\/padron\/padron-series\/padron-series-4000-maduro-26\/","title":{"rendered":"Padron Series 4000 Maduro (26)"},"content":{"rendered":"<p>A la d\u00e9gustation le <strong>Padr\u00f3n 4000 Maduro<\/strong> d\u00e9livre des notes de c\u00e8dre, de chocolat, de noix avec des notes l\u00e9g\u00e8rement poivr\u00e9es.<\/p>\n<p>\u30eb <strong>Padr\u00f3n 4000 Maduro <\/strong>est un puro puisque tous les tabacs qui composent la tripe, la sous-cape et la cape sont cultiv\u00e9s au Nicaragua.<br \/>\nLes cigares Padr\u00f3n sont fabriqu\u00e9s au Nicaragua dans la manufacture appartenant \u00e0 la famille Padr\u00f3n. La manufacture Padr\u00f3n a \u00e9t\u00e9 fond\u00e9e en 1964 par Jos\u00e9 Orlando Padron et a \u00e9volu\u00e9 tout au long de son histoire.<\/p>\n<p>La Ligne Padr\u00f3n Series comprend un assortiment de cigares d\u2019intensit\u00e9 moyenne \u00e0 forte. Les tabacs qui composent cette ligne vieillissent au minimum deux ans et demi avant leur commercialisation.<br \/>\nLa ligne Series de Padr\u00f3n comprend 13 modules diff\u00e9rents propos\u00e9s soit avec une cape Natural, soit avec une cape maduro. les autres modules sont le Magnum, le Executive, le Churchill, le Delicias, le Londres, le Palmas, le 3000, le 4000, le 5000, le 6000, le 7000 et le Corticos.<\/p>\n<p>\u8449\u5dfb <strong>Padr\u00f3n 4000 Maduro<\/strong> est un Gran Toro d\u2019une longueur de 165 mm pour un diam\u00e8tre de 21.4 mm.<br \/>\nLe temps de fum\u00e9e de ce cigare est d\u2019environ 75 \u00e0 90 minutes.<\/p>","protected":false},"excerpt":{"rendered":"<p>\u8449\u5dfb26\u672c\u5165\u308a\u3002.<\/p>","protected":false},"featured_media":88192,"template":"","meta":{"_acf_changed":false},"product_brand":[],"product_cat":[19809,24833,25449,25451],"product_tag":[],"class_list":{"0":"post-88044","1":"product","2":"type-product","3":"status-publish","4":"has-post-thumbnail","6":"product_cat-cigares","7":"product_cat-cigares-nicaraguayens","8":"product_cat-padron","9":"product_cat-padron-series","10":"product_shipping_class-cigares","12":"first","13":"outofstock","14":"taxable","15":"shipping-taxable","16":"purchasable","17":"product-type-simple"},"acf":[],"_links":{"self":[{"href":"https:\/\/cigarquality.com\/ja\/wp-json\/wp\/v2\/product\/88044","targetHints":{"allow":["GET"]}}],"collection":[{"href":"https:\/\/cigarquality.com\/ja\/wp-json\/wp\/v2\/product"}],"about":[{"href":"https:\/\/cigarquality.com\/ja\/wp-json\/wp\/v2\/types\/product"}],"wp:featuredmedia":[{"embeddable":true,"href":"https:\/\/cigarquality.com\/ja\/wp-json\/wp\/v2\/media\/88192"}],"wp:attachment":[{"href":"https:\/\/cigarquality.com\/ja\/wp-json\/wp\/v2\/media?parent=88044"}],"wp:term":[{"taxonomy":"product_brand","embeddable":true,"href":"https:\/\/cigarquality.com\/ja\/wp-json\/wp\/v2\/product_brand?post=88044"},{"taxonomy":"product_cat","embeddable":true,"href":"https:\/\/cigarquality.com\/ja\/wp-json\/wp\/v2\/product_cat?post=88044"},{"taxonomy":"product_tag","embeddable":true,"href":"https:\/\/cigarquality.com\/ja\/wp-json\/wp\/v2\/product_tag?post=88044"}],"curies":[{"name":"wp","href":"https:\/\/api.w.org\/{rel}","templated":true}]}}