{"id":86583,"date":"2022-09-14T12:06:30","date_gmt":"2022-09-14T10:06:30","guid":{"rendered":"https:\/\/cigarquality.com\/?post_type=product&#038;p=86583"},"modified":"2026-03-25T11:24:23","modified_gmt":"2026-03-25T10:24:23","slug":"la-preferida-552-16","status":"publish","type":"product","link":"https:\/\/cigarquality.com\/ja\/boutique\/cigares-nicaraguayens\/la-preferida\/la-preferida-552-16\/","title":{"rendered":"La Preferida 552 (16)"},"content":{"rendered":"<p><span data-sheets-value=\"{&quot;1&quot;:2,&quot;2&quot;:&quot;La Preferida 552 est un cigare qui exprime la douceur et le caract\u00e8re avec des ar\u00f4mes de force moyenne \u00e0 compl\u00e8te. Il est compos\u00e9 d'un m\u00e9lange de feuilles r\u00e9coltes dans plusieurs pays. La cape est une Habano Equateur, la sous-cape provient du Mexique tandis que la tripe viens tout droit du Nicaragua et de l'Honduras. nnLa Preferida est une ancienne marque de cigare cubain cr\u00e9\u00e9e vers 1880, elle a \u00e9t\u00e9 m\u00e9lang\u00e9e avec l'intention d'honorer les femmes. V\u00e9ritable hommage \u00e0 la f\u00e9minit\u00e9, l'assemblage honore et exprime le fantastique avec un m\u00e9lange de douceur et de force, de subtilit\u00e9 et de caract\u00e8re.nnCe cigare La Preferida 552 est un module Robusto. Il mesure 127 mm pour un diam\u00e8tre de 20,6 mm(bague 52). Ce format vous offrira environ 30 minutes de d\u00e9gustation.n&quot;}\" data-sheets-userformat=\"{&quot;2&quot;:15357,&quot;3&quot;:{&quot;1&quot;:0},&quot;5&quot;:{&quot;1&quot;:[{&quot;1&quot;:2,&quot;2&quot;:0,&quot;5&quot;:{&quot;1&quot;:2,&quot;2&quot;:0}},{&quot;1&quot;:0,&quot;2&quot;:0,&quot;3&quot;:3},{&quot;1&quot;:1,&quot;2&quot;:0,&quot;4&quot;:1}]},&quot;6&quot;:{&quot;1&quot;:[{&quot;1&quot;:2,&quot;2&quot;:0,&quot;5&quot;:{&quot;1&quot;:2,&quot;2&quot;:0}},{&quot;1&quot;:0,&quot;2&quot;:0,&quot;3&quot;:3},{&quot;1&quot;:1,&quot;2&quot;:0,&quot;4&quot;:1}]},&quot;7&quot;:{&quot;1&quot;:[{&quot;1&quot;:2,&quot;2&quot;:0,&quot;5&quot;:{&quot;1&quot;:2,&quot;2&quot;:0}},{&quot;1&quot;:0,&quot;2&quot;:0,&quot;3&quot;:3},{&quot;1&quot;:1,&quot;2&quot;:0,&quot;4&quot;:1}]},&quot;8&quot;:{&quot;1&quot;:[{&quot;1&quot;:2,&quot;2&quot;:0,&quot;5&quot;:{&quot;1&quot;:2,&quot;2&quot;:0}},{&quot;1&quot;:0,&quot;2&quot;:0,&quot;3&quot;:3},{&quot;1&quot;:1,&quot;2&quot;:0,&quot;4&quot;:1}]},&quot;9&quot;:0,&quot;10&quot;:1,&quot;11&quot;:4,&quot;12&quot;:0,&quot;14&quot;:{&quot;1&quot;:2,&quot;2&quot;:0},&quot;15&quot;:&quot;Calibri&quot;,&quot;16&quot;:10}\" data-sheets-textstyleruns=\"{&quot;1&quot;:0,&quot;2&quot;:{&quot;5&quot;:1}}\uee10{&quot;1&quot;:17}\">La <strong>Preferida 552<\/strong> est un cigare qui exprime la douceur et le caract\u00e8re avec des ar\u00f4mes de force moyenne \u00e0 compl\u00e8te. Il est compos\u00e9 d&rsquo;un m\u00e9lange de feuilles r\u00e9coltes dans plusieurs pays. La cape est une Habano Equateur, la sous-cape provient du Mexique tandis que la tripe viens tout droit du Nicaragua et de l&rsquo;Honduras. <\/span><\/p>\n<p>La Preferida est une ancienne marque de cigare cubain cr\u00e9\u00e9e vers 1880, elle a \u00e9t\u00e9 m\u00e9lang\u00e9e avec l&rsquo;intention d&rsquo;honorer les femmes. V\u00e9ritable hommage \u00e0 la f\u00e9minit\u00e9, l&rsquo;assemblage honore et exprime le fantastique avec un m\u00e9lange de douceur et de force, de subtilit\u00e9 et de caract\u00e8re.<\/p>\n<p>Ce cigare La Preferida 552 est un module Robusto. Il mesure 127 mm pour un diam\u00e8tre de 20,6 mm(bague 52). Ce format vous offrira environ 30 minutes de d\u00e9gustation.<\/p>\n","protected":false},"excerpt":{"rendered":"<p>Bo\u00eete de 16 cigares.<\/p>","protected":false},"featured_media":87356,"template":"","meta":{"_acf_changed":false},"product_brand":[],"product_cat":[19809,24833,40883],"product_tag":[],"class_list":{"0":"post-86583","1":"product","2":"type-product","3":"status-publish","4":"has-post-thumbnail","6":"product_cat-cigares","7":"product_cat-cigares-nicaraguayens","8":"product_cat-la-preferida","10":"first","11":"outofstock","12":"sale","13":"taxable","14":"shipping-taxable","15":"purchasable","16":"product-type-simple"},"acf":[],"_links":{"self":[{"href":"https:\/\/cigarquality.com\/ja\/wp-json\/wp\/v2\/product\/86583","targetHints":{"allow":["GET"]}}],"collection":[{"href":"https:\/\/cigarquality.com\/ja\/wp-json\/wp\/v2\/product"}],"about":[{"href":"https:\/\/cigarquality.com\/ja\/wp-json\/wp\/v2\/types\/product"}],"wp:featuredmedia":[{"embeddable":true,"href":"https:\/\/cigarquality.com\/ja\/wp-json\/wp\/v2\/media\/87356"}],"wp:attachment":[{"href":"https:\/\/cigarquality.com\/ja\/wp-json\/wp\/v2\/media?parent=86583"}],"wp:term":[{"taxonomy":"product_brand","embeddable":true,"href":"https:\/\/cigarquality.com\/ja\/wp-json\/wp\/v2\/product_brand?post=86583"},{"taxonomy":"product_cat","embeddable":true,"href":"https:\/\/cigarquality.com\/ja\/wp-json\/wp\/v2\/product_cat?post=86583"},{"taxonomy":"product_tag","embeddable":true,"href":"https:\/\/cigarquality.com\/ja\/wp-json\/wp\/v2\/product_tag?post=86583"}],"curies":[{"name":"wp","href":"https:\/\/api.w.org\/{rel}","templated":true}]}}