{"id":86575,"date":"2022-09-14T11:50:32","date_gmt":"2022-09-14T09:50:32","guid":{"rendered":"https:\/\/cigarquality.com\/?post_type=product&#038;p=86575"},"modified":"2026-03-25T11:22:07","modified_gmt":"2026-03-25T10:22:07","slug":"la-ley-robusto-21","status":"publish","type":"product","link":"https:\/\/cigarquality.com\/ja\/boutique\/cigares-nicaraguayens\/la-ley\/la-ley-robusto-21\/","title":{"rendered":"La Ley Robusto (21)"},"content":{"rendered":"<p><span data-sheets-value=\"{&quot;1&quot;:2,&quot;2&quot;:&quot;Le cigare La Ley Robusto est un Robusto de 127 mm pour un diam\u00e8tre de 19,8 mm confectionn\u00e9 avec les meilleurs tabacs des r\u00e9gions d\u2019Esteli et de Jalapa avec \u00e9galement un peu de tabacs du Honduras. nnCes tabacs de tr\u00e8s haute qualit\u00e9 ont subis plusieurs fermentations ainsi qu\u2019un vieillissement prolong\u00e9 afin d\u2019apporter un maximum de plaisir lors de la d\u00e9gustation.n nEn finalit\u00e9, le cigare La Ley Robusto apporte des notes de cr\u00e8me, de cacao et de fleurs. Il n\u00e9cessitera 40 \u00e0 60 minutes pour \u00eatre d\u00e9gust\u00e9. Un cigare \u00e0 consommer sans tarder !&quot;}\" data-sheets-userformat=\"{&quot;2&quot;:15357,&quot;3&quot;:{&quot;1&quot;:0},&quot;5&quot;:{&quot;1&quot;:[{&quot;1&quot;:2,&quot;2&quot;:0,&quot;5&quot;:{&quot;1&quot;:2,&quot;2&quot;:0}},{&quot;1&quot;:0,&quot;2&quot;:0,&quot;3&quot;:3},{&quot;1&quot;:1,&quot;2&quot;:0,&quot;4&quot;:1}]},&quot;6&quot;:{&quot;1&quot;:[{&quot;1&quot;:2,&quot;2&quot;:0,&quot;5&quot;:{&quot;1&quot;:2,&quot;2&quot;:0}},{&quot;1&quot;:0,&quot;2&quot;:0,&quot;3&quot;:3},{&quot;1&quot;:1,&quot;2&quot;:0,&quot;4&quot;:1}]},&quot;7&quot;:{&quot;1&quot;:[{&quot;1&quot;:2,&quot;2&quot;:0,&quot;5&quot;:{&quot;1&quot;:2,&quot;2&quot;:0}},{&quot;1&quot;:0,&quot;2&quot;:0,&quot;3&quot;:3},{&quot;1&quot;:1,&quot;2&quot;:0,&quot;4&quot;:1}]},&quot;8&quot;:{&quot;1&quot;:[{&quot;1&quot;:2,&quot;2&quot;:0,&quot;5&quot;:{&quot;1&quot;:2,&quot;2&quot;:0}},{&quot;1&quot;:0,&quot;2&quot;:0,&quot;3&quot;:3},{&quot;1&quot;:1,&quot;2&quot;:0,&quot;4&quot;:1}]},&quot;9&quot;:0,&quot;10&quot;:1,&quot;11&quot;:4,&quot;12&quot;:0,&quot;14&quot;:{&quot;1&quot;:2,&quot;2&quot;:0},&quot;15&quot;:&quot;Calibri&quot;,&quot;16&quot;:10}\" data-sheets-textstyleruns=\"{&quot;1&quot;:0}\uee10{&quot;1&quot;:10,&quot;2&quot;:{&quot;5&quot;:1}}\uee10{&quot;1&quot;:24}\">Le cigare <strong>La Ley Robusto<\/strong> est un Robusto de 127 mm pour un diam\u00e8tre de 19,8 mm confectionn\u00e9 avec les meilleurs tabacs des r\u00e9gions d\u2019Esteli et de Jalapa avec \u00e9galement un peu de tabacs du Honduras. <\/span><\/p>\n<p>Ces tabacs de tr\u00e8s haute qualit\u00e9 ont subis plusieurs fermentations ainsi qu\u2019un vieillissement prolong\u00e9 afin d\u2019apporter un maximum de plaisir lors de la d\u00e9gustation.<\/p>\n<p>En finalit\u00e9, le cigare La Ley Robusto apporte des notes de cr\u00e8me, de cacao et de fleurs. Il n\u00e9cessitera 40 \u00e0 60 minutes pour \u00eatre d\u00e9gust\u00e9. Un cigare \u00e0 consommer sans tarder !<\/p>\n","protected":false},"excerpt":{"rendered":"<p>Bo\u00eete de 21 cigares.<\/p>","protected":false},"featured_media":87346,"template":"","meta":{"_acf_changed":false},"product_brand":[],"product_cat":[19809,24833,31350],"product_tag":[],"class_list":{"0":"post-86575","1":"product","2":"type-product","3":"status-publish","4":"has-post-thumbnail","6":"product_cat-cigares","7":"product_cat-cigares-nicaraguayens","8":"product_cat-la-ley","9":"product_shipping_class-class1","11":"first","12":"outofstock","13":"taxable","14":"shipping-taxable","15":"purchasable","16":"product-type-simple"},"acf":[],"_links":{"self":[{"href":"https:\/\/cigarquality.com\/ja\/wp-json\/wp\/v2\/product\/86575","targetHints":{"allow":["GET"]}}],"collection":[{"href":"https:\/\/cigarquality.com\/ja\/wp-json\/wp\/v2\/product"}],"about":[{"href":"https:\/\/cigarquality.com\/ja\/wp-json\/wp\/v2\/types\/product"}],"wp:featuredmedia":[{"embeddable":true,"href":"https:\/\/cigarquality.com\/ja\/wp-json\/wp\/v2\/media\/87346"}],"wp:attachment":[{"href":"https:\/\/cigarquality.com\/ja\/wp-json\/wp\/v2\/media?parent=86575"}],"wp:term":[{"taxonomy":"product_brand","embeddable":true,"href":"https:\/\/cigarquality.com\/ja\/wp-json\/wp\/v2\/product_brand?post=86575"},{"taxonomy":"product_cat","embeddable":true,"href":"https:\/\/cigarquality.com\/ja\/wp-json\/wp\/v2\/product_cat?post=86575"},{"taxonomy":"product_tag","embeddable":true,"href":"https:\/\/cigarquality.com\/ja\/wp-json\/wp\/v2\/product_tag?post=86575"}],"curies":[{"name":"wp","href":"https:\/\/api.w.org\/{rel}","templated":true}]}}