{"id":86567,"date":"2022-09-14T10:32:40","date_gmt":"2022-09-14T09:32:40","guid":{"rendered":"https:\/\/cigarquality.com\/?post_type=product&#038;p=86567"},"modified":"2026-04-10T09:41:09","modified_gmt":"2026-04-10T07:41:09","slug":"quorum-shade-short-robusto-10","status":"publish","type":"product","link":"https:\/\/cigarquality.com\/ja\/boutique\/cigares-nicaraguayens\/quorum\/quorum-shade-short-robusto-10\/","title":{"rendered":"\u30af\u30a9\u30fc\u30e9\u30e0 \u30b7\u30a7\u30a4\u30c9 \u30b7\u30e7\u30fc\u30c8 \u30ed\u30d6\u30b9\u30c8 (10)"},"content":{"rendered":"<p>\u8449\u5dfb <strong>\u30af\u30a9\u30fc\u30e9\u30e0\u30b7\u30a7\u30fc\u30c9<\/strong> sont une variante de la gamme populaire Quorum Classic.<br \/>\nLa diff\u00e9rence tient notamment dans la l\u00e9g\u00e8ret\u00e9 de cette gamme Shade. Elle pr\u00e9sente une cape claire et exprime des saveurs plus douces.<br \/>\n\u4ed6\u306e\u30d5\u30a9\u30fc\u30de\u30c3\u30c8\u3068\u540c\u69d8\u3001\u8449\u5dfb\u306f <strong>Quorum Shade Short Robusto<\/strong> \u306f\u30cb\u30ab\u30e9\u30b0\u30a2\u306e\u30c8\u30e9\u30a4\u30d7\u3068\u30b5\u30d6\u30b1\u30fc\u30d7\u304b\u3089\u4f5c\u3089\u308c\u3066\u3044\u308b\u3002\u30b3\u30cd\u30c6\u30a3\u30ab\u30c3\u30c8\u30fb\u30b1\u30fc\u30d7\u306f\u30a8\u30af\u30a2\u30c9\u30eb\u7523\u306e\u307f\u3002.<\/p>\n<p>C\u00f4t\u00e9 gustatif, les saveurs dominantes sont poivr\u00e9es et grill\u00e9es. Des notes de caf\u00e9 et de terre viennent compl\u00e9ter ce spectre aromatique. Le cigare <strong>Quorum Shade Short Robusto <\/strong>est le compagnon id\u00e9al d&rsquo;une courte pause d\u00e9tente de mi-journ\u00e9e.<\/p>\n<p>\u8449\u5dfb <strong>Quorum Shade Short Robusto<\/strong> \u306f\u3059\u3079\u3066\u30cb\u30ab\u30e9\u30b0\u30a2\u306eJ.C.\u30d5\u30a1\u30af\u30c8\u30ea\u30fc\u3067\u624b\u4f5c\u308a\u3055\u308c\u3066\u3044\u308b\u3002\u30cb\u30e5\u30fc\u30de\u30f3PENSA\u5de5\u5834.<\/p>\n<p>\u3053\u306e\u8449\u5dfb <strong>Quorum Shade Short Robusto<\/strong> est le format le plus court de la s\u00e9rie \u00a0\u00bb Shade\u00a0\u00bb.<br \/>\nIl mesure 79,4 mm pour un diam\u00e8tre de 19,9 mm et vous offrira jusqu&rsquo;\u00e0 30 minutes de d\u00e9gustation.<\/p>\n<p>Le cigare Quorum Shade Short Robusto est vendu en bundle de 10 cigares et existe aussi dans d&rsquo;autres formats.<\/p>","protected":false},"excerpt":{"rendered":"<p>10\u672c\u5165\u308a\u3002.<\/p>","protected":false},"featured_media":86732,"template":"","meta":{"_acf_changed":false},"product_brand":[],"product_cat":[19809,24833,31244],"product_tag":[],"class_list":{"0":"post-86567","1":"product","2":"type-product","3":"status-publish","4":"has-post-thumbnail","6":"product_cat-cigares","7":"product_cat-cigares-nicaraguayens","8":"product_cat-quorum","9":"product_shipping_class-cigares","11":"first","12":"instock","13":"sale","14":"taxable","15":"shipping-taxable","16":"purchasable","17":"product-type-simple"},"acf":[],"_links":{"self":[{"href":"https:\/\/cigarquality.com\/ja\/wp-json\/wp\/v2\/product\/86567","targetHints":{"allow":["GET"]}}],"collection":[{"href":"https:\/\/cigarquality.com\/ja\/wp-json\/wp\/v2\/product"}],"about":[{"href":"https:\/\/cigarquality.com\/ja\/wp-json\/wp\/v2\/types\/product"}],"wp:featuredmedia":[{"embeddable":true,"href":"https:\/\/cigarquality.com\/ja\/wp-json\/wp\/v2\/media\/86732"}],"wp:attachment":[{"href":"https:\/\/cigarquality.com\/ja\/wp-json\/wp\/v2\/media?parent=86567"}],"wp:term":[{"taxonomy":"product_brand","embeddable":true,"href":"https:\/\/cigarquality.com\/ja\/wp-json\/wp\/v2\/product_brand?post=86567"},{"taxonomy":"product_cat","embeddable":true,"href":"https:\/\/cigarquality.com\/ja\/wp-json\/wp\/v2\/product_cat?post=86567"},{"taxonomy":"product_tag","embeddable":true,"href":"https:\/\/cigarquality.com\/ja\/wp-json\/wp\/v2\/product_tag?post=86567"}],"curies":[{"name":"wp","href":"https:\/\/api.w.org\/{rel}","templated":true}]}}