{"id":86551,"date":"2022-09-14T10:14:20","date_gmt":"2022-09-14T09:14:20","guid":{"rendered":"https:\/\/cigarquality.com\/?post_type=product&#038;p=86551"},"modified":"2026-04-13T09:10:21","modified_gmt":"2026-04-13T07:10:21","slug":"quorum-shade-double-gordo-10","status":"publish","type":"product","link":"https:\/\/cigarquality.com\/ja\/boutique\/cigares-nicaraguayens\/quorum\/quorum-shade-double-gordo-10\/","title":{"rendered":"\u30af\u30a9\u30fc\u30e9\u30e0 \u30b7\u30a7\u30fc\u30c9 \u30c0\u30d6\u30eb\u30b4\u30eb\u30c9 (10)"},"content":{"rendered":"<p>\u8449\u5dfb <strong>Quorum Shade<\/strong> sont une variante de la gamme populaire Quorum Classic. La diff\u00e9rence tient notamment dans la l\u00e9g\u00e8ret\u00e9 de cette gamme Shade. Elle pr\u00e9sente une cape claire et exprime des saveurs plus douces.<\/p>\n<p>Comme pour les autres formats, le cigare <strong>Quorum Shade Double Gordo<\/strong> est compos\u00e9 de tripes et de sous-capes nicaraguayennes. Seule la cape Connecticut provient d&rsquo;Equateur.<\/p>\n<p>C\u00f4t\u00e9 gustatif, les saveurs dominantes sont poivr\u00e9es et grill\u00e9es. Des notes de caf\u00e9 et de terre viennent compl\u00e9ter ce spectre aromatique.<br \/>\n\u8449\u5dfb <strong>Quorum Shade Double Gordo <\/strong>est un cigare doux. Un bon moment de r\u00e9confort et de gourmandise cr\u00e9meuse.<\/p>\n<p>\u8449\u5dfb <strong>Quorum Shade Double Gordo <\/strong>sont enti\u00e8rement faits \u00e0 la main, au Nicaragua, dans la fabrique J.C. Newman PENSA.<\/p>\n<p>Ce cigare Quorum est un format Double Gordo mesure 152 mm pour un diam\u00e8tre de 23,8 mm.<br \/>\nCe format vous offrira environ 120 minutes de d\u00e9gustation et est vendu en bundle de 10 cigares.<br \/>\nLe cigare Quorum Shade Double Gordo existe aussi dans d&rsquo;autres formats.<\/p>","protected":false},"excerpt":{"rendered":"<p>10\u672c\u5165\u308a\u3002.<\/p>","protected":false},"featured_media":86549,"template":"","meta":{"_acf_changed":false},"product_brand":[],"product_cat":[19809,24833,31244],"product_tag":[],"class_list":{"0":"post-86551","1":"product","2":"type-product","3":"status-publish","4":"has-post-thumbnail","6":"product_cat-cigares","7":"product_cat-cigares-nicaraguayens","8":"product_cat-quorum","9":"product_shipping_class-cigares","11":"first","12":"instock","13":"sale","14":"taxable","15":"shipping-taxable","16":"purchasable","17":"product-type-simple"},"acf":[],"_links":{"self":[{"href":"https:\/\/cigarquality.com\/ja\/wp-json\/wp\/v2\/product\/86551","targetHints":{"allow":["GET"]}}],"collection":[{"href":"https:\/\/cigarquality.com\/ja\/wp-json\/wp\/v2\/product"}],"about":[{"href":"https:\/\/cigarquality.com\/ja\/wp-json\/wp\/v2\/types\/product"}],"wp:featuredmedia":[{"embeddable":true,"href":"https:\/\/cigarquality.com\/ja\/wp-json\/wp\/v2\/media\/86549"}],"wp:attachment":[{"href":"https:\/\/cigarquality.com\/ja\/wp-json\/wp\/v2\/media?parent=86551"}],"wp:term":[{"taxonomy":"product_brand","embeddable":true,"href":"https:\/\/cigarquality.com\/ja\/wp-json\/wp\/v2\/product_brand?post=86551"},{"taxonomy":"product_cat","embeddable":true,"href":"https:\/\/cigarquality.com\/ja\/wp-json\/wp\/v2\/product_cat?post=86551"},{"taxonomy":"product_tag","embeddable":true,"href":"https:\/\/cigarquality.com\/ja\/wp-json\/wp\/v2\/product_tag?post=86551"}],"curies":[{"name":"wp","href":"https:\/\/api.w.org\/{rel}","templated":true}]}}