{"id":86425,"date":"2022-09-13T14:28:16","date_gmt":"2022-09-13T13:28:16","guid":{"rendered":"https:\/\/cigarquality.com\/?post_type=product&#038;p=86425"},"modified":"2025-11-10T21:20:05","modified_gmt":"2025-11-10T20:20:05","slug":"matilde-serena-grande-20","status":"publish","type":"product","link":"https:\/\/cigarquality.com\/ja\/boutique\/cigares-dominicains\/matilde\/matilde-serena-grande-20\/","title":{"rendered":"\u30de\u30c6\u30a3\u30eb\u30c7\u30fb\u30bb\u30ec\u30fc\u30ca\u30fb\u30b0\u30e9\u30f3\u30c7 (20)"},"content":{"rendered":"<p>\u8449\u5dfb<strong> \u30de\u30c6\u30a3\u30eb\u30c7\u30fb\u30bb\u30ec\u30fc\u30ca\u30fb\u30b0\u30e9\u30f3\u30c7 (20)<\/strong> \u30de\u30c6\u30a3\u30eb\u30c7\u30d6\u30e9\u30f3\u30c9\u306e\u8449\u5dfb\u306e\u4e2d\u3067\u6700\u3082\u30de\u30a4\u30eb\u30c9\u3067\u3042\u308b\u3053\u3068\u306f\u9593\u9055\u3044\u306a\u3044\u3002.<br \/>\nSerena\u30b7\u30ea\u30fc\u30ba\u306eMatilde\u8449\u5dfb\u306e\u8a55\u4fa1<strong> 91 \/100 par Cigar Aficionado<\/strong>.<\/p>\n<p>\u30c9\u30df\u30cb\u30ab\u7523\u3068\u30cb\u30ab\u30e9\u30b0\u30a2\u7523\u306e\u7f8e\u3057\u3044\u30d6\u30ec\u30f3\u30c9\u3067\u69cb\u6210\u3055\u308c\u3001\u30c9\u30df\u30cb\u30ab\u7523\u306e\u307f\u306e\u30e9\u30c3\u30d1\u30fc\u306b\u5305\u307e\u308c\u3066\u3044\u308b\u3002\u660e\u308b\u3044\u9ec4\u91d1\u8272\u306e\u30b3\u30cd\u30c1\u30ab\u30c3\u30c8\u30fb\u30e9\u30c3\u30d1\u30fc\u306f\u3001\u30a8\u30af\u30a2\u30c9\u30eb\u3067\u683d\u57f9\u3055\u308c\u305f\u8efd\u3044\u30bf\u30d0\u30b3\u8449\u3067\u3042\u308b\u3002.<br \/>\nLe cigare Matilde Serena Grande (20) se caract\u00e9rise par sa grande tendresse. Parmi les ar\u00f4mes majoritairement pr\u00e9sents, nous retiendrons avant tout des notes douces et cr\u00e9meuses : d\u00e8s les premi\u00e8res bouff\u00e9es, une fine couverture caram\u00e9lis\u00e9e tapisse le palais. Quelques notes de noix, de foin, des saveurs bois\u00e9es et de caf\u00e9 viennent compl\u00e9ter cette douceur au fil de la d\u00e9gustation.<br \/>\nCe cigare toro grande, de puissance moyenne, sera un cigare id\u00e9al pour commencer votre journ\u00e9e par exemple.<br \/>\n1876\u5e74\u5275\u696d\u306e\u30de\u30c6\u30a3\u30eb\u30c7\u306f\u3001\u30c9\u30df\u30cb\u30ab\u5171\u548c\u56fd\u3067\u6700\u521d\u306e\u30bf\u30d0\u30b3\u4f1a\u793e\u306e\u3072\u3068\u3064\u30022014\u5e74\u306b\u30bb\u30a4\u30cf\u30b9\u5bb6\u306b\u3088\u3063\u3066\u518d\u30b9\u30bf\u30fc\u30c8\u3057\u305f\u3002.<\/p>\n<p>\u3053\u306e\u8449\u5dfb <strong>Matilde Serena Grande<\/strong> est un module Grand Toro. Il mesure 153 mm pour un diam\u00e8tre de 23,8 mm. Ce format vous offrira environ 70 \u00e0 90 minutes de d\u00e9gustation.<br \/>\n\u3053\u306e\u8449\u5dfb\u306b\u306f\u3001\u4ed6\u306b\u30823\u3064\u306e\u7a2e\u985e\u304c\u3042\u308b\u3002.<\/p>","protected":false},"excerpt":{"rendered":"<p>20\u672c\u5165\u308a\u3002.<\/p>","protected":false},"featured_media":86559,"template":"","meta":{"_acf_changed":false},"product_brand":[],"product_cat":[19809,19812,32346],"product_tag":[],"class_list":{"0":"post-86425","1":"product","2":"type-product","3":"status-publish","4":"has-post-thumbnail","6":"product_cat-cigares","7":"product_cat-cigares-dominicains","8":"product_cat-matilde","9":"product_shipping_class-cigares","11":"first","12":"outofstock","13":"sale","14":"taxable","15":"shipping-taxable","16":"purchasable","17":"product-type-simple"},"acf":[],"_links":{"self":[{"href":"https:\/\/cigarquality.com\/ja\/wp-json\/wp\/v2\/product\/86425","targetHints":{"allow":["GET"]}}],"collection":[{"href":"https:\/\/cigarquality.com\/ja\/wp-json\/wp\/v2\/product"}],"about":[{"href":"https:\/\/cigarquality.com\/ja\/wp-json\/wp\/v2\/types\/product"}],"wp:featuredmedia":[{"embeddable":true,"href":"https:\/\/cigarquality.com\/ja\/wp-json\/wp\/v2\/media\/86559"}],"wp:attachment":[{"href":"https:\/\/cigarquality.com\/ja\/wp-json\/wp\/v2\/media?parent=86425"}],"wp:term":[{"taxonomy":"product_brand","embeddable":true,"href":"https:\/\/cigarquality.com\/ja\/wp-json\/wp\/v2\/product_brand?post=86425"},{"taxonomy":"product_cat","embeddable":true,"href":"https:\/\/cigarquality.com\/ja\/wp-json\/wp\/v2\/product_cat?post=86425"},{"taxonomy":"product_tag","embeddable":true,"href":"https:\/\/cigarquality.com\/ja\/wp-json\/wp\/v2\/product_tag?post=86425"}],"curies":[{"name":"wp","href":"https:\/\/api.w.org\/{rel}","templated":true}]}}