{"id":86346,"date":"2022-09-13T10:21:59","date_gmt":"2022-09-13T09:21:59","guid":{"rendered":"https:\/\/cigarquality.com\/?post_type=product&#038;p=86346"},"modified":"2025-10-16T09:43:12","modified_gmt":"2025-10-16T07:43:12","slug":"matilde-oscura-grande-20","status":"publish","type":"product","link":"https:\/\/cigarquality.com\/ja\/boutique\/cigares-dominicains\/matilde\/matilde-oscura-grande-20\/","title":{"rendered":"\u30de\u30c6\u30a3\u30eb\u30c7\u30fb\u30aa\u30b9\u30af\u30fc\u30e9\u30fb\u30b0\u30e9\u30f3\u30c7 (20)"},"content":{"rendered":"<div dir=\"ltr\">\n<div class=\"input-box\">\n<div id=\"waffle-rich-text-editor\" class=\"cell-input editable\" dir=\"ltr\" role=\"combobox\" aria-label=\"F194\">\n<p>\u8449\u5dfb <strong>Matilde Oscura Grande<\/strong> \u3053\u306e\u8449\u5dfb\u306f\u9593\u9055\u3044\u306a\u304f\u30de\u30eb\u30c6\u30a3\u30fc\u30c9\u306e\u6700\u3082\u5927\u80c6\u306a\u8449\u5dfb\u3067\u3042\u308b\u3002\u304d\u308c\u3044\u306a\u30c9\u30df\u30cb\u30ab\u3001\u30cb\u30ab\u30e9\u30b0\u30a2\u3001\u30da\u30f3\u30b7\u30eb\u30d0\u30cb\u30a2\u30d6\u30ec\u30f3\u30c9\u3067\u69cb\u6210\u3055\u308c\u3001\u30b9\u30de\u30c8\u30e9\u30fb\u30a8\u30af\u30a2\u30c9\u30eb\u7523\u30e9\u30c3\u30d1\u30fc\u3067\u5305\u307e\u308c\u3066\u3044\u308b\u3002\u6700\u5f8c\u306b\u3001\u300c\u30aa\u30b9\u30af\u30e9\u300d\u30b7\u30ea\u30fc\u30ba\u306e\u5168\u3066\u306e\u8449\u5dfb\u3092\u5305\u3080\u30c0\u30fc\u30af\u30e9\u30c3\u30d1\u30fc\u306f\u3001\u30b5\u30f3\u30a2\u30f3\u30c9\u30ec\u30a2\u30b9\u7523\u306e\u3057\u3063\u304b\u308a\u3068\u3057\u305f\u30e1\u30ad\u30b7\u30b3\u7523\u30de\u30c7\u30e5\u30fc\u30ed\u30e9\u30c3\u30d1\u30fc\u3067\u3059\u3002.<\/p>\n<p>\u8449\u5dfb\u3092\u7dcf\u62ec\u3059\u308b\u306a\u3089\u3070 <strong>Matilde Oscura Grande<\/strong> 3\u3064\u306e\u8a00\u8449\u3067\u8868\u73fe\u3059\u308b\u306a\u3089\u3070\u3001\u6700\u521d\u304b\u3089\u5b58\u5728\u3057\u3001\u30c6\u30a4\u30b9\u30c6\u30a3\u30f3\u30b0\u304c\u9032\u3080\u306b\u3064\u308c\u3066\u898b\u4e8b\u306b\u767a\u5c55\u3059\u308b\u30db\u30ef\u30a4\u30c8\u30da\u30c3\u30d1\u30fc\u3068\u30d6\u30e9\u30c3\u30af\u30da\u30c3\u30d1\u30fc\u306e\u8089\u539a\u306a\u30ce\u30fc\u30c8\u3092\u5f37\u8abf\u3057\u305f\u3044\u3002\u3053\u308c\u3089\u306e\u30ce\u30fc\u30c8\u306f\u3001\u3053\u306e\u8449\u5dfb\u304b\u3089\u767a\u305b\u3089\u308c\u308b\u30d0\u30e9\u30f3\u30b9\u306e\u53d6\u308c\u305f\u7518\u3055\u306a\u3057\u306b\u306f\u6607\u83ef\u3055\u308c\u306a\u3044\u3002\u69d8\u3005\u306a\u30d5\u30ec\u30fc\u30d0\u30fc\u304c\u73fe\u308c\u308b\u4e2d\u3001\u30a6\u30c3\u30c7\u30a3\u306a\u30a2\u30ed\u30de\u3084\u3001\u6642\u306b\u306f\u30ed\u30fc\u30b9\u30c8\u3057\u305f\u30b3\u30fc\u30d2\u30fc\u306e\u30a2\u30ed\u30de\u3082\u611f\u3058\u3089\u308c\u3001\u3053\u308c\u3089\u306f\u30bb\u30ab\u30f3\u30c9\u30b5\u30fc\u30c9\u4ee5\u964d\u3001\u307e\u3059\u307e\u3059\u5b58\u5728\u611f\u3092\u5897\u3057\u3066\u3044\u304f\u3002.<\/p>\n<p>1876\u5e74\u5275\u696d\u306e\u30de\u30c6\u30a3\u30eb\u30c7\u306f\u3001\u30c9\u30df\u30cb\u30ab\u5171\u548c\u56fd\u3067\u6700\u521d\u306e\u30bf\u30d0\u30b3\u4f1a\u793e\u306e\u3072\u3068\u3064\u30022014\u5e74\u306b\u30bb\u30a4\u30cf\u30b9\u5bb6\u306b\u3088\u3063\u3066\u518d\u30b9\u30bf\u30fc\u30c8\u3057\u305f\u3002.<\/p>\n<p>\u3053\u306e\u8449\u5dfb <strong>Matilde Oscura Grande <\/strong>est un module Grand Toro. Il mesure 153 mm pour un diam\u00e8tre de 23,8 mm. Ce format vous offrira environ 70 \u00e0 90 minutes de d\u00e9gustation.<\/p>\n<\/div>\n<\/div>\n<\/div>","protected":false},"excerpt":{"rendered":"<p>20\u672c\u5165\u308a\u3002.<\/p>","protected":false},"featured_media":86343,"template":"","meta":{"_acf_changed":false},"product_brand":[],"product_cat":[19809,19812,32346],"product_tag":[],"class_list":{"0":"post-86346","1":"product","2":"type-product","3":"status-publish","4":"has-post-thumbnail","6":"product_cat-cigares","7":"product_cat-cigares-dominicains","8":"product_cat-matilde","9":"product_shipping_class-cigares","11":"first","12":"instock","13":"taxable","14":"shipping-taxable","15":"purchasable","16":"product-type-simple"},"acf":[],"_links":{"self":[{"href":"https:\/\/cigarquality.com\/ja\/wp-json\/wp\/v2\/product\/86346","targetHints":{"allow":["GET"]}}],"collection":[{"href":"https:\/\/cigarquality.com\/ja\/wp-json\/wp\/v2\/product"}],"about":[{"href":"https:\/\/cigarquality.com\/ja\/wp-json\/wp\/v2\/types\/product"}],"wp:featuredmedia":[{"embeddable":true,"href":"https:\/\/cigarquality.com\/ja\/wp-json\/wp\/v2\/media\/86343"}],"wp:attachment":[{"href":"https:\/\/cigarquality.com\/ja\/wp-json\/wp\/v2\/media?parent=86346"}],"wp:term":[{"taxonomy":"product_brand","embeddable":true,"href":"https:\/\/cigarquality.com\/ja\/wp-json\/wp\/v2\/product_brand?post=86346"},{"taxonomy":"product_cat","embeddable":true,"href":"https:\/\/cigarquality.com\/ja\/wp-json\/wp\/v2\/product_cat?post=86346"},{"taxonomy":"product_tag","embeddable":true,"href":"https:\/\/cigarquality.com\/ja\/wp-json\/wp\/v2\/product_tag?post=86346"}],"curies":[{"name":"wp","href":"https:\/\/api.w.org\/{rel}","templated":true}]}}