{"id":86339,"date":"2022-09-13T09:57:08","date_gmt":"2022-09-13T08:57:08","guid":{"rendered":"https:\/\/cigarquality.com\/?post_type=product&#038;p=86339"},"modified":"2025-10-16T09:42:51","modified_gmt":"2025-10-16T07:42:51","slug":"matilde-oscura-robusto-20","status":"publish","type":"product","link":"https:\/\/cigarquality.com\/ja\/boutique\/cigares-dominicains\/matilde\/matilde-oscura-robusto-20\/","title":{"rendered":"Matilde Oscura Robusto (20)"},"content":{"rendered":"<p>\u8449\u5dfb <strong>Matilde Oscura Robusto<\/strong> fait partie de la gamme \u00ab\u00a0Oscura\u00a0\u00bb de la marque; Ce sont sans doute les cigares les plus audacieux de la marque Maltide. Compos\u00e9 d&rsquo;un joli m\u00e9lange dominicain, nicaraguayen et pennsylvanien, il est tenu dans une sous-cape sumatra-\u00e9quatorienne. Enfin, la cape sombre qui enveloppe tous les cigares de la gamme \u00ab\u00a0Oscura\u00a0\u00bb est une solide cape maduro mexicaine de San Andreas.<\/p>\n<p>Si nous devions r\u00e9sumer le cigare <strong>Matilde Oscura Robusto<\/strong> en trois mots, nous insisterions sur les notes charnues de poivres blancs et noirs pr\u00e9sentes d\u00e8s le d\u00e9but et qui \u00e9voluent splendidement au fur et \u00e0 mesure de la d\u00e9gustation. Ces notes ne seraient pas sublim\u00e9es sans la douceur \u00e9quilibr\u00e9e qui \u00e9mane de ce cigare. Parmi les diff\u00e9rentes saveurs qui s&rsquo;expriment, nous percevons \u00e9galement des ar\u00f4mes de bois et parfois des ar\u00f4mes de caf\u00e9 torr\u00e9fi\u00e9, de plus en plus pr\u00e9sents\u00a0 d\u00e8s le second tiers.<\/p>\n<p>Cr\u00e9\u00e9e en 1876, Matilde est l&rsquo;une des premi\u00e8res compagnies de tabac en R\u00e9publique Dominicaine. Elle a \u00e9t\u00e9 relanc\u00e9e par la famille Seijas en 2014.<\/p>\n<p>Ce cigare <strong>Matilde Oscura Robusto <\/strong>est un module robusto. Il mesure 133 mm pour un diam\u00e8tre de 19,8 mm. Ce format vous offrira environ 60 \u00e0 70 minutes de d\u00e9gustation.<\/p>","protected":false},"excerpt":{"rendered":"<p>20\u672c\u5165\u308a\u3002.<\/p>","protected":false},"featured_media":86336,"template":"","meta":{"_acf_changed":false},"product_brand":[],"product_cat":[19809,19812,32346],"product_tag":[],"class_list":{"0":"post-86339","1":"product","2":"type-product","3":"status-publish","4":"has-post-thumbnail","6":"product_cat-cigares","7":"product_cat-cigares-dominicains","8":"product_cat-matilde","9":"product_shipping_class-cigares","11":"first","12":"instock","13":"sale","14":"taxable","15":"shipping-taxable","16":"purchasable","17":"product-type-simple"},"acf":[],"_links":{"self":[{"href":"https:\/\/cigarquality.com\/ja\/wp-json\/wp\/v2\/product\/86339","targetHints":{"allow":["GET"]}}],"collection":[{"href":"https:\/\/cigarquality.com\/ja\/wp-json\/wp\/v2\/product"}],"about":[{"href":"https:\/\/cigarquality.com\/ja\/wp-json\/wp\/v2\/types\/product"}],"wp:featuredmedia":[{"embeddable":true,"href":"https:\/\/cigarquality.com\/ja\/wp-json\/wp\/v2\/media\/86336"}],"wp:attachment":[{"href":"https:\/\/cigarquality.com\/ja\/wp-json\/wp\/v2\/media?parent=86339"}],"wp:term":[{"taxonomy":"product_brand","embeddable":true,"href":"https:\/\/cigarquality.com\/ja\/wp-json\/wp\/v2\/product_brand?post=86339"},{"taxonomy":"product_cat","embeddable":true,"href":"https:\/\/cigarquality.com\/ja\/wp-json\/wp\/v2\/product_cat?post=86339"},{"taxonomy":"product_tag","embeddable":true,"href":"https:\/\/cigarquality.com\/ja\/wp-json\/wp\/v2\/product_tag?post=86339"}],"curies":[{"name":"wp","href":"https:\/\/api.w.org\/{rel}","templated":true}]}}