{"id":78173,"date":"2022-08-08T11:20:58","date_gmt":"2022-08-08T09:20:58","guid":{"rendered":"https:\/\/cigarquality.com\/?post_type=product&#038;p=78173"},"modified":"2026-02-16T09:43:09","modified_gmt":"2026-02-16T08:43:09","slug":"romeo-y-julieta-wide-churchill-gran-reserva-cosecha-2009-15","status":"publish","type":"product","link":"https:\/\/cigarquality.com\/ja\/boutique\/cigares-cubains\/romeo-y-julieta-cigares-cubains\/romeo-y-julieta-wide-churchill-gran-reserva-cosecha-2009-15\/","title":{"rendered":"\u30ed\u30e1\u30aa\u30fb\u30a4\u30fb\u30d5\u30ea\u30a8\u30bf \u30ef\u30a4\u30c9\u30fb\u30c1\u30e3\u30fc\u30c1\u30eb \u30b0\u30e9\u30f3\u30fb\u30ec\u30bb\u30eb\u30d0\u30fb\u30b3\u30bb\u30c1\u30e3 2009 (15)"},"content":{"rendered":"<p><span data-sheets-value=\"{&quot;1&quot;:2,&quot;2&quot;:&quot;Le premier Gran Reserva Cosecha 2009 de Romeo y Julieta dans sa c\u00e9l\u00e8bre vitole Wide Churchills, est devenue l'un des symboles de la marque. Il ne contient que le meilleur tabac de la r\u00e9gion de Vuelta Abajo \u00e0 Cuba. Cette r\u00e9gion offre les conditions parfaites pour la croissance des feuilles de tabac - avec des sols de qualit\u00e9, des conditions climatiques remarquables et des traditions de plantation inh\u00e9rentes. Ces feuilles ont ensuite subi un processus de vieillissement de 5 ans, ce qui leur conf\u00e8re une saveur particuli\u00e8re.nnIl s'agit d'une production unique et exclusive de 5 000 bo\u00eetes num\u00e9rot\u00e9es, qui illustre l'excellence supr\u00eame de la marque et qui sera sans aucun doute extr\u00eamement bien accueillie par les amateurs de Habanos.nnCe cigare au module Robusto mesure 130,2 mm de longueur par 21,8 mm de diam\u00e8tre (bague 55). Il necessitera 45 minutes pour \u00eatre d\u00e9gust\u00e9 convenablement.&quot;}\" data-sheets-userformat=\"{&quot;2&quot;:4477,&quot;3&quot;:{&quot;1&quot;:0},&quot;5&quot;:{&quot;1&quot;:[{&quot;1&quot;:2,&quot;2&quot;:0,&quot;5&quot;:{&quot;1&quot;:2,&quot;2&quot;:0}},{&quot;1&quot;:0,&quot;2&quot;:0,&quot;3&quot;:3},{&quot;1&quot;:1,&quot;2&quot;:0,&quot;4&quot;:1}]},&quot;6&quot;:{&quot;1&quot;:[{&quot;1&quot;:2,&quot;2&quot;:0,&quot;5&quot;:{&quot;1&quot;:2,&quot;2&quot;:0}},{&quot;1&quot;:0,&quot;2&quot;:0,&quot;3&quot;:3},{&quot;1&quot;:1,&quot;2&quot;:0,&quot;4&quot;:1}]},&quot;7&quot;:{&quot;1&quot;:[{&quot;1&quot;:2,&quot;2&quot;:0,&quot;5&quot;:{&quot;1&quot;:2,&quot;2&quot;:0}},{&quot;1&quot;:0,&quot;2&quot;:0,&quot;3&quot;:3},{&quot;1&quot;:1,&quot;2&quot;:0,&quot;4&quot;:1}]},&quot;8&quot;:{&quot;1&quot;:[{&quot;1&quot;:2,&quot;2&quot;:0,&quot;5&quot;:{&quot;1&quot;:2,&quot;2&quot;:0}},{&quot;1&quot;:0,&quot;2&quot;:0,&quot;3&quot;:3},{&quot;1&quot;:1,&quot;2&quot;:0,&quot;4&quot;:1}]},&quot;9&quot;:1,&quot;11&quot;:4,&quot;15&quot;:&quot;Calibri&quot;}\">Le premier <strong>Gran Reserva Cosecha 2009 de Romeo y Julieta<\/strong> dans sa c\u00e9l\u00e8bre vitole Wide Churchills, est devenue l&rsquo;un des symboles de la marque. Il ne contient que le meilleur tabac de la r\u00e9gion de Vuelta Abajo \u00e0 Cuba.<br \/>\n<\/span><span data-sheets-value=\"{&quot;1&quot;:2,&quot;2&quot;:&quot;Le premier Gran Reserva Cosecha 2009 de Romeo y Julieta dans sa c\u00e9l\u00e8bre vitole Wide Churchills, est devenue l'un des symboles de la marque. Il ne contient que le meilleur tabac de la r\u00e9gion de Vuelta Abajo \u00e0 Cuba. Cette r\u00e9gion offre les conditions parfaites pour la croissance des feuilles de tabac - avec des sols de qualit\u00e9, des conditions climatiques remarquables et des traditions de plantation inh\u00e9rentes. Ces feuilles ont ensuite subi un processus de vieillissement de 5 ans, ce qui leur conf\u00e8re une saveur particuli\u00e8re.nnIl s'agit d'une production unique et exclusive de 5 000 bo\u00eetes num\u00e9rot\u00e9es, qui illustre l'excellence supr\u00eame de la marque et qui sera sans aucun doute extr\u00eamement bien accueillie par les amateurs de Habanos.nnCe cigare au module Robusto mesure 130,2 mm de longueur par 21,8 mm de diam\u00e8tre (bague 55). Il necessitera 45 minutes pour \u00eatre d\u00e9gust\u00e9 convenablement.&quot;}\" data-sheets-userformat=\"{&quot;2&quot;:4477,&quot;3&quot;:{&quot;1&quot;:0},&quot;5&quot;:{&quot;1&quot;:[{&quot;1&quot;:2,&quot;2&quot;:0,&quot;5&quot;:{&quot;1&quot;:2,&quot;2&quot;:0}},{&quot;1&quot;:0,&quot;2&quot;:0,&quot;3&quot;:3},{&quot;1&quot;:1,&quot;2&quot;:0,&quot;4&quot;:1}]},&quot;6&quot;:{&quot;1&quot;:[{&quot;1&quot;:2,&quot;2&quot;:0,&quot;5&quot;:{&quot;1&quot;:2,&quot;2&quot;:0}},{&quot;1&quot;:0,&quot;2&quot;:0,&quot;3&quot;:3},{&quot;1&quot;:1,&quot;2&quot;:0,&quot;4&quot;:1}]},&quot;7&quot;:{&quot;1&quot;:[{&quot;1&quot;:2,&quot;2&quot;:0,&quot;5&quot;:{&quot;1&quot;:2,&quot;2&quot;:0}},{&quot;1&quot;:0,&quot;2&quot;:0,&quot;3&quot;:3},{&quot;1&quot;:1,&quot;2&quot;:0,&quot;4&quot;:1}]},&quot;8&quot;:{&quot;1&quot;:[{&quot;1&quot;:2,&quot;2&quot;:0,&quot;5&quot;:{&quot;1&quot;:2,&quot;2&quot;:0}},{&quot;1&quot;:0,&quot;2&quot;:0,&quot;3&quot;:3},{&quot;1&quot;:1,&quot;2&quot;:0,&quot;4&quot;:1}]},&quot;9&quot;:1,&quot;11&quot;:4,&quot;15&quot;:&quot;Calibri&quot;}\">Cette r\u00e9gion offre les conditions parfaites pour la croissance des feuilles de tabac &#8211; avec des sols de qualit\u00e9, des conditions climatiques remarquables et des traditions de plantation inh\u00e9rentes. Ces feuilles ont ensuite subi un processus de vieillissement de 5 ans, ce qui leur conf\u00e8re une saveur particuli\u00e8re.<\/span><\/p>\n<p>Il s&rsquo;agit d&rsquo;une production unique et exclusive de 5 000 bo\u00eetes num\u00e9rot\u00e9es, qui illustre l&rsquo;excellence supr\u00eame de la marque et qui sera sans aucun doute extr\u00eamement bien accueillie par les amateurs de Habanos.<\/p>\n<p>Ce cigare au module Robusto mesure 130,2 mm de longueur par 21,8 mm de diam\u00e8tre (bague 55). Il necessitera 45 minutes pour \u00eatre d\u00e9gust\u00e9 convenablement.<\/p>\n","protected":false},"excerpt":{"rendered":"<p>15\u672c\u5165\u308a\u3002.<\/p>","protected":false},"featured_media":78171,"template":"","meta":{"_acf_changed":false},"product_brand":[],"product_cat":[19809,19845,19788,19877,19793,16866,20927],"product_tag":[],"class_list":{"0":"post-78173","1":"product","2":"type-product","3":"status-publish","4":"has-post-thumbnail","6":"product_cat-cigares","7":"product_cat-cigares-cubains","8":"product_cat-collection-privee","9":"product_cat-edicion-limitada","10":"product_cat-hard-to-find","11":"product_cat-les-meilleurs-cigares","12":"product_cat-romeo-y-julieta-cigares-cubains","13":"product_shipping_class-cigares","15":"first","16":"outofstock","17":"taxable","18":"shipping-taxable","19":"purchasable","20":"product-type-simple"},"acf":[],"_links":{"self":[{"href":"https:\/\/cigarquality.com\/ja\/wp-json\/wp\/v2\/product\/78173","targetHints":{"allow":["GET"]}}],"collection":[{"href":"https:\/\/cigarquality.com\/ja\/wp-json\/wp\/v2\/product"}],"about":[{"href":"https:\/\/cigarquality.com\/ja\/wp-json\/wp\/v2\/types\/product"}],"wp:featuredmedia":[{"embeddable":true,"href":"https:\/\/cigarquality.com\/ja\/wp-json\/wp\/v2\/media\/78171"}],"wp:attachment":[{"href":"https:\/\/cigarquality.com\/ja\/wp-json\/wp\/v2\/media?parent=78173"}],"wp:term":[{"taxonomy":"product_brand","embeddable":true,"href":"https:\/\/cigarquality.com\/ja\/wp-json\/wp\/v2\/product_brand?post=78173"},{"taxonomy":"product_cat","embeddable":true,"href":"https:\/\/cigarquality.com\/ja\/wp-json\/wp\/v2\/product_cat?post=78173"},{"taxonomy":"product_tag","embeddable":true,"href":"https:\/\/cigarquality.com\/ja\/wp-json\/wp\/v2\/product_tag?post=78173"}],"curies":[{"name":"wp","href":"https:\/\/api.w.org\/{rel}","templated":true}]}}